{"id":146285,"date":"2021-01-15T10:53:34","date_gmt":"2021-01-15T10:53:34","guid":{"rendered":"https:\/\/codengine3.ch\/?product=import-placeholder-for-205718"},"modified":"2021-01-15T14:43:22","modified_gmt":"2021-01-15T14:43:22","slug":"le-petit-train-dans-la-montagne-lalpe-45","status":"publish","type":"product","link":"https:\/\/pizbube.ch\/en\/shop\/le-petit-train-dans-la-montagne-lalpe-45\/","title":{"rendered":"Le petit train dans la montagne  (L`Alpe 45)"},"content":{"rendered":"<p>L`Alpe 45  <\/p>\n<p>Des dizaines de lignes ferroviaires impressionnantes sillonnent les Alpes<br \/>\neurop\u00e9ennes jusqu`\u00e0 des altitudes insoup\u00e7onn\u00e9es. Une autre fa\u00e7on, plus douce<br \/>\net respectueuse de l`environnement, de d\u00e9couvrir la montagne cet \u00e9t\u00e9.<br \/>\nEmbarquement imm\u00e9diat&#8230;  <\/p>\n<p>L`Alpe a souvent \u00e9voqu\u00e9 le th\u00e8me des transports en montagne et singuli\u00e8rement<br \/>\ncelui des chemins de fer et des grandes perc\u00e9es ferroviaires pass\u00e9es et<br \/>\nfutures. Jamais pourtant, les c\u00e9l\u00e8bres petits trains de montagne comme le<br \/>\nTramway du Mont-Blanc, le Glacier Express ou le Jungfraubahn n`avaient encore<br \/>\naiguis\u00e9 la curiosit\u00e9 de nos auteurs. Cet \u00e9t\u00e9, place, donc, au voyage dans des<br \/>\nsites vertigineux, avec un num\u00e9ro tr\u00e8s sp\u00e9cial qui s`int\u00e9ressera tout autant \u00e0<br \/>\nla naissance des chemins de fer en montagne lors de la r\u00e9volution<br \/>\nindustrielle, qu`\u00e0 la construction acrobatique de ces lignes d`altitude, \u00e0 la<br \/>\nconcurrence avec la route au fil du si\u00e8cle dernier ou \u00e0 l`exploitation de ces<br \/>\n\u00e9quipements dont la vocation, dor\u00e9navant exclusivement touristique, pourrait<br \/>\nbien \u00e9voluer dans les ann\u00e9es \u00e0 venir si les transports collectifs \u00e9taient<br \/>\namen\u00e9s \u00e0 se d\u00e9velopper fortement. Soit un tome qui fait la part belle au<br \/>\npatrimoine ferroviaire fran\u00e7ais, mais aussi suisse et italien, tout en se<br \/>\npenchant sur les grandes questions contemporaines d`am\u00e9nagement touristique.<br \/>\nCe num\u00e9ro accueillera \u00e9galement un guide pratique des petits trains de<br \/>\nmontagne et nos habituels articles pr\u00e9sentant les grands \u00e9v\u00e9nements culturels<br \/>\nde l`\u00e9t\u00e9 alpin.  <\/p>","protected":false},"excerpt":{"rendered":"<p>L`Alpe 45 Des dizaines de lignes ferroviaires impressionnantes sillonnent les Alpes europ\u00e9ennes jusqu`\u00e0 des altitudes insoup\u00e7onn\u00e9es. Une autre fa\u00e7on, plus douce et respectueuse de l`environnement, de d\u00e9couvrir la montagne cet \u00e9t\u00e9. Embarquement imm\u00e9diat&#8230; L`Alpe a souvent \u00e9voqu\u00e9 le th\u00e8me des transports en montagne et singuli\u00e8rement celui des chemins de fer et des grandes perc\u00e9es ferroviaires [&#8230;]\n","protected":false},"featured_media":34534,"template":"","meta":[],"product_brand":[],"product_cat":[21541],"product_tag":[],"class_list":{"0":"post-146285","1":"product","2":"type-product","3":"status-publish","4":"has-post-thumbnail","6":"product_cat-zeitschriften","7":"pa_autor-musee-dauphinois","8":"pa_erscheinungsjahr-21693","9":"pa_region-frankreich","10":"pa_sprache-fr","12":"first","13":"instock","14":"taxable","15":"shipping-taxable","16":"purchasable","17":"product-type-simple"},"_links":{"self":[{"href":"https:\/\/pizbube.ch\/en\/wp-json\/wp\/v2\/product\/146285","targetHints":{"allow":["GET"]}}],"collection":[{"href":"https:\/\/pizbube.ch\/en\/wp-json\/wp\/v2\/product"}],"about":[{"href":"https:\/\/pizbube.ch\/en\/wp-json\/wp\/v2\/types\/product"}],"wp:featuredmedia":[{"embeddable":true,"href":"https:\/\/pizbube.ch\/en\/wp-json\/wp\/v2\/media\/34534"}],"wp:attachment":[{"href":"https:\/\/pizbube.ch\/en\/wp-json\/wp\/v2\/media?parent=146285"}],"wp:term":[{"taxonomy":"product_brand","embeddable":true,"href":"https:\/\/pizbube.ch\/en\/wp-json\/wp\/v2\/product_brand?post=146285"},{"taxonomy":"product_cat","embeddable":true,"href":"https:\/\/pizbube.ch\/en\/wp-json\/wp\/v2\/product_cat?post=146285"},{"taxonomy":"product_tag","embeddable":true,"href":"https:\/\/pizbube.ch\/en\/wp-json\/wp\/v2\/product_tag?post=146285"}],"curies":[{"name":"wp","href":"https:\/\/api.w.org\/{rel}","templated":true}]}}