{"id":146286,"date":"2021-01-15T10:53:34","date_gmt":"2021-01-15T10:53:34","guid":{"rendered":"https:\/\/codengine3.ch\/?product=import-placeholder-for-204955"},"modified":"2021-01-15T14:37:35","modified_gmt":"2021-01-15T14:37:35","slug":"lalpe-20-enfants-des-montagnes","status":"publish","type":"product","link":"https:\/\/pizbube.ch\/en\/shop\/lalpe-20-enfants-des-montagnes\/","title":{"rendered":"L&#8217;Alpe 20 Enfants des montagnes"},"content":{"rendered":"<p>R\u00e9sum\u00e9 : &#8218;Mes jeunes ann\u00e9es courent dans la montagne&#8216; chante Tr\u00e9net dans une<br \/>\nchanson inspir\u00e9e par les Pyr\u00e9n\u00e9es dont la splendeur barrait l&#8217;horizon au sud<br \/>\nde sa Narbonne natale. Aucun de nous ayant connu la montagne dans son jeune<br \/>\n\u00e2ge ne se souviendra&#8216; du temps b\u00e9nit des premi\u00e8res saisons sans un pincement<br \/>\nau coeur, tant est puissante et souveraine la beaut\u00e9 du monde et de ses<br \/>\nsommets.<br \/>\n&#8218;Mais \u00e9taient-ils heureux ces enfants des montagnes riv\u00e9s \u00e0 leurs troupeaux<br \/>\ncomme la ch\u00e8vre de Monsieur Seguin \u00e0 sa corde &#8211; &#8217;se demande Roger Canac dans<br \/>\nson r\u00e9cit R\u00e9ganel ou la montagne \u00e0 vache. Pour l&#8217;enfant d&#8217;une banlieue triste,<br \/>\nla question ne se pose m\u00eame pas. Ni pour Heidi qui d\u00e9p\u00e9rit \u00e0 Francfort loin de<br \/>\nson &#8218;Heidiland&#8216; des Grisons, et dont l&#8217;histoire fut traduite en trente-cinq<br \/>\nlangues en moins d&#8217;un si\u00e8cle.<br \/>\nCondamn\u00e9s pour la plupart \u00e0 s&#8217;expatrier, les enfants des Alpes lou\u00e8rent leurs<br \/>\nbras et leurs savoirs aux bourgeois des grandes villes. Apprentis, ramoneurs,<br \/>\ncolporteurs, instituteurs ou domestiques, voire montreurs d&#8217;ours, ils<br \/>\nvoyag\u00e8rent \u00e0 travers toute l&#8217;Europe et pour certains vers les Am\u00e9riques.<\/p>","protected":false},"excerpt":{"rendered":"<p>R\u00e9sum\u00e9 : &#8218;Mes jeunes ann\u00e9es courent dans la montagne&#8216; chante Tr\u00e9net dans une chanson inspir\u00e9e par les Pyr\u00e9n\u00e9es dont la splendeur barrait l&#8217;horizon au sud de sa Narbonne natale. Aucun de nous ayant connu la montagne dans son jeune \u00e2ge ne se souviendra&#8216; du temps b\u00e9nit des premi\u00e8res saisons sans un pincement au coeur, tant [&#8230;]\n","protected":false},"featured_media":33516,"template":"","meta":[],"product_brand":[],"product_cat":[21541],"product_tag":[],"class_list":{"0":"post-146286","1":"product","2":"type-product","3":"status-publish","4":"has-post-thumbnail","6":"product_cat-zeitschriften","7":"pa_autor-lalpe-2","8":"pa_erscheinungsjahr-22292","9":"pa_region-frankreich","10":"pa_sprache-fr","12":"first","13":"instock","14":"taxable","15":"shipping-taxable","16":"purchasable","17":"product-type-simple"},"_links":{"self":[{"href":"https:\/\/pizbube.ch\/en\/wp-json\/wp\/v2\/product\/146286","targetHints":{"allow":["GET"]}}],"collection":[{"href":"https:\/\/pizbube.ch\/en\/wp-json\/wp\/v2\/product"}],"about":[{"href":"https:\/\/pizbube.ch\/en\/wp-json\/wp\/v2\/types\/product"}],"wp:featuredmedia":[{"embeddable":true,"href":"https:\/\/pizbube.ch\/en\/wp-json\/wp\/v2\/media\/33516"}],"wp:attachment":[{"href":"https:\/\/pizbube.ch\/en\/wp-json\/wp\/v2\/media?parent=146286"}],"wp:term":[{"taxonomy":"product_brand","embeddable":true,"href":"https:\/\/pizbube.ch\/en\/wp-json\/wp\/v2\/product_brand?post=146286"},{"taxonomy":"product_cat","embeddable":true,"href":"https:\/\/pizbube.ch\/en\/wp-json\/wp\/v2\/product_cat?post=146286"},{"taxonomy":"product_tag","embeddable":true,"href":"https:\/\/pizbube.ch\/en\/wp-json\/wp\/v2\/product_tag?post=146286"}],"curies":[{"name":"wp","href":"https:\/\/api.w.org\/{rel}","templated":true}]}}