{"id":146287,"date":"2021-01-15T10:53:34","date_gmt":"2021-01-15T10:53:34","guid":{"rendered":"https:\/\/codengine3.ch\/?product=import-placeholder-for-204954"},"modified":"2021-01-15T14:37:31","modified_gmt":"2021-01-15T14:37:31","slug":"lalpe-37-citadelles-daltitude","status":"publish","type":"product","link":"https:\/\/pizbube.ch\/en\/shop\/lalpe-37-citadelles-daltitude\/","title":{"rendered":"L&#8217;Alpe 37 : Citadelles d&#8217;altitude"},"content":{"rendered":"<p>T\u00e9moins d&#8217;anciennes tensions frontali\u00e8res, les forts exercent une v\u00e9ritable<br \/>\nfascination. Un patrimoine bruissant d&#8217;histoire(s) qui fait aujourd&#8217;hui<br \/>\nl&#8217;objet d&#8217;une mise en valeur. Plus vivantes que jamais, ces &#8217;sentinelles des<br \/>\nAlpes&#8216; accueillent d\u00e9sormais \u00e9v\u00e9nements festifs, mus\u00e9es et visiteurs.  <\/p>\n<p>Puissants t\u00e9moins des al\u00e9as de l&#8217;histoire, des fortifications \u00e9rig\u00e9es au fil<br \/>\ndes si\u00e8cles, des cr\u00eates et des cols, veillent d\u00e9sormais sur les alpages. Ligne<br \/>\nMaginot franco-italienne, vertigineux r\u00e9seau d&#8217;altitude perforant les<br \/>\nDolomites face \u00e0<br \/>\nl&#8217;Autriche, citadelles comme Brian\u00e7on ou fortins suisses dissimul\u00e9s dans de<br \/>\nfaux chalets, ces \u00e9difices suscitent aujourd&#8217;hui un formidable int\u00e9r\u00eat. Ainsi<br \/>\nde l&#8217;op\u00e9ration &#8218;Sentinelles des Alpes&#8216;, qui r\u00e9unit l&#8217;Italie et la France dans<br \/>\nun travail commun de r\u00e9habilitation.  <\/p>","protected":false},"excerpt":{"rendered":"<p>T\u00e9moins d&#8217;anciennes tensions frontali\u00e8res, les forts exercent une v\u00e9ritable fascination. Un patrimoine bruissant d&#8217;histoire(s) qui fait aujourd&#8217;hui l&#8217;objet d&#8217;une mise en valeur. Plus vivantes que jamais, ces &#8217;sentinelles des Alpes&#8216; accueillent d\u00e9sormais \u00e9v\u00e9nements festifs, mus\u00e9es et visiteurs. Puissants t\u00e9moins des al\u00e9as de l&#8217;histoire, des fortifications \u00e9rig\u00e9es au fil des si\u00e8cles, des cr\u00eates et des cols, [&#8230;]\n","protected":false},"featured_media":33515,"template":"","meta":[],"product_brand":[],"product_cat":[21541],"product_tag":[],"class_list":{"0":"post-146287","1":"product","2":"type-product","3":"status-publish","4":"has-post-thumbnail","6":"product_cat-zeitschriften","7":"pa_autor-glenat","8":"pa_erscheinungsjahr-22292","9":"pa_region-frankreich","10":"pa_sprache-fr","12":"first","13":"instock","14":"taxable","15":"shipping-taxable","16":"purchasable","17":"product-type-simple"},"_links":{"self":[{"href":"https:\/\/pizbube.ch\/en\/wp-json\/wp\/v2\/product\/146287","targetHints":{"allow":["GET"]}}],"collection":[{"href":"https:\/\/pizbube.ch\/en\/wp-json\/wp\/v2\/product"}],"about":[{"href":"https:\/\/pizbube.ch\/en\/wp-json\/wp\/v2\/types\/product"}],"wp:featuredmedia":[{"embeddable":true,"href":"https:\/\/pizbube.ch\/en\/wp-json\/wp\/v2\/media\/33515"}],"wp:attachment":[{"href":"https:\/\/pizbube.ch\/en\/wp-json\/wp\/v2\/media?parent=146287"}],"wp:term":[{"taxonomy":"product_brand","embeddable":true,"href":"https:\/\/pizbube.ch\/en\/wp-json\/wp\/v2\/product_brand?post=146287"},{"taxonomy":"product_cat","embeddable":true,"href":"https:\/\/pizbube.ch\/en\/wp-json\/wp\/v2\/product_cat?post=146287"},{"taxonomy":"product_tag","embeddable":true,"href":"https:\/\/pizbube.ch\/en\/wp-json\/wp\/v2\/product_tag?post=146287"}],"curies":[{"name":"wp","href":"https:\/\/api.w.org\/{rel}","templated":true}]}}