{"id":146288,"date":"2021-01-15T10:53:34","date_gmt":"2021-01-15T10:53:34","guid":{"rendered":"https:\/\/codengine3.ch\/?product=import-placeholder-for-205385"},"modified":"2021-01-15T14:40:48","modified_gmt":"2021-01-15T14:40:48","slug":"o-lacs-lalpe-41","status":"publish","type":"product","link":"https:\/\/pizbube.ch\/en\/shop\/o-lacs-lalpe-41\/","title":{"rendered":"\u00d4 lacs! L&#8217;Alpe 41"},"content":{"rendered":"<p>Les lacs sont un attrait majeur des paysages alpins. Lieux romantiques par<br \/>\nexcellence, tr\u00e8s pris\u00e9s des artistes et des touristes, ils participent \u00e0 la<br \/>\nbeaut\u00e9 et \u00e0 l&#8217;\u00e9conomie des Alpes. De la p\u00eache \u00e0 la r\u00e9gate, de la peinture aux<br \/>\nmarins d&#8217;eau douce, une plong\u00e9e rafra\u00eechissante!  <\/p>\n<p>Creus\u00e9s par les glaciers, des lacs de toute taille pars\u00e8ment les r\u00e9gions<br \/>\nalpines, participant \u00e0 leur agr\u00e9ment. Leurs rives ont attir\u00e9 les hommes depuis<br \/>\nles temps pr\u00e9historiques et largement contribu\u00e9 \u00e0 l&#8217;essor du tourisme. Ces<br \/>\nplans d&#8217;eau dans leur \u00e9crin de montagnes ont s\u00e9duit les artistes et sont<br \/>\ndevenus des lieux de vill\u00e9giature particuli\u00e8rement pris\u00e9s. Alors que les lacs<br \/>\nd&#8217;altitude sont des buts de promenade appr\u00e9ci\u00e9s, les plus importants,<br \/>\nv\u00e9ritables petites mers int\u00e9rieures, sont sillonn\u00e9s depuis des si\u00e8cles par des<br \/>\nembarcations, pour le transport des marchandises, la p\u00eache ou les loisirs. Ils<br \/>\nont aussi suscit\u00e9 des vocations de navigateurs et servi de terrain<br \/>\nd&#8217;entra\u00eenement \u00e0 la marine suisse!  <\/p>","protected":false},"excerpt":{"rendered":"<p>Les lacs sont un attrait majeur des paysages alpins. Lieux romantiques par excellence, tr\u00e8s pris\u00e9s des artistes et des touristes, ils participent \u00e0 la beaut\u00e9 et \u00e0 l&#8217;\u00e9conomie des Alpes. De la p\u00eache \u00e0 la r\u00e9gate, de la peinture aux marins d&#8217;eau douce, une plong\u00e9e rafra\u00eechissante! Creus\u00e9s par les glaciers, des lacs de toute taille [&#8230;]\n","protected":false},"featured_media":34071,"template":"","meta":[],"product_brand":[],"product_cat":[21541],"product_tag":[],"class_list":{"0":"post-146288","1":"product","2":"type-product","3":"status-publish","4":"has-post-thumbnail","6":"product_cat-zeitschriften","7":"pa_autor-glenat","8":"pa_erscheinungsjahr-21591","9":"pa_region-frankreich","10":"pa_sprache-e","11":"pa_sprache-f","12":"pa_sprache-i","14":"first","15":"instock","16":"taxable","17":"shipping-taxable","18":"purchasable","19":"product-type-simple"},"_links":{"self":[{"href":"https:\/\/pizbube.ch\/en\/wp-json\/wp\/v2\/product\/146288","targetHints":{"allow":["GET"]}}],"collection":[{"href":"https:\/\/pizbube.ch\/en\/wp-json\/wp\/v2\/product"}],"about":[{"href":"https:\/\/pizbube.ch\/en\/wp-json\/wp\/v2\/types\/product"}],"wp:featuredmedia":[{"embeddable":true,"href":"https:\/\/pizbube.ch\/en\/wp-json\/wp\/v2\/media\/34071"}],"wp:attachment":[{"href":"https:\/\/pizbube.ch\/en\/wp-json\/wp\/v2\/media?parent=146288"}],"wp:term":[{"taxonomy":"product_brand","embeddable":true,"href":"https:\/\/pizbube.ch\/en\/wp-json\/wp\/v2\/product_brand?post=146288"},{"taxonomy":"product_cat","embeddable":true,"href":"https:\/\/pizbube.ch\/en\/wp-json\/wp\/v2\/product_cat?post=146288"},{"taxonomy":"product_tag","embeddable":true,"href":"https:\/\/pizbube.ch\/en\/wp-json\/wp\/v2\/product_tag?post=146288"}],"curies":[{"name":"wp","href":"https:\/\/api.w.org\/{rel}","templated":true}]}}