{"id":146289,"date":"2021-01-15T10:53:34","date_gmt":"2021-01-15T10:53:34","guid":{"rendered":"https:\/\/codengine3.ch\/?product=import-placeholder-for-200753"},"modified":"2021-01-15T11:00:35","modified_gmt":"2021-01-15T11:00:35","slug":"lumiere-de-neige","status":"publish","type":"product","link":"https:\/\/pizbube.ch\/en\/shop\/lumiere-de-neige\/","title":{"rendered":"Lumi\u00e8re de Neige"},"content":{"rendered":"<p>&#8218;Oui, la neige vous prend, comme une amie dont il faut se m\u00e9fier&#8216;. Richard<br \/>\nLambert est tellement passionn\u00e9 qu&#8217;il est devenu professionnel, &#8218;expert neige-<br \/>\navalanches&#8216;. Mais l&#8217;homme conna\u00eet sa muse, elle est capricieuse et dangereuse.<br \/>\nPour tenter de l&#8217;apprivoiser, Richard Lambert l&#8217;a photographi\u00e9e durant 26 ans,<br \/>\ndans tous ses \u00e9tats : des centaines de clich\u00e9s consacrent le givre, la glace,<br \/>\nles beaut\u00e9s \u00e9ph\u00e9m\u00e8res de l&#8217;hiver et marient science et po\u00e9sie.<br \/>\nFormat 23 X 23 cm., couverture souple une centaine de photos en couleur, 187<br \/>\npages<\/p>","protected":false},"excerpt":{"rendered":"<p>&#8218;Oui, la neige vous prend, comme une amie dont il faut se m\u00e9fier&#8216;. Richard Lambert est tellement passionn\u00e9 qu&#8217;il est devenu professionnel, &#8218;expert neige- avalanches&#8216;. Mais l&#8217;homme conna\u00eet sa muse, elle est capricieuse et dangereuse. Pour tenter de l&#8217;apprivoiser, Richard Lambert l&#8217;a photographi\u00e9e durant 26 ans, dans tous ses \u00e9tats : des centaines de clich\u00e9s [&#8230;]\n","protected":false},"featured_media":27803,"template":"","meta":[],"product_brand":[],"product_cat":[21580],"product_tag":[],"class_list":{"0":"post-146289","1":"product","2":"type-product","3":"status-publish","4":"has-post-thumbnail","6":"product_cat-kunst-kultur","7":"pa_autor-lambert","8":"pa_erscheinungsjahr-21776","9":"pa_region-frankreich","10":"pa_sprache-fr","12":"first","13":"instock","14":"taxable","15":"shipping-taxable","16":"purchasable","17":"product-type-simple"},"_links":{"self":[{"href":"https:\/\/pizbube.ch\/en\/wp-json\/wp\/v2\/product\/146289","targetHints":{"allow":["GET"]}}],"collection":[{"href":"https:\/\/pizbube.ch\/en\/wp-json\/wp\/v2\/product"}],"about":[{"href":"https:\/\/pizbube.ch\/en\/wp-json\/wp\/v2\/types\/product"}],"wp:featuredmedia":[{"embeddable":true,"href":"https:\/\/pizbube.ch\/en\/wp-json\/wp\/v2\/media\/27803"}],"wp:attachment":[{"href":"https:\/\/pizbube.ch\/en\/wp-json\/wp\/v2\/media?parent=146289"}],"wp:term":[{"taxonomy":"product_brand","embeddable":true,"href":"https:\/\/pizbube.ch\/en\/wp-json\/wp\/v2\/product_brand?post=146289"},{"taxonomy":"product_cat","embeddable":true,"href":"https:\/\/pizbube.ch\/en\/wp-json\/wp\/v2\/product_cat?post=146289"},{"taxonomy":"product_tag","embeddable":true,"href":"https:\/\/pizbube.ch\/en\/wp-json\/wp\/v2\/product_tag?post=146289"}],"curies":[{"name":"wp","href":"https:\/\/api.w.org\/{rel}","templated":true}]}}