{"id":146290,"date":"2021-01-15T10:53:34","date_gmt":"2021-01-15T10:53:34","guid":{"rendered":"https:\/\/codengine3.ch\/?product=import-placeholder-for-208349"},"modified":"2021-05-21T15:33:35","modified_gmt":"2021-05-21T13:33:35","slug":"des-scientifiques-dans-la-montagne-lalpe-60","status":"publish","type":"product","link":"https:\/\/pizbube.ch\/en\/shop\/des-scientifiques-dans-la-montagne-lalpe-60\/","title":{"rendered":"Des scientifiques dans la montagne &#8211; L&#8217;Alpe 60"},"content":{"rendered":"<p>Les Alpes ont toujours attir\u00e9 les scientifiques. D\u00e8s le XVe si\u00e8cle, Leonard de<br \/>\nVinci, g\u00e9ologue et ascensionniste, est le premier \u00e0 adopter un regard<br \/>\nnaturaliste et \u00e0 proposer une des premi\u00e8res th\u00e9ories sur l\u2019origine des<br \/>\nfossiles. Philippe Buache, lui, invente la charpente de la Terre, une approche<br \/>\nerron\u00e9e sur la localisation des chaines de montagnes, mais magnifiquement<br \/>\nillustr\u00e9e et immens\u00e9ment influente jusqu\u2019au milieu du XIXe si\u00e8cle. Dolomieu et<br \/>\nHorace-B\u00e9n\u00e9dict de Saussure d\u00e9veloppent, quant \u00e0 eux, l\u2019histoire naturelle sur<br \/>\nle terrain alpin et jusqu\u2019au sommet du mont Blanc.<\/p>\n<p>Les montagnes jouent encore un r\u00f4le consid\u00e9rable dans la conception du Cosmos<br \/>\nselon Alexandre von Humboldt, et illustrent \u00e0 merveille son souci de combiner<br \/>\nune approche rationnelle et sensible de la nature. Que dire enfin, de la<br \/>\nrecherche sur les glaciers ? Th\u00e8me aujourd\u2019hui tr\u00e8s porteur en raison des<br \/>\n\u00e9volutions climatiques mais qui fut pourtant analys\u00e9 d\u00e8s le XIXe si\u00e8cle par<br \/>\nAgassiz ou Viollet-le-Duc et permit d\u2019affiner le savoir sur l\u2019\u00e2ge glaciaire.<\/p>\n<p>Plus tard, ce seront les g\u00e9ographes comme Raoul Blanchard ou les ethnologues<br \/>\ncomme Hippolyte M\u00fcller ou Bernard Crettaz qui feront encore avancer la<br \/>\nconnaissance sur les Alpes en s\u2019attachant notamment aux hommes et aux femmes<br \/>\nde la montagne. Une passionnante saga scientifique.<\/p>","protected":false},"excerpt":{"rendered":"<p>Les Alpes ont toujours attir\u00e9 les scientifiques. D\u00e8s le XVe si\u00e8cle, Leonard de Vinci, g\u00e9ologue et ascensionniste, est le premier \u00e0 adopter un regard naturaliste et \u00e0 proposer une des premi\u00e8res th\u00e9ories sur l\u2019origine des fossiles. Philippe Buache, lui, invente la charpente de la Terre, une approche erron\u00e9e sur la localisation des chaines de montagnes, [&#8230;]\n","protected":false},"featured_media":41114,"template":"","meta":[],"product_brand":[],"product_cat":[21541],"product_tag":[],"class_list":{"0":"post-146290","1":"product","2":"type-product","3":"status-publish","4":"has-post-thumbnail","6":"product_cat-zeitschriften","7":"pa_autor-musee-dauphinois-glenat","8":"pa_erscheinungsjahr-21568","9":"pa_region-frankreich","10":"pa_sprache-fr","12":"first","13":"onbackorder","14":"taxable","15":"shipping-taxable","16":"purchasable","17":"product-type-simple"},"_links":{"self":[{"href":"https:\/\/pizbube.ch\/en\/wp-json\/wp\/v2\/product\/146290","targetHints":{"allow":["GET"]}}],"collection":[{"href":"https:\/\/pizbube.ch\/en\/wp-json\/wp\/v2\/product"}],"about":[{"href":"https:\/\/pizbube.ch\/en\/wp-json\/wp\/v2\/types\/product"}],"wp:featuredmedia":[{"embeddable":true,"href":"https:\/\/pizbube.ch\/en\/wp-json\/wp\/v2\/media\/41114"}],"wp:attachment":[{"href":"https:\/\/pizbube.ch\/en\/wp-json\/wp\/v2\/media?parent=146290"}],"wp:term":[{"taxonomy":"product_brand","embeddable":true,"href":"https:\/\/pizbube.ch\/en\/wp-json\/wp\/v2\/product_brand?post=146290"},{"taxonomy":"product_cat","embeddable":true,"href":"https:\/\/pizbube.ch\/en\/wp-json\/wp\/v2\/product_cat?post=146290"},{"taxonomy":"product_tag","embeddable":true,"href":"https:\/\/pizbube.ch\/en\/wp-json\/wp\/v2\/product_tag?post=146290"}],"curies":[{"name":"wp","href":"https:\/\/api.w.org\/{rel}","templated":true}]}}