{"id":146296,"date":"2021-01-15T10:53:34","date_gmt":"2021-01-15T10:53:34","guid":{"rendered":"https:\/\/codengine3.ch\/?product=import-placeholder-for-204313"},"modified":"2022-04-02T15:13:19","modified_gmt":"2022-04-02T13:13:19","slug":"rock-climbing-atlas-greece-the-middle-east","status":"publish","type":"product","link":"https:\/\/pizbube.ch\/en\/shop\/rock-climbing-atlas-greece-the-middle-east\/","title":{"rendered":"Rock Climbing Atlas Greece &amp; The Middle East"},"content":{"rendered":"<p>Each Rock Climbing Atlas contains detailed information about the best climbing<br \/>\nareas in each country:<br \/>\nDetailed information about each crag: Number of routes, Level of difficulty,<br \/>\nQuality of bolting, Face direction &amp; weather suitability.<br \/>\nNecessary information about each climbing area:<br \/>\nHow to get there and how to move around. Where to stay. Where to find the<br \/>\nlocal climbing guidebook, Other things to see &amp; do on restdays.<br \/>\nRelevant information and facts about each country: climate, costs of<br \/>\ntravelling, accommodation, food, etc..<br \/>\nClear maps and route descriptions to each crag with the GPS waypoints of the<br \/>\nparking and the location of the crags.<br \/>\nA large number of high quality photos and maps.<\/p>\n<p>Unlock the secrets of the Sinai dessert after having climbed superb routes in<br \/>\nEgypt.<br \/>\nExperience Greece&#8217;s wild tufa climbing.<br \/>\nPrepare yourself for climbing in some of the world&#8217;s most astonishing<br \/>\nlandscape in Jordan.<br \/>\nTravel around beautiful Lebanon and climb the well-bolted sports routes.<br \/>\nGet to know Syria &#8211; one of the most unexpected climbing destinations of the<br \/>\nworld.<br \/>\nExplore the unlimited climbing opportunities in Turkey.<\/p>\n<p>Mit dem zweiten Band der Serie werden neben Griechenland auch die<br \/>\nKletterm\u00f6glichkeiten in \u00c4gypten, Jordanien, Libanon, Syrien und der T\u00fcrkei<br \/>\nvorgestellt.<br \/>\nDie B\u00fccher aus der Rock Climbing Atlas Serie sind in leicht zu verstehendem<br \/>\nEnglisch geschrieben. Sie enthalten keine eigenen Topos, sondern weisen die<br \/>\nLeser auf die jeweiligen lokalen F\u00fchrer hin.<\/p>","protected":false},"excerpt":{"rendered":"<ul>\n<li><a href=\"https:\/\/pizbube.ch\/wp-content\/uploads\/attachments\/a_005\/3F0BACEFBF756B6BB6BD6151CB24E3B3.pdf\" target=\"_blank\" rel=\"noopener\">PDF: Greece &amp; The Middle East Leseprobe<\/a><\/li>\n<li><a href=\"https:\/\/pizbube.ch\/wp-content\/uploads\/attachments\/a_005\/3FB2D0C8C1F4165982995578F83AF020.pdf\" target=\"_blank\" rel=\"noopener\">PDF: Greece &amp; The Middle East_inhalt<\/a><\/li>\n<\/ul>","protected":false},"featured_media":32145,"template":"","meta":[],"product_brand":[],"product_cat":[21539],"product_tag":[],"class_list":{"0":"post-146296","1":"product","2":"type-product","3":"status-publish","4":"has-post-thumbnail","6":"product_cat-fuehrerliteratur-sportklettern-bouldern","7":"pa_autor-groenewegen-van-den-berg","8":"pa_erscheinungsjahr-21763","9":"pa_region-osteuropa","10":"pa_sprache-en","12":"first","13":"outofstock","14":"taxable","15":"shipping-taxable","16":"purchasable","17":"product-type-simple"},"_links":{"self":[{"href":"https:\/\/pizbube.ch\/en\/wp-json\/wp\/v2\/product\/146296","targetHints":{"allow":["GET"]}}],"collection":[{"href":"https:\/\/pizbube.ch\/en\/wp-json\/wp\/v2\/product"}],"about":[{"href":"https:\/\/pizbube.ch\/en\/wp-json\/wp\/v2\/types\/product"}],"wp:featuredmedia":[{"embeddable":true,"href":"https:\/\/pizbube.ch\/en\/wp-json\/wp\/v2\/media\/32145"}],"wp:attachment":[{"href":"https:\/\/pizbube.ch\/en\/wp-json\/wp\/v2\/media?parent=146296"}],"wp:term":[{"taxonomy":"product_brand","embeddable":true,"href":"https:\/\/pizbube.ch\/en\/wp-json\/wp\/v2\/product_brand?post=146296"},{"taxonomy":"product_cat","embeddable":true,"href":"https:\/\/pizbube.ch\/en\/wp-json\/wp\/v2\/product_cat?post=146296"},{"taxonomy":"product_tag","embeddable":true,"href":"https:\/\/pizbube.ch\/en\/wp-json\/wp\/v2\/product_tag?post=146296"}],"curies":[{"name":"wp","href":"https:\/\/api.w.org\/{rel}","templated":true}]}}