{"id":146298,"date":"2021-01-15T10:53:34","date_gmt":"2021-01-15T10:53:34","guid":{"rendered":"https:\/\/codengine3.ch\/?product=import-placeholder-for-204575"},"modified":"2024-01-05T13:56:32","modified_gmt":"2024-01-05T12:56:32","slug":"sneznik-bouldertopo","status":"publish","type":"product","link":"https:\/\/pizbube.ch\/en\/shop\/sneznik-bouldertopo\/","title":{"rendered":"Sneznik Bouldertopo"},"content":{"rendered":"<p>Zdenek Suchy und Ondra Benes haben ein gro\u00dfes Werk vollendet und einen F\u00fchrer<br \/>\ngemacht, dem man die Leidenschaft f\u00fcrs Bouldern anmerkt. Die detaillierten<br \/>\nFototopos bieten farblich codierte Linien (gelb-blau-gr\u00fcn-rot in ansteigender<br \/>\nSchwierigkeit) und lassen keine W\u00fcnsche offen. Mitrei\u00dfende Fotografien und<br \/>\ninteressante Interviews mit den Protagonisten runden das Werk ab.<\/p>\n<p>Das Werk ist zweisprachig (Tschechisch-Englisch). Was wird das f\u00fcr eine<br \/>\nFreude, durch das Fontainebleau des Ostens mit dem brandaktuellen F\u00fchrer zu<br \/>\nziehen!<\/p>\n<p>Das Buch beinhaltet die Boulder des bisherigen Sneznik-F\u00fchrers + des Eastside-<br \/>\nF\u00fchrers + neuere Probleme (z.B. ganz neuer Sektor an der S\u00fcdseite des<br \/>\nSchneebergs).<\/p>\n<p>Auflage 2020;<br \/>\n356 Seiten<\/p>","protected":false},"excerpt":{"rendered":"<p>Zdenek Suchy und Ondra Benes haben ein gro\u00dfes Werk vollendet und einen F\u00fchrer gemacht, dem man die Leidenschaft f\u00fcrs Bouldern anmerkt. Die detaillierten Fototopos bieten farblich codierte Linien (gelb-blau-gr\u00fcn-rot in ansteigender Schwierigkeit) und lassen keine W\u00fcnsche offen. Mitrei\u00dfende Fotografien und interessante Interviews mit den Protagonisten runden das Werk ab. Das Werk ist zweisprachig (Tschechisch-Englisch). Was [&#8230;]\n","protected":false},"featured_media":171015,"template":"","meta":[],"product_brand":[],"product_cat":[21539],"product_tag":[],"class_list":{"0":"post-146298","1":"product","2":"type-product","3":"status-publish","4":"has-post-thumbnail","6":"product_cat-fuehrerliteratur-sportklettern-bouldern","7":"pa_autor-suchy-benes","8":"pa_erscheinungsjahr-21558","9":"pa_region-osteuropa","10":"pa_sprache-de-en-tsch","12":"first","13":"instock","14":"taxable","15":"shipping-taxable","16":"purchasable","17":"product-type-simple"},"_links":{"self":[{"href":"https:\/\/pizbube.ch\/en\/wp-json\/wp\/v2\/product\/146298","targetHints":{"allow":["GET"]}}],"collection":[{"href":"https:\/\/pizbube.ch\/en\/wp-json\/wp\/v2\/product"}],"about":[{"href":"https:\/\/pizbube.ch\/en\/wp-json\/wp\/v2\/types\/product"}],"wp:featuredmedia":[{"embeddable":true,"href":"https:\/\/pizbube.ch\/en\/wp-json\/wp\/v2\/media\/171015"}],"wp:attachment":[{"href":"https:\/\/pizbube.ch\/en\/wp-json\/wp\/v2\/media?parent=146298"}],"wp:term":[{"taxonomy":"product_brand","embeddable":true,"href":"https:\/\/pizbube.ch\/en\/wp-json\/wp\/v2\/product_brand?post=146298"},{"taxonomy":"product_cat","embeddable":true,"href":"https:\/\/pizbube.ch\/en\/wp-json\/wp\/v2\/product_cat?post=146298"},{"taxonomy":"product_tag","embeddable":true,"href":"https:\/\/pizbube.ch\/en\/wp-json\/wp\/v2\/product_tag?post=146298"}],"curies":[{"name":"wp","href":"https:\/\/api.w.org\/{rel}","templated":true}]}}