{"id":146299,"date":"2021-01-15T10:53:34","date_gmt":"2021-01-15T10:53:34","guid":{"rendered":"https:\/\/codengine3.ch\/?product=import-placeholder-for-207388"},"modified":"2024-10-15T09:29:07","modified_gmt":"2024-10-15T07:29:07","slug":"rock-climbing-guide-for-turkey","status":"publish","type":"product","link":"https:\/\/pizbube.ch\/en\/shop\/rock-climbing-guide-for-turkey\/","title":{"rendered":"Rock Climbing Guide For Turkey"},"content":{"rendered":"<p>This rock climbing guide includes 1087 routes set between 1972 and 2018 in the<br \/>\nfollowing regions: Ball\u0131kayalar (Istanbul\/Kocaeli), Geyve (Sakarya), G\u00f6lpazar\u0131<br \/>\n(Bilecik), Pelit\u00f6z\u00fc (Bilecik), Narl\u0131dere (Bursa), Oylat (Bursa),<br \/>\nKaynaklar(Izmir), Anavarza (Adana), Levent Valley (Malatya), Kemaliye<br \/>\n(Erzincan), Gargasuyu (Cyprus).<\/p>\n<p>The climbing regions covered in the previously published four books which also<br \/>\nbear my signature (Ball\u0131kayalar, Do\u011fan Palut\/Haldun Ayd\u0131ng\u00fcn, Homer Kitabevi,<br \/>\n2002; T\u00fcrkiye Kaya T\u0131rman\u0131\u015f Rotalar\u0131, Do\u011fan Palut\/\u00d6zt\u00fcrk Kay\u0131k\u00e7\u0131, XI Art\u0131<br \/>\nKitaplar\u0131, 2003; Erzincan\/Kemaliye, Do\u011fan Palut, 2009; Bat\u0131 T\u00fcrkiye Kaya Kaya<br \/>\nT\u0131rman\u0131\u015f Rehberi, Do\u011fan Palut, 2012), are updated and 4 new regions are added.<br \/>\nThese are Geyve, Oylat, Levent Valley and Gargasuyu.<\/p>\n<p>In this book of 277 pages you would find all the rock climbing routes set by<br \/>\nsport and traditional style in the 10 climbing regions of 8 districts and<br \/>\nGargasuyu in Cyprus.<\/p>\n<p>The climbing regions covered in the guide include various notes such as<br \/>\nClimbing History\/General Information, Travel\/Logistics, Climate, Equipment,<br \/>\nWarnings, First Aid and Medical Assistance, Rest Days, Access to the Sectors,<br \/>\nOverall Evaluation of the Sectors, Route Drawings, Route Tables, Climbing<br \/>\nPhotos, Index and Difficulty Grades Conversion Table and other additional<br \/>\ninformation.<\/p>\n<p>All the routes are illustrated on full colour photographs, topo style, with<br \/>\nboth French grades and UIAA grades, along with the route length and the number<br \/>\nof bolts. At the start of each area there is a general description, a location<br \/>\nmap, detailed instructions on how to get to the crag, and the best time of the<br \/>\nyear to visit.<\/p>\n<p>Published in May 2018, this guidebook is in Turkish and English text<br \/>\nthroughout.<\/p>\n<p>Number of pages is 277.<br \/>\nSize is 150mm x 210mm (A5 format).<\/p>","protected":false},"excerpt":{"rendered":"<p>This rock climbing guide includes 1087 routes set between 1972 and 2018 in the following regions: Ball\u0131kayalar (Istanbul\/Kocaeli), Geyve (Sakarya), G\u00f6lpazar\u0131 (Bilecik), Pelit\u00f6z\u00fc (Bilecik), Narl\u0131dere (Bursa), Oylat (Bursa), Kaynaklar(Izmir), Anavarza (Adana), Levent Valley (Malatya), Kemaliye (Erzincan), Gargasuyu (Cyprus). The climbing regions covered in the previously published four books which also bear my signature (Ball\u0131kayalar, Do\u011fan [&#8230;]\n","protected":false},"featured_media":164885,"template":"","meta":[],"product_brand":[],"product_cat":[21539],"product_tag":[27208],"class_list":{"0":"post-146299","1":"product","2":"type-product","3":"status-publish","4":"has-post-thumbnail","6":"product_cat-fuehrerliteratur-sportklettern-bouldern","7":"product_tag-tuerkei","8":"pa_autor-palut","9":"pa_erscheinungsjahr-21546","10":"pa_region-osteuropa","11":"pa_sprache-en","13":"first","14":"outofstock","15":"taxable","16":"shipping-taxable","17":"purchasable","18":"product-type-simple"},"_links":{"self":[{"href":"https:\/\/pizbube.ch\/en\/wp-json\/wp\/v2\/product\/146299","targetHints":{"allow":["GET"]}}],"collection":[{"href":"https:\/\/pizbube.ch\/en\/wp-json\/wp\/v2\/product"}],"about":[{"href":"https:\/\/pizbube.ch\/en\/wp-json\/wp\/v2\/types\/product"}],"wp:featuredmedia":[{"embeddable":true,"href":"https:\/\/pizbube.ch\/en\/wp-json\/wp\/v2\/media\/164885"}],"wp:attachment":[{"href":"https:\/\/pizbube.ch\/en\/wp-json\/wp\/v2\/media?parent=146299"}],"wp:term":[{"taxonomy":"product_brand","embeddable":true,"href":"https:\/\/pizbube.ch\/en\/wp-json\/wp\/v2\/product_brand?post=146299"},{"taxonomy":"product_cat","embeddable":true,"href":"https:\/\/pizbube.ch\/en\/wp-json\/wp\/v2\/product_cat?post=146299"},{"taxonomy":"product_tag","embeddable":true,"href":"https:\/\/pizbube.ch\/en\/wp-json\/wp\/v2\/product_tag?post=146299"}],"curies":[{"name":"wp","href":"https:\/\/api.w.org\/{rel}","templated":true}]}}