{"id":146302,"date":"2021-01-15T10:53:34","date_gmt":"2021-01-15T10:53:34","guid":{"rendered":"https:\/\/codengine3.ch\/?product=import-placeholder-for-200035"},"modified":"2021-01-15T10:53:40","modified_gmt":"2021-01-15T10:53:40","slug":"vtt-pyrenees-vol-3-hautes-pyrenees-et-aragon-est","status":"publish","type":"product","link":"https:\/\/pizbube.ch\/en\/shop\/vtt-pyrenees-vol-3-hautes-pyrenees-et-aragon-est\/","title":{"rendered":"VTT Pyr\u00e9n\u00e9es vol.3 &#8211; Hautes-Pyr\u00e9n\u00e9es et Aragon Est"},"content":{"rendered":"<p>\nLe must du VTT dans les Pyr\u00e9n\u00e9es.<\/p>\n<p>Apr\u00e8s les deux premiers volumes consacr\u00e9s \u00e0 l\u2019ouest du massif, Robert<br \/>\nLarrandaburu nous emm\u00e8ne dans le Paradis du VTT. Tout d\u2019abord c\u00f4t\u00e9 fran\u00e7ais<br \/>\navec de magnifiques envol\u00e9es dans la vall\u00e9e des Gaves domin\u00e9e par Cauterets,<br \/>\nGavarnie et Bar\u00e8ges puis en Bigorre dans les vall\u00e9es de Bagn\u00e8res, Saint-Lary<br \/>\net de Val Louron o\u00f9 des sentes plus que plaisantes vous accueillent.<\/p>\n<p>C\u00f4t\u00e9 espagnol, avec une m\u00e9t\u00e9o plus favorable, un terrain tr\u00e8s souvent sec et<br \/>\nune v\u00e9g\u00e9tation m\u00e9diterran\u00e9enne, l\u2019Aragon, destination incontournable du VTT<br \/>\ndans les Pyr\u00e9n\u00e9es, vous attend, avec, cerise sur le g\u00e2teau, un parcours de<br \/>\ndeux jours autour de Bielsa.<\/p>","protected":false},"excerpt":{"rendered":"<p>Le must du VTT dans les Pyr\u00e9n\u00e9es. Apr\u00e8s les deux premiers volumes consacr\u00e9s \u00e0 l\u2019ouest du massif, Robert Larrandaburu nous emm\u00e8ne dans le Paradis du VTT. Tout d\u2019abord c\u00f4t\u00e9 fran\u00e7ais avec de magnifiques envol\u00e9es dans la vall\u00e9e des Gaves domin\u00e9e par Cauterets, Gavarnie et Bar\u00e8ges puis en Bigorre dans les vall\u00e9es de Bagn\u00e8res, Saint-Lary et [&#8230;]\n","protected":false},"featured_media":25750,"template":"","meta":[],"product_brand":[],"product_cat":[21606],"product_tag":[],"class_list":{"0":"post-146302","1":"product","2":"type-product","3":"status-publish","4":"has-post-thumbnail","6":"product_cat-mountainbikefuehrer","7":"pa_autor-larrandaburu","8":"pa_erscheinungsjahr-21574","9":"pa_region-spanien","10":"pa_sprache-fr","12":"first","13":"instock","14":"taxable","15":"shipping-taxable","16":"purchasable","17":"product-type-simple"},"_links":{"self":[{"href":"https:\/\/pizbube.ch\/en\/wp-json\/wp\/v2\/product\/146302","targetHints":{"allow":["GET"]}}],"collection":[{"href":"https:\/\/pizbube.ch\/en\/wp-json\/wp\/v2\/product"}],"about":[{"href":"https:\/\/pizbube.ch\/en\/wp-json\/wp\/v2\/types\/product"}],"wp:featuredmedia":[{"embeddable":true,"href":"https:\/\/pizbube.ch\/en\/wp-json\/wp\/v2\/media\/25750"}],"wp:attachment":[{"href":"https:\/\/pizbube.ch\/en\/wp-json\/wp\/v2\/media?parent=146302"}],"wp:term":[{"taxonomy":"product_brand","embeddable":true,"href":"https:\/\/pizbube.ch\/en\/wp-json\/wp\/v2\/product_brand?post=146302"},{"taxonomy":"product_cat","embeddable":true,"href":"https:\/\/pizbube.ch\/en\/wp-json\/wp\/v2\/product_cat?post=146302"},{"taxonomy":"product_tag","embeddable":true,"href":"https:\/\/pizbube.ch\/en\/wp-json\/wp\/v2\/product_tag?post=146302"}],"curies":[{"name":"wp","href":"https:\/\/api.w.org\/{rel}","templated":true}]}}