{"id":146303,"date":"2021-01-15T10:53:34","date_gmt":"2021-01-15T10:53:34","guid":{"rendered":"https:\/\/codengine3.ch\/?product=import-placeholder-for-206692"},"modified":"2021-01-15T14:50:52","modified_gmt":"2021-01-15T14:50:52","slug":"vtt-pyrenees-ouest-vol-1-pays-basque-bearn-ouest-baretous","status":"publish","type":"product","link":"https:\/\/pizbube.ch\/en\/shop\/vtt-pyrenees-ouest-vol-1-pays-basque-bearn-ouest-baretous\/","title":{"rendered":"VTT Pyr\u00e9n\u00e9es Ouest, vol. 1 -Pays basque, B\u00e9arn Ouest: Bar\u00e9tous"},"content":{"rendered":"<p>Pays basque, B\u00e9arn Ouest: Bar\u00e9tous<\/p>\n<p>Dans cette partie des Pyr\u00e9n\u00e9es, les possibilit\u00e9s de randonn\u00e9es \u00e0 VTT sont<br \/>\ninfinies.<br \/>\nCe volume 1 propose 51 itin\u00e9raires et pr\u00e8s de 900 km \u00e0 parcourir sans<br \/>\nmod\u00e9ration en Pays basque et dans l&#8217;ouest du B\u00e9arn (Bar\u00e9tous). Du beau VTT en<br \/>\nmontagne pour tous les go\u00fbts et toutes les difficult\u00e9s selon ses envies et son<br \/>\n\u00e9tat de forme, avec aussi quelques itin\u00e9raires en moindre altitude pour les<br \/>\njours o\u00f9 la m\u00e9t\u00e9o est capricieuse.  <\/p>\n<p>De quoi pratiquer toute l&#8217;ann\u00e9e ! Le volume 2 est consacr\u00e9 \u00e0 l&#8217;est du B\u00e9arn<br \/>\n(Aspe et Ossau) et \u00e0 l&#8217;Aragon occidental (montagnes et sierras).<\/p>","protected":false},"excerpt":{"rendered":"<p>Pays basque, B\u00e9arn Ouest: Bar\u00e9tous Dans cette partie des Pyr\u00e9n\u00e9es, les possibilit\u00e9s de randonn\u00e9es \u00e0 VTT sont infinies. Ce volume 1 propose 51 itin\u00e9raires et pr\u00e8s de 900 km \u00e0 parcourir sans mod\u00e9ration en Pays basque et dans l&#8217;ouest du B\u00e9arn (Bar\u00e9tous). Du beau VTT en montagne pour tous les go\u00fbts et toutes les difficult\u00e9s [&#8230;]\n","protected":false},"featured_media":35887,"template":"","meta":[],"product_brand":[],"product_cat":[21606],"product_tag":[],"class_list":{"0":"post-146303","1":"product","2":"type-product","3":"status-publish","4":"has-post-thumbnail","6":"product_cat-mountainbikefuehrer","7":"pa_autor-larrandaburu","8":"pa_erscheinungsjahr-21597","9":"pa_region-frankreich","10":"pa_sprache-de","12":"first","13":"instock","14":"taxable","15":"shipping-taxable","16":"purchasable","17":"product-type-simple"},"_links":{"self":[{"href":"https:\/\/pizbube.ch\/en\/wp-json\/wp\/v2\/product\/146303","targetHints":{"allow":["GET"]}}],"collection":[{"href":"https:\/\/pizbube.ch\/en\/wp-json\/wp\/v2\/product"}],"about":[{"href":"https:\/\/pizbube.ch\/en\/wp-json\/wp\/v2\/types\/product"}],"wp:featuredmedia":[{"embeddable":true,"href":"https:\/\/pizbube.ch\/en\/wp-json\/wp\/v2\/media\/35887"}],"wp:attachment":[{"href":"https:\/\/pizbube.ch\/en\/wp-json\/wp\/v2\/media?parent=146303"}],"wp:term":[{"taxonomy":"product_brand","embeddable":true,"href":"https:\/\/pizbube.ch\/en\/wp-json\/wp\/v2\/product_brand?post=146303"},{"taxonomy":"product_cat","embeddable":true,"href":"https:\/\/pizbube.ch\/en\/wp-json\/wp\/v2\/product_cat?post=146303"},{"taxonomy":"product_tag","embeddable":true,"href":"https:\/\/pizbube.ch\/en\/wp-json\/wp\/v2\/product_tag?post=146303"}],"curies":[{"name":"wp","href":"https:\/\/api.w.org\/{rel}","templated":true}]}}