{"id":146304,"date":"2021-01-15T10:53:34","date_gmt":"2021-01-15T10:53:34","guid":{"rendered":"https:\/\/codengine3.ch\/?product=import-placeholder-for-206701"},"modified":"2021-01-15T14:50:59","modified_gmt":"2021-01-15T14:50:59","slug":"vtt-pyrenees-ouest-vol-2-bearn-est-aspe-ossau-aragon-ouest","status":"publish","type":"product","link":"https:\/\/pizbube.ch\/en\/shop\/vtt-pyrenees-ouest-vol-2-bearn-est-aspe-ossau-aragon-ouest\/","title":{"rendered":"VTT Pyr\u00e9n\u00e9es Ouest, vol. 2 &#8211; B\u00e9arn Est: Aspe, Ossau, Aragon Ouest"},"content":{"rendered":"<p>B\u00e9arn Est: Aspe, Ossau, Aragon Ouest<\/p>\n<p>Dans cette partie des Pyr\u00e9n\u00e9es, les possibilit\u00e9s de randonn\u00e9es \u00e0 VTT sont<br \/>\ninfinies.<br \/>\nCe volume 2 propose 60 itin\u00e9raires et plus de 1100 km \u00e0 parcourir sans<br \/>\nmod\u00e9ration dans l&#8217;est du B\u00e9arn (vall\u00e9es d&#8217;Aspe et Ossau) et l&#8217;Aragon<br \/>\noccidental, sans aucun doute le Paradis du VTT dans les Pyr\u00e9n\u00e9es. Du beau VTT<br \/>\nen montagne pour tous les go\u00fbts et toutes les difficult\u00e9s selon ses envies et<br \/>\nson \u00e9tat de forme. M\u00e9t\u00e9o capricieuse c\u00f4t\u00e9 France, aucune h\u00e9sitation,<br \/>\nfranchissez la fronti\u00e8re, le beau temps sera bien souvent au rendez-vous, de<br \/>\nquoi pratiquer toute l&#8217;ann\u00e9e !<br \/>\nLe volume 1 est consacr\u00e9 au Pays basque et \u00e0 l&#8217;ouest du B\u00e9arn (Bar\u00e9tous).<\/p>","protected":false},"excerpt":{"rendered":"<p>B\u00e9arn Est: Aspe, Ossau, Aragon Ouest Dans cette partie des Pyr\u00e9n\u00e9es, les possibilit\u00e9s de randonn\u00e9es \u00e0 VTT sont infinies. Ce volume 2 propose 60 itin\u00e9raires et plus de 1100 km \u00e0 parcourir sans mod\u00e9ration dans l&#8217;est du B\u00e9arn (vall\u00e9es d&#8217;Aspe et Ossau) et l&#8217;Aragon occidental, sans aucun doute le Paradis du VTT dans les Pyr\u00e9n\u00e9es. [&#8230;]\n","protected":false},"featured_media":35879,"template":"","meta":[],"product_brand":[],"product_cat":[21606],"product_tag":[],"class_list":{"0":"post-146304","1":"product","2":"type-product","3":"status-publish","4":"has-post-thumbnail","6":"product_cat-mountainbikefuehrer","7":"pa_autor-larrandaburu","8":"pa_erscheinungsjahr-21597","9":"pa_region-spanien","10":"pa_sprache-fr","12":"first","13":"instock","14":"taxable","15":"shipping-taxable","16":"purchasable","17":"product-type-simple"},"_links":{"self":[{"href":"https:\/\/pizbube.ch\/en\/wp-json\/wp\/v2\/product\/146304","targetHints":{"allow":["GET"]}}],"collection":[{"href":"https:\/\/pizbube.ch\/en\/wp-json\/wp\/v2\/product"}],"about":[{"href":"https:\/\/pizbube.ch\/en\/wp-json\/wp\/v2\/types\/product"}],"wp:featuredmedia":[{"embeddable":true,"href":"https:\/\/pizbube.ch\/en\/wp-json\/wp\/v2\/media\/35879"}],"wp:attachment":[{"href":"https:\/\/pizbube.ch\/en\/wp-json\/wp\/v2\/media?parent=146304"}],"wp:term":[{"taxonomy":"product_brand","embeddable":true,"href":"https:\/\/pizbube.ch\/en\/wp-json\/wp\/v2\/product_brand?post=146304"},{"taxonomy":"product_cat","embeddable":true,"href":"https:\/\/pizbube.ch\/en\/wp-json\/wp\/v2\/product_cat?post=146304"},{"taxonomy":"product_tag","embeddable":true,"href":"https:\/\/pizbube.ch\/en\/wp-json\/wp\/v2\/product_tag?post=146304"}],"curies":[{"name":"wp","href":"https:\/\/api.w.org\/{rel}","templated":true}]}}