{"id":146305,"date":"2021-01-15T10:53:34","date_gmt":"2021-01-15T10:53:34","guid":{"rendered":"https:\/\/codengine3.ch\/?product=import-placeholder-for-203443"},"modified":"2023-05-02T09:43:34","modified_gmt":"2023-05-02T07:43:34","slug":"la-travesia-de-los-pirineos-en-btt","status":"publish","type":"product","link":"https:\/\/pizbube.ch\/en\/shop\/la-travesia-de-los-pirineos-en-btt\/","title":{"rendered":"La traves\u00eda de los Pirineos en BTT"},"content":{"rendered":"<p>Segunda edici\u00f3n ampliada y revisada de una gu\u00eda que contiene toda la<br \/>\ninformaci\u00f3n necesaria para enlazar con bicicleta de monta\u00f1a el Mediterr\u00e1neo y<br \/>\nel Atl\u00e1ntico por la vertiente sur de los Pirineos, lo m\u00e1s cerca posible de las<br \/>\ncumbres divisorias, sin dejar de pedalear. Se puede aprovechar para realizar<br \/>\nla traves\u00eda entera, pero tambi\u00e9n por tramos e, incluso, por etapas sueltas y<br \/>\npodr\u00e1n seguir los itinerarios todos aquellos que cuenten con una preparaci\u00f3n<br \/>\nmediana. La completa descripci\u00f3n de la ruta, los perfiles de las etapas,<br \/>\nfotograf\u00edas a color, una ficha t\u00e9cnica completa y un libro de ruta de cada<br \/>\netapa, nos permitir\u00e1 viajar en nuestra bicicleta a la vez que empaparnos del<br \/>\npaisaje, cultura y vida de los Pirineos. Incluye 94 mapas a 1:40.000 con el<br \/>\nrecorrido completo, dentro de una \u00fatil funda de pl\u00e1stico y un cap\u00edtulo con<br \/>\ninformaci\u00f3n de todos los servicios que encontraremos en nuestro camino,<br \/>\ndivididos por etapas: alojamientos (campings, albergues, hoteles,&#8230;),<br \/>\nrestaurantes, tiendas, talleres de reparaci\u00f3n de bicicletas, etc.<\/p>","protected":false},"excerpt":{"rendered":"<p>Segunda edici\u00f3n ampliada y revisada de una gu\u00eda que contiene toda la informaci\u00f3n necesaria para enlazar con bicicleta de monta\u00f1a el Mediterr\u00e1neo y el Atl\u00e1ntico por la vertiente sur de los Pirineos, lo m\u00e1s cerca posible de las cumbres divisorias, sin dejar de pedalear. Se puede aprovechar para realizar la traves\u00eda entera, pero tambi\u00e9n por [&#8230;]\n","protected":false},"featured_media":31054,"template":"","meta":[],"product_brand":[],"product_cat":[21606],"product_tag":[],"class_list":{"0":"post-146305","1":"product","2":"type-product","3":"status-publish","4":"has-post-thumbnail","6":"product_cat-mountainbikefuehrer","7":"pa_autor-laparra","8":"pa_erscheinungsjahr-22144","9":"pa_region-spanien","10":"pa_sprache-sp","12":"first","13":"outofstock","14":"taxable","15":"shipping-taxable","16":"purchasable","17":"product-type-simple"},"_links":{"self":[{"href":"https:\/\/pizbube.ch\/en\/wp-json\/wp\/v2\/product\/146305","targetHints":{"allow":["GET"]}}],"collection":[{"href":"https:\/\/pizbube.ch\/en\/wp-json\/wp\/v2\/product"}],"about":[{"href":"https:\/\/pizbube.ch\/en\/wp-json\/wp\/v2\/types\/product"}],"wp:featuredmedia":[{"embeddable":true,"href":"https:\/\/pizbube.ch\/en\/wp-json\/wp\/v2\/media\/31054"}],"wp:attachment":[{"href":"https:\/\/pizbube.ch\/en\/wp-json\/wp\/v2\/media?parent=146305"}],"wp:term":[{"taxonomy":"product_brand","embeddable":true,"href":"https:\/\/pizbube.ch\/en\/wp-json\/wp\/v2\/product_brand?post=146305"},{"taxonomy":"product_cat","embeddable":true,"href":"https:\/\/pizbube.ch\/en\/wp-json\/wp\/v2\/product_cat?post=146305"},{"taxonomy":"product_tag","embeddable":true,"href":"https:\/\/pizbube.ch\/en\/wp-json\/wp\/v2\/product_tag?post=146305"}],"curies":[{"name":"wp","href":"https:\/\/api.w.org\/{rel}","templated":true}]}}