{"id":146307,"date":"2021-01-15T10:53:34","date_gmt":"2021-01-15T10:53:34","guid":{"rendered":"https:\/\/codengine3.ch\/?product=import-placeholder-for-207451"},"modified":"2021-01-15T16:03:24","modified_gmt":"2021-01-15T16:03:24","slug":"die-welt-der-berge","status":"publish","type":"product","link":"https:\/\/pizbube.ch\/en\/shop\/die-welt-der-berge\/","title":{"rendered":"Die Welt der Berge"},"content":{"rendered":"<p>In diesem wunderbaren Natur-Sachbuch nimmt Dieter Braun auf erfrischende Weise<br \/>\ndie Welt und das Leben der Berge unter die Lupe. Seine ausdrucksstarken<br \/>\nIllustrationen f\u00fchren uns von den Alpen \u00fcber die Anden bis in den Himalaya.<\/p>\n<p>Sowohl die Tierwelt, vom Murmeltier \u00fcber das Yak und den Bergl\u00f6wen bis hin zum<br \/>\nKondor, als auch der Mensch in den Bergen, vom Gipfelst\u00fcrmer \u00fcber den<br \/>\nSkifahrer bis hin zum Alpinkletterer, werden vorgestellt. Daneben gibt es viel<br \/>\nWissenswertes \u00fcber die Berge zu entdecken, von dem tats\u00e4chlich h\u00f6chsten Berg<br \/>\nder Erde \u00fcber Bergwesen wie dem Yeti bis hin zu Vulkanen und Gletschern.<\/p>\n<p>Begleitet werden die farbenfrohen Illustrationen von kurzweiligen Texten, die<br \/>\nDaten und Fakten rund um das Thema Berge liefern.<\/p>\n<p>Aus dem Inhalt: Wie entstehen Berge? | Die Alpen | Der Fujiyama | Der Yosemite<br \/>\nNationalpark | Berge aus Sand | G\u00e4mse | Der Tafelberg | Der Geist der Berge |<br \/>\nBergwesen &#8211; Gibt es den Yeti? | Der Kilimandscharo | Die sportlichen Berge |<br \/>\nWas man zum Skifahren braucht | Norwegen | Wasserf\u00e4lle | Umwelt u.v.m.<\/p>\n<p>Die Welt der Berge geh\u00f6rt zu den \u00bbSch\u00f6nsten deutschen B\u00fcchern\u00ab 2018 \u2013<br \/>\nausgezeichnet von der Stiftung Buchkunst.  <\/p>","protected":false},"excerpt":{"rendered":"<p>In diesem wunderbaren Natur-Sachbuch nimmt Dieter Braun auf erfrischende Weise die Welt und das Leben der Berge unter die Lupe. Seine ausdrucksstarken Illustrationen f\u00fchren uns von den Alpen \u00fcber die Anden bis in den Himalaya. Sowohl die Tierwelt, vom Murmeltier \u00fcber das Yak und den Bergl\u00f6wen bis hin zum Kondor, als auch der Mensch in [&#8230;]\n","protected":false},"featured_media":37493,"template":"","meta":[],"product_brand":[],"product_cat":[21542],"product_tag":[],"class_list":{"0":"post-146307","1":"product","2":"type-product","3":"status-publish","4":"has-post-thumbnail","6":"product_cat-sachbuecher-dokumentationen","7":"pa_autor-braun","8":"pa_erscheinungsjahr-21546","9":"pa_region-deutschland","10":"pa_sprache-de","12":"first","13":"instock","14":"taxable","15":"shipping-taxable","16":"purchasable","17":"product-type-simple"},"_links":{"self":[{"href":"https:\/\/pizbube.ch\/en\/wp-json\/wp\/v2\/product\/146307","targetHints":{"allow":["GET"]}}],"collection":[{"href":"https:\/\/pizbube.ch\/en\/wp-json\/wp\/v2\/product"}],"about":[{"href":"https:\/\/pizbube.ch\/en\/wp-json\/wp\/v2\/types\/product"}],"wp:featuredmedia":[{"embeddable":true,"href":"https:\/\/pizbube.ch\/en\/wp-json\/wp\/v2\/media\/37493"}],"wp:attachment":[{"href":"https:\/\/pizbube.ch\/en\/wp-json\/wp\/v2\/media?parent=146307"}],"wp:term":[{"taxonomy":"product_brand","embeddable":true,"href":"https:\/\/pizbube.ch\/en\/wp-json\/wp\/v2\/product_brand?post=146307"},{"taxonomy":"product_cat","embeddable":true,"href":"https:\/\/pizbube.ch\/en\/wp-json\/wp\/v2\/product_cat?post=146307"},{"taxonomy":"product_tag","embeddable":true,"href":"https:\/\/pizbube.ch\/en\/wp-json\/wp\/v2\/product_tag?post=146307"}],"curies":[{"name":"wp","href":"https:\/\/api.w.org\/{rel}","templated":true}]}}