{"id":146308,"date":"2021-01-15T10:53:34","date_gmt":"2021-01-15T10:53:34","guid":{"rendered":"https:\/\/codengine3.ch\/?product=import-placeholder-for-207970"},"modified":"2024-11-20T10:57:52","modified_gmt":"2024-11-20T09:57:52","slug":"berge-das-mitmachbuch-fuer-gipfelstuermer","status":"publish","type":"product","link":"https:\/\/pizbube.ch\/en\/shop\/berge-das-mitmachbuch-fuer-gipfelstuermer\/","title":{"rendered":"Berge! &#8211; Das Mitmachbuch f\u00fcr Gipfelst\u00fcrmer"},"content":{"rendered":"<p>Berge rauf und runter<\/p>\n<p>Was f\u00e4llt einem zum Thema Berge nicht alles ein: Skifahren, Murmeltiere,<br \/>\nTunnel, Steinadler, Gletscher, Landkarten, Lawinen, Wegzeichen, Zorbing,<br \/>\nZitherspiel, Emmentaler, Sprachgrenze, Wasserscheide, Wollpullover. All diese<br \/>\nAspekte hat Piotr Karski in einem anregenden und dicken Mitmachbuch f\u00fcr Kinder<br \/>\nuntergebracht.<\/p>\n<p>Er l\u00e4sst uns darin Barometer bauen, H\u00f6henlinien entr\u00e4tseln, Baumkarteien<br \/>\nerstellen und Wolfsspuren stempeln. Er zeigt, wie in den Bergen Flusssysteme<br \/>\nentstehen, erl\u00e4utert die h\u00f6henbedingten Vegetationsformen, informiert \u00fcber<br \/>\nGletscher und Erosion und stellt Wintersportarten vor. Selbst eine<br \/>\nbehelfsm\u00e4\u00dfige Zither d\u00fcrfen wir bauen! Nur \u00fcber den Yeti muss auch er uns im<br \/>\nDunkeln lassen.<\/p>\n<p>Ein Buch, das durch seine immense Vielfalt \u00fcberzeugt und das die Bergwelt auf<br \/>\nerfrischende Weise Flachlandtirolern wie Bergfexen gleicherma\u00dfen erschlie\u00dft.<\/p>\n<p>Kartonierter Einband; 224 Seiten<br \/>\n3. Auflage 2021<\/p>","protected":false},"excerpt":{"rendered":"<p>Berge rauf und runter Was f\u00e4llt einem zum Thema Berge nicht alles ein: Skifahren, Murmeltiere, Tunnel, Steinadler, Gletscher, Landkarten, Lawinen, Wegzeichen, Zorbing, Zitherspiel, Emmentaler, Sprachgrenze, Wasserscheide, Wollpullover. All diese Aspekte hat Piotr Karski in einem anregenden und dicken Mitmachbuch f\u00fcr Kinder untergebracht. Er l\u00e4sst uns darin Barometer bauen, H\u00f6henlinien entr\u00e4tseln, Baumkarteien erstellen und Wolfsspuren stempeln. [&#8230;]\n","protected":false},"featured_media":159778,"template":"","meta":[],"product_brand":[],"product_cat":[21542],"product_tag":[],"class_list":{"0":"post-146308","1":"product","2":"type-product","3":"status-publish","4":"has-post-thumbnail","6":"product_cat-sachbuecher-dokumentationen","7":"pa_autor-karski","8":"pa_erscheinungsjahr-25440","9":"pa_region-deutschland","10":"pa_sprache-de","12":"first","13":"outofstock","14":"taxable","15":"shipping-taxable","16":"purchasable","17":"product-type-simple"},"_links":{"self":[{"href":"https:\/\/pizbube.ch\/en\/wp-json\/wp\/v2\/product\/146308","targetHints":{"allow":["GET"]}}],"collection":[{"href":"https:\/\/pizbube.ch\/en\/wp-json\/wp\/v2\/product"}],"about":[{"href":"https:\/\/pizbube.ch\/en\/wp-json\/wp\/v2\/types\/product"}],"wp:featuredmedia":[{"embeddable":true,"href":"https:\/\/pizbube.ch\/en\/wp-json\/wp\/v2\/media\/159778"}],"wp:attachment":[{"href":"https:\/\/pizbube.ch\/en\/wp-json\/wp\/v2\/media?parent=146308"}],"wp:term":[{"taxonomy":"product_brand","embeddable":true,"href":"https:\/\/pizbube.ch\/en\/wp-json\/wp\/v2\/product_brand?post=146308"},{"taxonomy":"product_cat","embeddable":true,"href":"https:\/\/pizbube.ch\/en\/wp-json\/wp\/v2\/product_cat?post=146308"},{"taxonomy":"product_tag","embeddable":true,"href":"https:\/\/pizbube.ch\/en\/wp-json\/wp\/v2\/product_tag?post=146308"}],"curies":[{"name":"wp","href":"https:\/\/api.w.org\/{rel}","templated":true}]}}