{"id":146309,"date":"2021-01-15T10:53:34","date_gmt":"2021-01-15T10:53:34","guid":{"rendered":"https:\/\/codengine3.ch\/?product=import-placeholder-for-208566"},"modified":"2021-01-15T17:55:22","modified_gmt":"2021-01-15T17:55:22","slug":"geliebte-alpen-gefaehrdete-alpen","status":"publish","type":"product","link":"https:\/\/pizbube.ch\/en\/shop\/geliebte-alpen-gefaehrdete-alpen\/","title":{"rendered":"Geliebte Alpen &#8211; Gef\u00e4hrdete Alpen"},"content":{"rendered":"<p>Ausmalen, entdecken, sch\u00fctzen<\/p>\n<p>Dieses grossformatige Malbuch der renommierten K\u00fcnstlerin Claire Scully zeigt<br \/>\nBilder von 51 gef\u00e4hrdeten Tieren, Pflanzen und Landschaften der Alpen.<\/p>\n<p>Was sie einzigartig macht, und was sie bedroht &#8211; erl\u00e4utern die Begleittexte<br \/>\ndes Umwelt-Journalisten Jacopo Pasotti.<\/p>\n<p>In Zusammenarbeit mit WWF Schweiz.<\/p>","protected":false},"excerpt":{"rendered":"<p>Ausmalen, entdecken, sch\u00fctzen Dieses grossformatige Malbuch der renommierten K\u00fcnstlerin Claire Scully zeigt Bilder von 51 gef\u00e4hrdeten Tieren, Pflanzen und Landschaften der Alpen. Was sie einzigartig macht, und was sie bedroht &#8211; erl\u00e4utern die Begleittexte des Umwelt-Journalisten Jacopo Pasotti. In Zusammenarbeit mit WWF Schweiz.<\/p>","protected":false},"featured_media":40563,"template":"","meta":[],"product_brand":[],"product_cat":[21542],"product_tag":[],"class_list":{"0":"post-146309","1":"product","2":"type-product","3":"status-publish","4":"has-post-thumbnail","6":"product_cat-sachbuecher-dokumentationen","7":"pa_autor-pasotti-scully","8":"pa_erscheinungsjahr-21574","9":"pa_region-schweiz","10":"pa_sprache-de","12":"first","13":"instock","14":"taxable","15":"shipping-taxable","16":"purchasable","17":"product-type-simple"},"_links":{"self":[{"href":"https:\/\/pizbube.ch\/en\/wp-json\/wp\/v2\/product\/146309","targetHints":{"allow":["GET"]}}],"collection":[{"href":"https:\/\/pizbube.ch\/en\/wp-json\/wp\/v2\/product"}],"about":[{"href":"https:\/\/pizbube.ch\/en\/wp-json\/wp\/v2\/types\/product"}],"wp:featuredmedia":[{"embeddable":true,"href":"https:\/\/pizbube.ch\/en\/wp-json\/wp\/v2\/media\/40563"}],"wp:attachment":[{"href":"https:\/\/pizbube.ch\/en\/wp-json\/wp\/v2\/media?parent=146309"}],"wp:term":[{"taxonomy":"product_brand","embeddable":true,"href":"https:\/\/pizbube.ch\/en\/wp-json\/wp\/v2\/product_brand?post=146309"},{"taxonomy":"product_cat","embeddable":true,"href":"https:\/\/pizbube.ch\/en\/wp-json\/wp\/v2\/product_cat?post=146309"},{"taxonomy":"product_tag","embeddable":true,"href":"https:\/\/pizbube.ch\/en\/wp-json\/wp\/v2\/product_tag?post=146309"}],"curies":[{"name":"wp","href":"https:\/\/api.w.org\/{rel}","templated":true}]}}