{"id":146310,"date":"2021-01-15T10:53:34","date_gmt":"2021-01-15T10:53:34","guid":{"rendered":"https:\/\/codengine3.ch\/?product=import-placeholder-for-206670"},"modified":"2021-01-15T14:50:41","modified_gmt":"2021-01-15T14:50:41","slug":"das-oetzi-mitmach-buch","status":"publish","type":"product","link":"https:\/\/pizbube.ch\/en\/shop\/das-oetzi-mitmach-buch\/","title":{"rendered":"Das \u00d6tzi-Mitmach-Buch"},"content":{"rendered":"<p>Das kreative Buch vermittelt Kindern abwechslungsreich und spielerisch Wissen<br \/>\n\u00fcber \u00d6tzi und seine Zeit.<\/p>\n<p>\u00d6tzi, der Mann aus dem Eis, hat uns unglaublich viel \u00fcber die Zeit vor 5300<br \/>\nJahren zu sagen. Er kommt in diesem Buch h\u00f6chstpers\u00f6nlich zu Wort und erz\u00e4hlt<br \/>\nKindern zwischen 4 und 8 Jahren, wie die Menschen in der Jungsteinzeit Feuer<br \/>\ngemacht, Pfeile und Werkzeug hergestellt und was sie gegessen haben.<\/p>\n<p>Tonia Wiatrowski steuert dazu Illustrationen, (Rate-)Spiele, eine Anziehpuppe<br \/>\nund Ausmalseiten bei, die die Fakten anschaulich und verst\u00e4ndlich vermitteln.<br \/>\nGeeignet f\u00fcr den handlungsorientierten Unterricht.  <\/p>\n<p>Gebunden, durchgehend Farbabb. und Illustrationen<\/p>","protected":false},"excerpt":{"rendered":"<p>Das kreative Buch vermittelt Kindern abwechslungsreich und spielerisch Wissen \u00fcber \u00d6tzi und seine Zeit. \u00d6tzi, der Mann aus dem Eis, hat uns unglaublich viel \u00fcber die Zeit vor 5300 Jahren zu sagen. Er kommt in diesem Buch h\u00f6chstpers\u00f6nlich zu Wort und erz\u00e4hlt Kindern zwischen 4 und 8 Jahren, wie die Menschen in der Jungsteinzeit Feuer [&#8230;]\n","protected":false},"featured_media":35791,"template":"","meta":[],"product_brand":[],"product_cat":[21542],"product_tag":[],"class_list":{"0":"post-146310","1":"product","2":"type-product","3":"status-publish","4":"has-post-thumbnail","6":"product_cat-sachbuecher-dokumentationen","7":"pa_autor-wiatrowski","8":"pa_erscheinungsjahr-21571","9":"pa_region-italien","10":"pa_sprache-de","12":"first","13":"instock","14":"taxable","15":"shipping-taxable","16":"purchasable","17":"product-type-simple"},"_links":{"self":[{"href":"https:\/\/pizbube.ch\/en\/wp-json\/wp\/v2\/product\/146310","targetHints":{"allow":["GET"]}}],"collection":[{"href":"https:\/\/pizbube.ch\/en\/wp-json\/wp\/v2\/product"}],"about":[{"href":"https:\/\/pizbube.ch\/en\/wp-json\/wp\/v2\/types\/product"}],"wp:featuredmedia":[{"embeddable":true,"href":"https:\/\/pizbube.ch\/en\/wp-json\/wp\/v2\/media\/35791"}],"wp:attachment":[{"href":"https:\/\/pizbube.ch\/en\/wp-json\/wp\/v2\/media?parent=146310"}],"wp:term":[{"taxonomy":"product_brand","embeddable":true,"href":"https:\/\/pizbube.ch\/en\/wp-json\/wp\/v2\/product_brand?post=146310"},{"taxonomy":"product_cat","embeddable":true,"href":"https:\/\/pizbube.ch\/en\/wp-json\/wp\/v2\/product_cat?post=146310"},{"taxonomy":"product_tag","embeddable":true,"href":"https:\/\/pizbube.ch\/en\/wp-json\/wp\/v2\/product_tag?post=146310"}],"curies":[{"name":"wp","href":"https:\/\/api.w.org\/{rel}","templated":true}]}}