{"id":146312,"date":"2021-01-15T10:53:35","date_gmt":"2021-01-15T10:53:35","guid":{"rendered":"https:\/\/codengine3.ch\/?product=import-placeholder-for-200554"},"modified":"2023-02-10T15:28:25","modified_gmt":"2023-02-10T14:28:25","slug":"schellen-ursli","status":"publish","type":"product","link":"https:\/\/pizbube.ch\/en\/shop\/schellen-ursli\/","title":{"rendered":"Schellen-Ursli"},"content":{"rendered":"<p>Ein Engadiner Bilderbuch<\/p>\n<p>Das Schweizer Bilderbuch erz\u00e4hlt die Geschichte von Schellen-Ursli und seiner<br \/>\nSuche nach der gr\u00f6ssten Kuhglocke, damit er am Umzug des Fr\u00fchjahrsfestes<br \/>\n&#171;Chalanda-Marz&#187; ganz vorne den Winter ausschellen kann. Er holt die<br \/>\nKuhglocke in der Alph\u00fctte seiner Eltern ohne deren Wissen und verbringt da<br \/>\neine einsame Nacht.<\/p>\n<p>Wie haben sich die Eltern, nach einer sorgenvollen Nacht, gefreut als<br \/>\nSchellen-Ursli am Morgen nach Hause kam&#8230;<\/p>\n<p>Midibuch;<br \/>\nKartonierter Einband; 48 Seiten; Breite 151 mm, H\u00f6he 199 mm, Dicke 7 mm<\/p>","protected":false},"excerpt":{"rendered":"<p>Ein Engadiner Bilderbuch Das Schweizer Bilderbuch erz\u00e4hlt die Geschichte von Schellen-Ursli und seiner Suche nach der gr\u00f6ssten Kuhglocke, damit er am Umzug des Fr\u00fchjahrsfestes &#171;Chalanda-Marz&#187; ganz vorne den Winter ausschellen kann. Er holt die Kuhglocke in der Alph\u00fctte seiner Eltern ohne deren Wissen und verbringt da eine einsame Nacht. Wie haben sich die Eltern, nach [&#8230;]\n","protected":false},"featured_media":27281,"template":"","meta":[],"product_brand":[],"product_cat":[21629],"product_tag":[],"class_list":{"0":"post-146312","1":"product","2":"type-product","3":"status-publish","4":"has-post-thumbnail","6":"product_cat-belletristik","7":"pa_autor-choenz-carigiet","8":"pa_erscheinungsjahr-21546","9":"pa_region-schweiz","10":"pa_sprache-de","12":"first","13":"instock","14":"taxable","15":"shipping-taxable","16":"purchasable","17":"product-type-simple"},"_links":{"self":[{"href":"https:\/\/pizbube.ch\/en\/wp-json\/wp\/v2\/product\/146312","targetHints":{"allow":["GET"]}}],"collection":[{"href":"https:\/\/pizbube.ch\/en\/wp-json\/wp\/v2\/product"}],"about":[{"href":"https:\/\/pizbube.ch\/en\/wp-json\/wp\/v2\/types\/product"}],"wp:featuredmedia":[{"embeddable":true,"href":"https:\/\/pizbube.ch\/en\/wp-json\/wp\/v2\/media\/27281"}],"wp:attachment":[{"href":"https:\/\/pizbube.ch\/en\/wp-json\/wp\/v2\/media?parent=146312"}],"wp:term":[{"taxonomy":"product_brand","embeddable":true,"href":"https:\/\/pizbube.ch\/en\/wp-json\/wp\/v2\/product_brand?post=146312"},{"taxonomy":"product_cat","embeddable":true,"href":"https:\/\/pizbube.ch\/en\/wp-json\/wp\/v2\/product_cat?post=146312"},{"taxonomy":"product_tag","embeddable":true,"href":"https:\/\/pizbube.ch\/en\/wp-json\/wp\/v2\/product_tag?post=146312"}],"curies":[{"name":"wp","href":"https:\/\/api.w.org\/{rel}","templated":true}]}}