{"id":146315,"date":"2021-01-15T10:53:35","date_gmt":"2021-01-15T10:53:35","guid":{"rendered":"https:\/\/codengine3.ch\/?product=import-placeholder-for-205151"},"modified":"2025-01-25T09:43:42","modified_gmt":"2025-01-25T08:43:42","slug":"georgien","status":"publish","type":"product","link":"https:\/\/pizbube.ch\/en\/shop\/georgien\/","title":{"rendered":"Georgien"},"content":{"rendered":"<p class=\"w-post-elm post_custom_field us_custom_79af53c0 type_text subtitel\"><span class=\"w-post-elm-value\">Mit Tbilissi, Batumi, Kachetien, Kartli, Adscharien, Kolchis, Schwarzem Meer, Swanetien<\/span><\/p>\n<p>Unterwegs zwischen Kaukasus und Schwarzem Meer;<br \/>\nReisef\u00fchrer<\/p>\n<p>Grandiose Landschaften, ein jahrtausendealtes Kulturerbe, mildes Klima und<br \/>\nnicht zuletzt seine gastfreundlichen Bewohner machen Georgien zu einem ganz<br \/>\nbesonderen Reiseziel.<br \/>\nNach den ersten turbulenten Jahren der Unabh\u00e4ngigkeit versucht man, wieder an<br \/>\nalte touristische Traditionen anzukn\u00fcpfen. Auch wenn die Infrastruktur f\u00fcr<br \/>\nTouristen noch nicht \u00fcberall problemlos funktioniert und das Land nach wie vor<br \/>\nin erheblichen wirtschaftlichen Schwierigkeiten steckt, verspricht eine Reise<br \/>\nzu den Kunst- und Kultursch\u00e4tzen Georgiens unverge\u00dfliche Erlebnisse.<\/p>\n<p>Dies ist der einzige deutschsprachige Reisef\u00fchrer \u00fcber das kleine Land am<br \/>\nS\u00fcdrand des Kaukasus. Er ber\u00fccksichtigt aktuelle Ereignisse und Entwicklungen<br \/>\nund richtet neben der Beschreibung von Sehensw\u00fcrdigkeiten besonderes Augenmerk<br \/>\nauf die Geschichte des Landes, das zu den \u00e4ltesten christlichen L\u00e4ndern der<br \/>\nWelt geh\u00f6rt.<\/p>\n<p>Alle Regionen von der Kolchischen Tiefebene am Schwarzen Meer \u00fcber Swanetien<br \/>\nbis nach Kartli und Kachetien sowie die Hauptstadt Tbilissi werden ausf\u00fchrlich<br \/>\nvorgestellt. Die Autoren halten viele praktische Tips parat und geben eigene<br \/>\nErfahrungen weiter, die vor allem f\u00fcr Individualtouristen unverzichtbar sind.<br \/>\nEin Sprachf\u00fchrer sowie zahlreiche \u00dcbersichtskarten und Stadtpl\u00e4ne helfen bei<br \/>\nder Orientierung.<\/p>\n<p>462 Seiten, \u00fcber 250 Fotos, 33 Stadtpl\u00e4ne und \u00dcbersichtskarten, Klappkarten<br \/>\n11. aktual. Neuauflage<\/p>","protected":false},"excerpt":{"rendered":"<p>Mit Tbilissi, Batumi, Kachetien, Kartli, Adscharien, Kolchis, Schwarzem Meer, Swanetien Unterwegs zwischen Kaukasus und Schwarzem Meer; Reisef\u00fchrer Grandiose Landschaften, ein jahrtausendealtes Kulturerbe, mildes Klima und nicht zuletzt seine gastfreundlichen Bewohner machen Georgien zu einem ganz besonderen Reiseziel. Nach den ersten turbulenten Jahren der Unabh\u00e4ngigkeit versucht man, wieder an alte touristische Traditionen anzukn\u00fcpfen. Auch wenn die [&#8230;]\n","protected":false},"featured_media":165819,"template":"","meta":[],"product_brand":[],"product_cat":[21605],"product_tag":[],"class_list":{"0":"post-146315","1":"product","2":"type-product","3":"status-publish","4":"has-post-thumbnail","6":"product_cat-wanderfuehrer-trekking","7":"pa_autor-kvastiani-spolanski-sternfeld","8":"pa_erscheinungsjahr-27013","9":"pa_region-asien","10":"pa_sprache-de","12":"first","13":"instock","14":"taxable","15":"shipping-taxable","16":"purchasable","17":"product-type-simple"},"_links":{"self":[{"href":"https:\/\/pizbube.ch\/en\/wp-json\/wp\/v2\/product\/146315","targetHints":{"allow":["GET"]}}],"collection":[{"href":"https:\/\/pizbube.ch\/en\/wp-json\/wp\/v2\/product"}],"about":[{"href":"https:\/\/pizbube.ch\/en\/wp-json\/wp\/v2\/types\/product"}],"wp:featuredmedia":[{"embeddable":true,"href":"https:\/\/pizbube.ch\/en\/wp-json\/wp\/v2\/media\/165819"}],"wp:attachment":[{"href":"https:\/\/pizbube.ch\/en\/wp-json\/wp\/v2\/media?parent=146315"}],"wp:term":[{"taxonomy":"product_brand","embeddable":true,"href":"https:\/\/pizbube.ch\/en\/wp-json\/wp\/v2\/product_brand?post=146315"},{"taxonomy":"product_cat","embeddable":true,"href":"https:\/\/pizbube.ch\/en\/wp-json\/wp\/v2\/product_cat?post=146315"},{"taxonomy":"product_tag","embeddable":true,"href":"https:\/\/pizbube.ch\/en\/wp-json\/wp\/v2\/product_tag?post=146315"}],"curies":[{"name":"wp","href":"https:\/\/api.w.org\/{rel}","templated":true}]}}