{"id":146317,"date":"2021-01-15T10:53:35","date_gmt":"2021-01-15T10:53:35","guid":{"rendered":"https:\/\/codengine3.ch\/?product=import-placeholder-for-206003"},"modified":"2022-01-19T11:31:36","modified_gmt":"2022-01-19T10:31:36","slug":"kaukasus-caucasus-1650000","status":"publish","type":"product","link":"https:\/\/pizbube.ch\/en\/shop\/kaukasus-caucasus-1650000\/","title":{"rendered":"kaukasus caucasus 1:650&#8217;000"},"content":{"rendered":"<p>Armenien, Aserbaidschan, Georgien. Gro\u00dfe Orte auch in Landesschrift.<br \/>\nH\u00f6henlinien- u. H\u00f6henschichten-Relief. GPS-tauglich. Klassifiziertes<br \/>\nStra\u00dfennetz, Gradnetz u. Ortsindex. Wasserfest u. unzerrei\u00dfbar.<\/p>\n<p>Diese Landkarte erscheint in der Landkartenserie world mapping project bei<br \/>\nReise Know-How. Kennzeichnend ist die hochwertige, klare und moderne<br \/>\nkartografische Darstellung.<\/p>\n<p>&#8211; H\u00f6henlinien mit H\u00f6henangaben<br \/>\n&#8211; Farbige H\u00f6henschichten<br \/>\n&#8211; Klassifiziertes Stra\u00dfennetz mit Entfernungsangaben<br \/>\n&#8211; Sehensw\u00fcrdigkeiten<br \/>\n&#8211; Ausf\u00fchrlicher Ortsindex<br \/>\n&#8211; GPS-Tauglichkeit durch L\u00e4ngen- und Breitengrade<br \/>\n&#8211; Viersprachige Legende (Deutsch, Englisch, Franz., Spanisch)<\/p>","protected":false},"excerpt":{"rendered":"<p>Armenien, Aserbaidschan, Georgien. Gro\u00dfe Orte auch in Landesschrift. H\u00f6henlinien- u. H\u00f6henschichten-Relief. GPS-tauglich. Klassifiziertes Stra\u00dfennetz, Gradnetz u. Ortsindex. Wasserfest u. unzerrei\u00dfbar. Diese Landkarte erscheint in der Landkartenserie world mapping project bei Reise Know-How. Kennzeichnend ist die hochwertige, klare und moderne kartografische Darstellung. &#8211; H\u00f6henlinien mit H\u00f6henangaben &#8211; Farbige H\u00f6henschichten &#8211; Klassifiziertes Stra\u00dfennetz mit Entfernungsangaben &#8211; Sehensw\u00fcrdigkeiten [&#8230;]\n","protected":false},"featured_media":157495,"template":"","meta":[],"product_brand":[],"product_cat":[21543],"product_tag":[26867],"class_list":{"0":"post-146317","1":"product","2":"type-product","3":"status-publish","4":"has-post-thumbnail","6":"product_cat-landkarten","7":"product_tag-kaukasus","8":"pa_autor-wmp-reise-know-how","9":"pa_erscheinungsjahr-21586","10":"pa_region-asien","11":"pa_sprache-d","12":"pa_sprache-e","13":"pa_sprache-i","15":"first","16":"instock","17":"taxable","18":"shipping-taxable","19":"purchasable","20":"product-type-simple"},"_links":{"self":[{"href":"https:\/\/pizbube.ch\/en\/wp-json\/wp\/v2\/product\/146317","targetHints":{"allow":["GET"]}}],"collection":[{"href":"https:\/\/pizbube.ch\/en\/wp-json\/wp\/v2\/product"}],"about":[{"href":"https:\/\/pizbube.ch\/en\/wp-json\/wp\/v2\/types\/product"}],"wp:featuredmedia":[{"embeddable":true,"href":"https:\/\/pizbube.ch\/en\/wp-json\/wp\/v2\/media\/157495"}],"wp:attachment":[{"href":"https:\/\/pizbube.ch\/en\/wp-json\/wp\/v2\/media?parent=146317"}],"wp:term":[{"taxonomy":"product_brand","embeddable":true,"href":"https:\/\/pizbube.ch\/en\/wp-json\/wp\/v2\/product_brand?post=146317"},{"taxonomy":"product_cat","embeddable":true,"href":"https:\/\/pizbube.ch\/en\/wp-json\/wp\/v2\/product_cat?post=146317"},{"taxonomy":"product_tag","embeddable":true,"href":"https:\/\/pizbube.ch\/en\/wp-json\/wp\/v2\/product_tag?post=146317"}],"curies":[{"name":"wp","href":"https:\/\/api.w.org\/{rel}","templated":true}]}}