{"id":146324,"date":"2021-01-15T10:53:35","date_gmt":"2021-01-15T10:53:35","guid":{"rendered":"https:\/\/codengine3.ch\/?product=import-placeholder-for-206718"},"modified":"2021-01-15T14:51:10","modified_gmt":"2021-01-15T14:51:10","slug":"barisakho-roshka-juta-asa-schlucht-150000","status":"publish","type":"product","link":"https:\/\/pizbube.ch\/en\/shop\/barisakho-roshka-juta-asa-schlucht-150000\/","title":{"rendered":"Barisakho, Roshka, Juta, Asa-Schlucht 1:50&#8217;000"},"content":{"rendered":"<p>\nGeoland Trekking Map 3, Barisakho, Roshka, Juta, Asa-Schlucht 1:50.000<\/p>\n<p>Detaillierte Wander- und Trekkingkartenserie im Ma\u00dfstab 1:50.000 f\u00fcr die<br \/>\nKleine und Gro\u00dfe Kaukasus-Gebirgskette. Die Serie umfasst 12 Bl\u00e4tter, die<br \/>\nallerdings noch nicht alle erschienen sind. Die Karten zeigen 9 verschiedene<br \/>\nStra\u00dfen- und Wegekategorien, Fl\u00fcsse, Kan\u00e4le, die Vegetation bzw.<br \/>\nBeschaffenheit des Gel\u00e4ndes, Bebaute Fl\u00e4chen und historische, touristische und<br \/>\nnat\u00fcrliche Sehensw\u00fcrdigkeiten. Au\u00dferdem verzeichnen die Karten eine Auflistung<br \/>\nder Sehensw\u00fcrdigkeiten, Ortschaften und der P\u00e4sse und Gipfel mit Koordinaten.  <\/p>\n<p>Die Equidistanz bzw. der H\u00f6henlinienabstand betr\u00e4gt 20m.  <\/p>\n<p>Die Karten sind GPS-Kompatibel (WGS84).<\/p>","protected":false},"excerpt":{"rendered":"<p>Geoland Trekking Map 3, Barisakho, Roshka, Juta, Asa-Schlucht 1:50.000 Detaillierte Wander- und Trekkingkartenserie im Ma\u00dfstab 1:50.000 f\u00fcr die Kleine und Gro\u00dfe Kaukasus-Gebirgskette. Die Serie umfasst 12 Bl\u00e4tter, die allerdings noch nicht alle erschienen sind. Die Karten zeigen 9 verschiedene Stra\u00dfen- und Wegekategorien, Fl\u00fcsse, Kan\u00e4le, die Vegetation bzw. Beschaffenheit des Gel\u00e4ndes, Bebaute Fl\u00e4chen und historische, touristische [&#8230;]\n","protected":false},"featured_media":35917,"template":"","meta":[],"product_brand":[],"product_cat":[21543],"product_tag":[],"class_list":{"0":"post-146324","1":"product","2":"type-product","3":"status-publish","4":"has-post-thumbnail","6":"product_cat-landkarten","7":"pa_autor-geoland","8":"pa_erscheinungsjahr-21586","9":"pa_region-asien","10":"pa_sprache-en","12":"first","13":"instock","14":"taxable","15":"shipping-taxable","16":"purchasable","17":"product-type-simple"},"_links":{"self":[{"href":"https:\/\/pizbube.ch\/en\/wp-json\/wp\/v2\/product\/146324","targetHints":{"allow":["GET"]}}],"collection":[{"href":"https:\/\/pizbube.ch\/en\/wp-json\/wp\/v2\/product"}],"about":[{"href":"https:\/\/pizbube.ch\/en\/wp-json\/wp\/v2\/types\/product"}],"wp:featuredmedia":[{"embeddable":true,"href":"https:\/\/pizbube.ch\/en\/wp-json\/wp\/v2\/media\/35917"}],"wp:attachment":[{"href":"https:\/\/pizbube.ch\/en\/wp-json\/wp\/v2\/media?parent=146324"}],"wp:term":[{"taxonomy":"product_brand","embeddable":true,"href":"https:\/\/pizbube.ch\/en\/wp-json\/wp\/v2\/product_brand?post=146324"},{"taxonomy":"product_cat","embeddable":true,"href":"https:\/\/pizbube.ch\/en\/wp-json\/wp\/v2\/product_cat?post=146324"},{"taxonomy":"product_tag","embeddable":true,"href":"https:\/\/pizbube.ch\/en\/wp-json\/wp\/v2\/product_tag?post=146324"}],"curies":[{"name":"wp","href":"https:\/\/api.w.org\/{rel}","templated":true}]}}