{"id":146326,"date":"2021-01-15T10:53:35","date_gmt":"2021-01-15T10:53:35","guid":{"rendered":"https:\/\/codengine3.ch\/?product=import-placeholder-for-208138"},"modified":"2022-11-10T08:52:56","modified_gmt":"2022-11-10T07:52:56","slug":"georgien-kleiner-und-grosser-kaukasus","status":"publish","type":"product","link":"https:\/\/pizbube.ch\/en\/shop\/georgien-kleiner-und-grosser-kaukasus\/","title":{"rendered":"Georgien &#8211; Kleiner und Grosser Kaukasus"},"content":{"rendered":"<p><span class=\"value\">Georgien ist ein Geheimtipp \u2013 jenseits von Touristenmassen findet man Einsamkeit und Abenteuer. Das kleine Land am Schwarzen Meer vereint jahrtausendealte Kultur und eine einzigartige Natur, die mehr als sieben Klimazonen umfasst \u2013 vom hochalpinen Gro\u00dfen Kaukasus mit schneebedeckten 5000ern \u00fcber die subtropische Kolchis-Ebene am Schwarzen Meer bis zur Halbw\u00fcste im S\u00fcden. Der Rother Wanderf\u00fchrer \u00bbGeorgien\u00ab ist der erste deutschsprachige Wanderf\u00fchrer f\u00fcr dieses Land \u2013 er stellt 48 Wanderungen von leicht bis anspruchsvoll vor.<\/span><\/p>\n<p>Das einstige Urlaubsparadies der UdSSR geriet nach seiner Unabh\u00e4ngigkeit im Osten in Vergessenheit und war im Westen als Reiseziel fast g\u00e4nzlich unbekannt. Seit knapp 20 Jahren wird die Infrastruktur stetig verbessert und der \u00bbBalkon Europas\u00ab etabliert sich als sicheres, hochinteressantes und von au\u00dfergew\u00f6hnlicher Gastfreundschaft gepr\u00e4gtes Urlaubsziel.<\/p>\n<p>Auf zahlreichen Reisen erkundete die Autorin Nina Kramm das Land. In ihrem Rother Wanderf\u00fchrer stellt sie die sch\u00f6nsten Wanderungen in Swanetien, Tuschetien und der Kasbek-Region im Gro\u00dfen Kaukasus, dem Borjomi-Nationalpark und Javakhetien im Kleinen Kaukasus und der Region Tbilissi vor.<\/p>\n<p>Jede Tour wird mit einer zuverl\u00e4ssigen Wegbeschreibung, einem detaillierten Wanderk\u00e4rtchen mit eingetragenem Routenverlauf und einem aussagekr\u00e4ftigen H\u00f6henprofil vorgestellt. Hinzu kommen zahlreiche Tipps und Infos zu Verkehrsanbindung, Einkehr und Unterkunft und wichtigen Infos zur Tour. Au\u00dferdem stehen GPS-Daten zum Download bereit. Viele Bilder und informative Texte zu Land und Leuten wecken daheim schon die Vorfreude auf einen abwechslungsreichen Urlaub in Georgien.<\/p>\n<p>Einige Touren dieses Wanderf\u00fchrers k\u00f6nnen zu Mehrtagestouren verbunden werden<\/p>\n<p>3. aktualis. Auflage 2023; 184 Seiten mit 80 Farbabbildungen<br \/>\n48 H\u00f6henprofile, 48 Wanderk\u00e4rtchen im Ma\u00dfstab 1:50.000 \/ 1:75.000, eine<br \/>\n\u00dcbersichtskarte, GPS-Tracks zum Download<\/p>","protected":false},"excerpt":{"rendered":"<p>Georgien ist ein Geheimtipp \u2013 jenseits von Touristenmassen findet man Einsamkeit und Abenteuer. Das kleine Land am Schwarzen Meer vereint jahrtausendealte Kultur und eine einzigartige Natur, die mehr als sieben Klimazonen umfasst \u2013 vom hochalpinen Gro\u00dfen Kaukasus mit schneebedeckten 5000ern \u00fcber die subtropische Kolchis-Ebene am Schwarzen Meer bis zur Halbw\u00fcste im S\u00fcden. Der Rother Wanderf\u00fchrer [&#8230;]\n","protected":false},"featured_media":164401,"template":"","meta":[],"product_brand":[],"product_cat":[21605],"product_tag":[],"class_list":{"0":"post-146326","1":"product","2":"type-product","3":"status-publish","4":"has-post-thumbnail","6":"product_cat-wanderfuehrer-trekking","7":"pa_autor-kramm","8":"pa_erscheinungsjahr-27129","9":"pa_region-asien","10":"pa_sprache-de","12":"first","13":"instock","14":"taxable","15":"shipping-taxable","16":"purchasable","17":"product-type-simple"},"_links":{"self":[{"href":"https:\/\/pizbube.ch\/en\/wp-json\/wp\/v2\/product\/146326","targetHints":{"allow":["GET"]}}],"collection":[{"href":"https:\/\/pizbube.ch\/en\/wp-json\/wp\/v2\/product"}],"about":[{"href":"https:\/\/pizbube.ch\/en\/wp-json\/wp\/v2\/types\/product"}],"wp:featuredmedia":[{"embeddable":true,"href":"https:\/\/pizbube.ch\/en\/wp-json\/wp\/v2\/media\/164401"}],"wp:attachment":[{"href":"https:\/\/pizbube.ch\/en\/wp-json\/wp\/v2\/media?parent=146326"}],"wp:term":[{"taxonomy":"product_brand","embeddable":true,"href":"https:\/\/pizbube.ch\/en\/wp-json\/wp\/v2\/product_brand?post=146326"},{"taxonomy":"product_cat","embeddable":true,"href":"https:\/\/pizbube.ch\/en\/wp-json\/wp\/v2\/product_cat?post=146326"},{"taxonomy":"product_tag","embeddable":true,"href":"https:\/\/pizbube.ch\/en\/wp-json\/wp\/v2\/product_tag?post=146326"}],"curies":[{"name":"wp","href":"https:\/\/api.w.org\/{rel}","templated":true}]}}