{"id":146327,"date":"2021-01-15T10:53:35","date_gmt":"2021-01-15T10:53:35","guid":{"rendered":"https:\/\/codengine3.ch\/?product=import-placeholder-for-208418"},"modified":"2021-01-15T17:53:47","modified_gmt":"2021-01-15T17:53:47","slug":"wanderfuehrer-georgien-53-wanderungen","status":"publish","type":"product","link":"https:\/\/pizbube.ch\/en\/shop\/wanderfuehrer-georgien-53-wanderungen\/","title":{"rendered":"Wanderf\u00fchrer Georgien &#8211; 53 Wanderungen"},"content":{"rendered":"<p>\nGeorgien ist die Reise-Entdeckung der letzten Jahre. Kein Wunder, verbindet<br \/>\ndas Land doch wie wenige andere die unterschiedlichsten Eindr\u00fccke auf kleinem<br \/>\nRaum. Die schroffen Gipfel des Kaukasus mit H\u00f6hen bis jenseits von 5000 Metern<br \/>\nund subtropisches Klima an der Schwarzmeerk\u00fcste. Eine uralte Kultur, die in<br \/>\neine Zeit zur\u00fcckreicht, die in Mitteleuropa im Dunkel der Geschichte versinkt.<br \/>\nDazu gute K\u00fcche, die legend\u00e4re Gastfreundschaft der Georgier und eine<br \/>\ndynamische gesellschaftliche Entwicklung, die \u00fcberall im Alltag zu sp\u00fcren ist<br \/>\n\u2013 trotz der schwierigen politischen Rahmenbedingungen.  <\/p>\n<p>Der neue Wanderf\u00fchrer Georgien ist das Buch eines erfahrenen Wander- und<br \/>\nGeorgien-Liebhabers: Peter Nasmyth hat nicht nur vielfach zur Geschichte und<br \/>\nKultur Georgiens publiziert, sondern auch jahrelang in Georgien gelebt und das<br \/>\nLand auf zahlreichen Streifz\u00fcgen intensiv kennengelernt. In 53 Wanderungen<br \/>\nlernt man Tiflis aus der Vogelperspektive kennen, gelangt zu heidnischen<br \/>\nHeiligst\u00e4tten, uralten Ruinen oder gar zum Gergeti-Gletscher und erlebt auf<br \/>\ndem \u201cDach der Welt\u201d einige der sch\u00f6nsten Aussichten Swanetiens &#8211; ein<br \/>\nunabdingbarer Reisebegleiter f\u00fcr ein Land, in dem noch l\u00e4ngst nicht alle<br \/>\nWanderwege gekennzeichnet sind.  <\/p>\n<p>Die Wanderungen sind nach Schwierigkeitsgrad gekennzeichnet und bieten<br \/>\nausgew\u00e4hlte Erlebnisse f\u00fcr Natur- und Kulturfreunde aller Altersklassen und<br \/>\nErfahrungsstufen. Mit detaillierten Routenbeschreibungen, Kartenausschnitten,<br \/>\nHinweisen zu Flora und Fauna und Einkehrempfehlungen liefert der aktuelle<br \/>\nWanderf\u00fchrer alle wichtigen Information zur Region und zu den einzelnen<br \/>\nWanderungen.  <\/p>\n<p>1. Auflage 2020; 276 Seiten.<br \/>\nAusstattung: durchgehend farbig illustriert, 53 Wandertouren, detaillierte<br \/>\nKarten, Griffmarken und Kartenverweise, ausf\u00fchrliches Ortsregister  <\/p>","protected":false},"excerpt":{"rendered":"<p>Georgien ist die Reise-Entdeckung der letzten Jahre. Kein Wunder, verbindet das Land doch wie wenige andere die unterschiedlichsten Eindr\u00fccke auf kleinem Raum. Die schroffen Gipfel des Kaukasus mit H\u00f6hen bis jenseits von 5000 Metern und subtropisches Klima an der Schwarzmeerk\u00fcste. Eine uralte Kultur, die in eine Zeit zur\u00fcckreicht, die in Mitteleuropa im Dunkel der Geschichte [&#8230;]\n","protected":false},"featured_media":40146,"template":"","meta":[],"product_brand":[],"product_cat":[21605],"product_tag":[],"class_list":{"0":"post-146327","1":"product","2":"type-product","3":"status-publish","4":"has-post-thumbnail","6":"product_cat-wanderfuehrer-trekking","7":"pa_autor-nasmyth","8":"pa_erscheinungsjahr-21558","9":"pa_region-asien","10":"pa_sprache-de","12":"first","13":"instock","14":"taxable","15":"shipping-taxable","16":"purchasable","17":"product-type-simple"},"_links":{"self":[{"href":"https:\/\/pizbube.ch\/en\/wp-json\/wp\/v2\/product\/146327","targetHints":{"allow":["GET"]}}],"collection":[{"href":"https:\/\/pizbube.ch\/en\/wp-json\/wp\/v2\/product"}],"about":[{"href":"https:\/\/pizbube.ch\/en\/wp-json\/wp\/v2\/types\/product"}],"wp:featuredmedia":[{"embeddable":true,"href":"https:\/\/pizbube.ch\/en\/wp-json\/wp\/v2\/media\/40146"}],"wp:attachment":[{"href":"https:\/\/pizbube.ch\/en\/wp-json\/wp\/v2\/media?parent=146327"}],"wp:term":[{"taxonomy":"product_brand","embeddable":true,"href":"https:\/\/pizbube.ch\/en\/wp-json\/wp\/v2\/product_brand?post=146327"},{"taxonomy":"product_cat","embeddable":true,"href":"https:\/\/pizbube.ch\/en\/wp-json\/wp\/v2\/product_cat?post=146327"},{"taxonomy":"product_tag","embeddable":true,"href":"https:\/\/pizbube.ch\/en\/wp-json\/wp\/v2\/product_tag?post=146327"}],"curies":[{"name":"wp","href":"https:\/\/api.w.org\/{rel}","templated":true}]}}