{"id":146329,"date":"2021-01-15T10:53:35","date_gmt":"2021-01-15T10:53:35","guid":{"rendered":"https:\/\/codengine3.ch\/?product=import-placeholder-for-200038"},"modified":"2026-01-16T09:31:24","modified_gmt":"2026-01-16T08:31:24","slug":"nepal-bebt","status":"publish","type":"product","link":"https:\/\/pizbube.ch\/en\/shop\/nepal-bebt\/","title":{"rendered":"Nepal bebt"},"content":{"rendered":"<p>Das Land am Himalaya zwischen Katastrophe und Chance<\/p>\n<p>Im April 2015 wurde Nepal von einem schweren Erdbeben ersch\u00fcttert. Obwohl die<br \/>\nFolgen bei Weitem nicht das apokalyptische Ausma\u00df erreichten, das Experten<br \/>\nprophezeit hatten, versagte die Regierung bei der Bew\u00e4ltigung der Katastrophe<br \/>\nauf ganzer Linie. Gleichzeitig f\u00fchrten die Auseinandersetzungen um eine neue<br \/>\nVerfassung das Land an den Rand eines B\u00fcrgerkriegs.<\/p>\n<p>Die Ursachen f\u00fcr das Staatsversagen sind in der nepalesischen Geschichte zu<br \/>\nsuchen: Das hinduistische K\u00f6nigshaus, das bis 1990 die absolute Macht in<br \/>\nH\u00e4nden hielt und stets den Eindruck erweckte, es f\u00fchre das Land in eine<br \/>\nbessere Zukunft \u2013 und das daf\u00fcr von allen Seiten reichlich mit<br \/>\nEntwicklungshilfe bedacht wurde \u2013, war in Wahrheit eine religi\u00f6s verbr\u00e4mte<br \/>\nDiktatur, die den gesellschaftlichen und politischen Wandel blockierte. Zudem<br \/>\nwurde zur Abgrenzung gegen das demokratische Indien ein antiindischer<br \/>\nNationalismus propagiert, der bis heute anh\u00e4lt und stets aufs Neue zu<br \/>\nKonflikten mit dem gro\u00dfen Nachbarn f\u00fchrt.<\/p>\n<p>Das Buch bietet eine \u00e4u\u00dferst aufschlussreiche und spannende Analyse der<br \/>\nbewegten Geschichte Nepals und kommt zum klaren Schluss, dass die Erblasten<br \/>\naus der Zeit der K\u00f6nigsherrschaft endlich abgelegt werden m\u00fcssen \u2013 sonst<br \/>\nverbaut sich das kleine Land am Himalaya auch weiterhin seine Zukunft.<\/p>\n<p>320 Seiten, 20.4 \u00d7 13.5 cm, Klappenbroschur; 1. Auflage;<br \/>\nMit zahlreichen Fotos<\/p>","protected":false},"excerpt":{"rendered":"<p>Das Land am Himalaya zwischen Katastrophe und Chance Im April 2015 wurde Nepal von einem schweren Erdbeben ersch\u00fcttert. Obwohl die Folgen bei Weitem nicht das apokalyptische Ausma\u00df erreichten, das Experten prophezeit hatten, versagte die Regierung bei der Bew\u00e4ltigung der Katastrophe auf ganzer Linie. Gleichzeitig f\u00fchrten die Auseinandersetzungen um eine neue Verfassung das Land an den [&#8230;]\n","protected":false},"featured_media":182837,"template":"","meta":[],"product_brand":[],"product_cat":[21542],"product_tag":[],"class_list":{"0":"post-146329","1":"product","2":"type-product","3":"status-publish","4":"has-post-thumbnail","6":"product_cat-sachbuecher-dokumentationen","7":"pa_autor-sauer","8":"pa_erscheinungsjahr-21574","9":"pa_region-asien","10":"pa_sprache-de","12":"first","13":"instock","14":"taxable","15":"shipping-taxable","16":"purchasable","17":"product-type-simple"},"_links":{"self":[{"href":"https:\/\/pizbube.ch\/en\/wp-json\/wp\/v2\/product\/146329","targetHints":{"allow":["GET"]}}],"collection":[{"href":"https:\/\/pizbube.ch\/en\/wp-json\/wp\/v2\/product"}],"about":[{"href":"https:\/\/pizbube.ch\/en\/wp-json\/wp\/v2\/types\/product"}],"wp:featuredmedia":[{"embeddable":true,"href":"https:\/\/pizbube.ch\/en\/wp-json\/wp\/v2\/media\/182837"}],"wp:attachment":[{"href":"https:\/\/pizbube.ch\/en\/wp-json\/wp\/v2\/media?parent=146329"}],"wp:term":[{"taxonomy":"product_brand","embeddable":true,"href":"https:\/\/pizbube.ch\/en\/wp-json\/wp\/v2\/product_brand?post=146329"},{"taxonomy":"product_cat","embeddable":true,"href":"https:\/\/pizbube.ch\/en\/wp-json\/wp\/v2\/product_cat?post=146329"},{"taxonomy":"product_tag","embeddable":true,"href":"https:\/\/pizbube.ch\/en\/wp-json\/wp\/v2\/product_tag?post=146329"}],"curies":[{"name":"wp","href":"https:\/\/api.w.org\/{rel}","templated":true}]}}