{"id":146330,"date":"2021-01-15T10:53:35","date_gmt":"2021-01-15T10:53:35","guid":{"rendered":"https:\/\/codengine3.ch\/?product=import-placeholder-for-207945"},"modified":"2021-07-09T16:51:48","modified_gmt":"2021-07-09T14:51:48","slug":"laecheln-gegen-die-kaelte-geschichten-aus-dem-himalaya","status":"publish","type":"product","link":"https:\/\/pizbube.ch\/en\/shop\/laecheln-gegen-die-kaelte-geschichten-aus-dem-himalaya\/","title":{"rendered":"L\u00e4cheln gegen die K\u00e4lte &#8211; Geschichten aus dem Himalaya"},"content":{"rendered":"<p>&#171;Ich fahre immer wieder in den Himalaya. Und immer wieder f\u00fchrt der Weg<br \/>\ndurchs Khumbu, die Heimat der Sherpa. Hinauf zum Gokyo Lake und Gokyo Peak,<br \/>\nhinein zum Parchamo Peak, Island Peak oder ins Basislager des Mount Everest.<br \/>\nF\u00fcr mich sind all die Wege schon wohlbekannt. Trotzdem: Jede Reise ist anders<br \/>\nund Nepal ver\u00e4ndert sich &#8230; F\u00fcr mich, da ich Nepal seit \u00fcber drei\u00dfig Jahren<br \/>\nregelm\u00e4\u00dfig bereise, ist jeder Aufenthalt auch eine Heimkehr &#8211; ein Nachschauen<br \/>\nwie es den Menschen geht &#8230;&#187;<\/p>\n<p>Rudolf Alexander Mayr &#171;Nachschauen, wie es den Menschen geht&#187; &#8211; unter diesem<br \/>\nMotto k\u00f6nnte man die Geschichten aus dem Himalaya zusammenfassen, die der<br \/>\nInnsbrucker Schriftsteller und ehemalige Extrembergsteiger Rudolf Alexander<br \/>\n(Rudi) Mayr in diesem Buch erz\u00e4hlt. Die welth\u00f6chsten Gipfel spannen dabei den<br \/>\nweiten Raum auf, in dem wir Menschen begegnen, deren Leben von diesen Bergen<br \/>\nbestimmt wird: Nepalesen, Sherpa, Hunza und Tibeter, die nicht nur in den<br \/>\nBergen leben, sondern auch von den Bergen &#8211; und von denen, die dorthin reisen,<br \/>\num eine Gegenwelt zu ihrem Alltag zu suchen.<\/p>\n<p>Es sind zeitlose, atmosph\u00e4risch dichte Momentaufnahmen, teils mit leiser<br \/>\nLakonie, teils mit warmer, melancholisch gef\u00e4rbter Empathie erz\u00e4hlt, die<br \/>\npers\u00f6nliche Schicksale widerspiegeln, die Besonderheiten von Land und Leuten<br \/>\nerleben lassen und, gerade weil sie den Boden der Tatsachen nicht verlassen,<br \/>\nauf subtile Art und Weise immer wieder unbegreifbare Realit\u00e4ten sp\u00fcrbar<br \/>\nmachen.<\/p>","protected":false},"excerpt":{"rendered":"<p>&#171;Ich fahre immer wieder in den Himalaya. Und immer wieder f\u00fchrt der Weg durchs Khumbu, die Heimat der Sherpa. Hinauf zum Gokyo Lake und Gokyo Peak, hinein zum Parchamo Peak, Island Peak oder ins Basislager des Mount Everest. F\u00fcr mich sind all die Wege schon wohlbekannt. Trotzdem: Jede Reise ist anders und Nepal ver\u00e4ndert sich [&#8230;]\n","protected":false},"featured_media":38907,"template":"","meta":[],"product_brand":[],"product_cat":[21629],"product_tag":[],"class_list":{"0":"post-146330","1":"product","2":"type-product","3":"status-publish","4":"has-post-thumbnail","6":"product_cat-belletristik","7":"pa_autor-mayr","8":"pa_erscheinungsjahr-21550","9":"pa_region-oesterreich","10":"pa_sprache-de","12":"first","13":"onbackorder","14":"taxable","15":"shipping-taxable","16":"purchasable","17":"product-type-simple"},"_links":{"self":[{"href":"https:\/\/pizbube.ch\/en\/wp-json\/wp\/v2\/product\/146330","targetHints":{"allow":["GET"]}}],"collection":[{"href":"https:\/\/pizbube.ch\/en\/wp-json\/wp\/v2\/product"}],"about":[{"href":"https:\/\/pizbube.ch\/en\/wp-json\/wp\/v2\/types\/product"}],"wp:featuredmedia":[{"embeddable":true,"href":"https:\/\/pizbube.ch\/en\/wp-json\/wp\/v2\/media\/38907"}],"wp:attachment":[{"href":"https:\/\/pizbube.ch\/en\/wp-json\/wp\/v2\/media?parent=146330"}],"wp:term":[{"taxonomy":"product_brand","embeddable":true,"href":"https:\/\/pizbube.ch\/en\/wp-json\/wp\/v2\/product_brand?post=146330"},{"taxonomy":"product_cat","embeddable":true,"href":"https:\/\/pizbube.ch\/en\/wp-json\/wp\/v2\/product_cat?post=146330"},{"taxonomy":"product_tag","embeddable":true,"href":"https:\/\/pizbube.ch\/en\/wp-json\/wp\/v2\/product_tag?post=146330"}],"curies":[{"name":"wp","href":"https:\/\/api.w.org\/{rel}","templated":true}]}}