{"id":146332,"date":"2021-01-15T10:53:35","date_gmt":"2021-01-15T10:53:35","guid":{"rendered":"https:\/\/codengine3.ch\/?product=import-placeholder-for-200238"},"modified":"2021-01-15T10:55:39","modified_gmt":"2021-01-15T10:55:39","slug":"nepali-wort-fuer-wort","status":"publish","type":"product","link":"https:\/\/pizbube.ch\/en\/shop\/nepali-wort-fuer-wort\/","title":{"rendered":"Nepali &#8211; Wort f\u00fcr Wort"},"content":{"rendered":"<p>Dass K\u00fche in Nepal heilig sind, mag noch allgemein bekannt sein, aber dass<br \/>\neinem alle S\u00fcnden des Tages vergeben werden, wenn man den nepalesischen K\u00f6nig<br \/>\nerblickt, dass man Geld erhalten wird, wenn die linke Handfl\u00e4che juckt und es<br \/>\nunh\u00f6flich ist, beim Sitzen seinem Gegen\u00fcber die Fu\u00dffl\u00e4chen zu zeigen, das<br \/>\nalles erf\u00e4hrt man in diesem Kauderwelsch-Buch, das sich eben nicht nur mit der<br \/>\nnepalesischen Sprache besch\u00e4ftigt. Denn f\u00e4hrt man nach Nepal mit dem Ziel,<br \/>\nLand und Leute kennenlernen zu wollen, ist die Sprache genauso wichtig wie die<br \/>\nVerhaltensweisen und Regeln, durch deren Einhaltung man der fremden Kultur den<br \/>\nn\u00f6tigen Respekt zollt. Das Nepali der einfachen Menschen ist leicht zu<br \/>\nerlernen und reicht zur Verst\u00e4ndigung v\u00f6llig aus, zudem f\u00e4llt<br \/>\nDeutschsprachigen die Aussprache aufgrund der \u00c4hnlichkeit relativ leicht.<\/p>\n<p>Komplett in Farbe, Umschlagklappen mit Ausspracheregeln und wichtigen<br \/>\nRedewendungen, W\u00f6rterlisten Nepali-Deutsch sowie Deutsch-Nepali,<br \/>\nstrapazierf\u00e4hige Bindung<\/p>","protected":false},"excerpt":{"rendered":"<p>Dass K\u00fche in Nepal heilig sind, mag noch allgemein bekannt sein, aber dass einem alle S\u00fcnden des Tages vergeben werden, wenn man den nepalesischen K\u00f6nig erblickt, dass man Geld erhalten wird, wenn die linke Handfl\u00e4che juckt und es unh\u00f6flich ist, beim Sitzen seinem Gegen\u00fcber die Fu\u00dffl\u00e4chen zu zeigen, das alles erf\u00e4hrt man in diesem Kauderwelsch-Buch, [&#8230;]\n","protected":false},"featured_media":26311,"template":"","meta":[],"product_brand":[],"product_cat":[21542],"product_tag":[],"class_list":{"0":"post-146332","1":"product","2":"type-product","3":"status-publish","4":"has-post-thumbnail","6":"product_cat-sachbuecher-dokumentationen","7":"pa_autor-vossmann","8":"pa_erscheinungsjahr-21568","9":"pa_region-deutschland","10":"pa_sprache-de","12":"first","13":"instock","14":"taxable","15":"shipping-taxable","16":"purchasable","17":"product-type-simple"},"_links":{"self":[{"href":"https:\/\/pizbube.ch\/en\/wp-json\/wp\/v2\/product\/146332","targetHints":{"allow":["GET"]}}],"collection":[{"href":"https:\/\/pizbube.ch\/en\/wp-json\/wp\/v2\/product"}],"about":[{"href":"https:\/\/pizbube.ch\/en\/wp-json\/wp\/v2\/types\/product"}],"wp:featuredmedia":[{"embeddable":true,"href":"https:\/\/pizbube.ch\/en\/wp-json\/wp\/v2\/media\/26311"}],"wp:attachment":[{"href":"https:\/\/pizbube.ch\/en\/wp-json\/wp\/v2\/media?parent=146332"}],"wp:term":[{"taxonomy":"product_brand","embeddable":true,"href":"https:\/\/pizbube.ch\/en\/wp-json\/wp\/v2\/product_brand?post=146332"},{"taxonomy":"product_cat","embeddable":true,"href":"https:\/\/pizbube.ch\/en\/wp-json\/wp\/v2\/product_cat?post=146332"},{"taxonomy":"product_tag","embeddable":true,"href":"https:\/\/pizbube.ch\/en\/wp-json\/wp\/v2\/product_tag?post=146332"}],"curies":[{"name":"wp","href":"https:\/\/api.w.org\/{rel}","templated":true}]}}