{"id":146336,"date":"2021-01-15T10:53:35","date_gmt":"2021-01-15T10:53:35","guid":{"rendered":"https:\/\/codengine3.ch\/?product=import-placeholder-for-200039"},"modified":"2021-01-15T10:53:41","modified_gmt":"2021-01-15T10:53:41","slug":"wanderungen-1-bis-20","status":"publish","type":"product","link":"https:\/\/pizbube.ch\/en\/shop\/wanderungen-1-bis-20\/","title":{"rendered":"Wanderungen 1 bis 20"},"content":{"rendered":"<p>\n\u201eWanderungen 1 bis 20\u201c l\u00e4dt dazu ein, auf Wanderschaft zu gehen. Acht<br \/>\nWanderungen in den Schweizer Bergen von Mai bis November sind in diesem Heft<br \/>\nskizziert \u2014 sowohl k\u00fcrzere als auch ausgedehntere, die mal eine Extraportion<br \/>\nSchnauf verlangen.  <\/p>\n<p>Zw\u00f6lf eigenen Wanderungen bietet das Heft Platz, um notiert und gesammelt zu<br \/>\nwerden und sich sp\u00e4ter an sie zu erinnern oder sie jemandem weiterzuempfehlen.<\/p>\n<p>Gewandert, gestaltet, fotografiert und herausgegeben von Anika Rosen.  <\/p>\n<p>Komplett in der Schweiz hergestellte, auf 100% Recyclingpapier gedruckte und<br \/>\nvon Hand gebundene Publikation;<br \/>\n23.4 x 17 cm, 72 Seiten; Farb-Offset; Broschur mit Klappumschlag,<br \/>\nFadenheftung; 100% Recyclingpapier, hochweiss, matt &#038; rau<\/p>","protected":false},"excerpt":{"rendered":"<p>\u201eWanderungen 1 bis 20\u201c l\u00e4dt dazu ein, auf Wanderschaft zu gehen. Acht Wanderungen in den Schweizer Bergen von Mai bis November sind in diesem Heft skizziert \u2014 sowohl k\u00fcrzere als auch ausgedehntere, die mal eine Extraportion Schnauf verlangen. Zw\u00f6lf eigenen Wanderungen bietet das Heft Platz, um notiert und gesammelt zu werden und sich sp\u00e4ter an [&#8230;]\n","protected":false},"featured_media":25777,"template":"","meta":[],"product_brand":[],"product_cat":[21605],"product_tag":[],"class_list":{"0":"post-146336","1":"product","2":"type-product","3":"status-publish","4":"has-post-thumbnail","6":"product_cat-wanderfuehrer-trekking","7":"pa_autor-rosen","8":"pa_erscheinungsjahr-21558","9":"pa_region-schweiz","10":"pa_sprache-de","12":"first","13":"instock","14":"taxable","15":"shipping-taxable","16":"purchasable","17":"product-type-simple"},"_links":{"self":[{"href":"https:\/\/pizbube.ch\/en\/wp-json\/wp\/v2\/product\/146336","targetHints":{"allow":["GET"]}}],"collection":[{"href":"https:\/\/pizbube.ch\/en\/wp-json\/wp\/v2\/product"}],"about":[{"href":"https:\/\/pizbube.ch\/en\/wp-json\/wp\/v2\/types\/product"}],"wp:featuredmedia":[{"embeddable":true,"href":"https:\/\/pizbube.ch\/en\/wp-json\/wp\/v2\/media\/25777"}],"wp:attachment":[{"href":"https:\/\/pizbube.ch\/en\/wp-json\/wp\/v2\/media?parent=146336"}],"wp:term":[{"taxonomy":"product_brand","embeddable":true,"href":"https:\/\/pizbube.ch\/en\/wp-json\/wp\/v2\/product_brand?post=146336"},{"taxonomy":"product_cat","embeddable":true,"href":"https:\/\/pizbube.ch\/en\/wp-json\/wp\/v2\/product_cat?post=146336"},{"taxonomy":"product_tag","embeddable":true,"href":"https:\/\/pizbube.ch\/en\/wp-json\/wp\/v2\/product_tag?post=146336"}],"curies":[{"name":"wp","href":"https:\/\/api.w.org\/{rel}","templated":true}]}}