{"id":146337,"date":"2021-01-15T10:53:35","date_gmt":"2021-01-15T10:53:35","guid":{"rendered":"https:\/\/codengine3.ch\/?product=import-placeholder-for-208812"},"modified":"2025-10-31T10:01:58","modified_gmt":"2025-10-31T09:01:58","slug":"schweizer-wunder-ausfluege-zu-kuriosen-und-staunenswerten-dingen","status":"publish","type":"product","link":"https:\/\/pizbube.ch\/en\/shop\/schweizer-wunder-ausfluege-zu-kuriosen-und-staunenswerten-dingen\/","title":{"rendered":"Schweizer Wunder &#8211; Ausfl\u00fcge zu kuriosen und staunenswerten Dingen."},"content":{"rendered":"<p>F\u00fcr Thomas Widmer sind \u00abWunder\u00bb Dinge der Natur, der Geografie und Geologie,<br \/>\nder Geschichte und der Gegenwart, die wunderbar und wundervoll sind, also<br \/>\nirgendwie aus dem Normalen herausragen. Oder Dinge, die den Gwunder wecken,<br \/>\ndie Neugier.<\/p>\n<p>Wie der Elefant im Stadtz\u00fcrcher Tobel. Die Schmugglertreppe bei Chiasso. Das<br \/>\nSchneeloch auf Oberch\u00e4seren. Und viele andere spektakul\u00e4re Dinge und Orte im<br \/>\nLand, die jederzeit einen Ausflug wert sind &#8211; f\u00fcr die ganze Familie und f\u00fcr<br \/>\njedes Wetter.<\/p>\n<p>Gebunden, 272 Seiten, bebildert.<\/p>","protected":false},"excerpt":{"rendered":"<p>F\u00fcr Thomas Widmer sind \u00abWunder\u00bb Dinge der Natur, der Geografie und Geologie, der Geschichte und der Gegenwart, die wunderbar und wundervoll sind, also irgendwie aus dem Normalen herausragen. Oder Dinge, die den Gwunder wecken, die Neugier. Wie der Elefant im Stadtz\u00fcrcher Tobel. Die Schmugglertreppe bei Chiasso. Das Schneeloch auf Oberch\u00e4seren. Und viele andere spektakul\u00e4re Dinge [&#8230;]\n","protected":false},"featured_media":181958,"template":"","meta":[],"product_brand":[],"product_cat":[21605],"product_tag":[],"class_list":{"0":"post-146337","1":"product","2":"type-product","3":"status-publish","4":"has-post-thumbnail","6":"product_cat-wanderfuehrer-trekking","7":"pa_autor-widmer","8":"pa_erscheinungsjahr-21571","9":"pa_region-schweiz","10":"pa_sprache-de","12":"first","13":"instock","14":"taxable","15":"shipping-taxable","16":"purchasable","17":"product-type-simple"},"_links":{"self":[{"href":"https:\/\/pizbube.ch\/en\/wp-json\/wp\/v2\/product\/146337","targetHints":{"allow":["GET"]}}],"collection":[{"href":"https:\/\/pizbube.ch\/en\/wp-json\/wp\/v2\/product"}],"about":[{"href":"https:\/\/pizbube.ch\/en\/wp-json\/wp\/v2\/types\/product"}],"wp:featuredmedia":[{"embeddable":true,"href":"https:\/\/pizbube.ch\/en\/wp-json\/wp\/v2\/media\/181958"}],"wp:attachment":[{"href":"https:\/\/pizbube.ch\/en\/wp-json\/wp\/v2\/media?parent=146337"}],"wp:term":[{"taxonomy":"product_brand","embeddable":true,"href":"https:\/\/pizbube.ch\/en\/wp-json\/wp\/v2\/product_brand?post=146337"},{"taxonomy":"product_cat","embeddable":true,"href":"https:\/\/pizbube.ch\/en\/wp-json\/wp\/v2\/product_cat?post=146337"},{"taxonomy":"product_tag","embeddable":true,"href":"https:\/\/pizbube.ch\/en\/wp-json\/wp\/v2\/product_tag?post=146337"}],"curies":[{"name":"wp","href":"https:\/\/api.w.org\/{rel}","templated":true}]}}