{"id":146339,"date":"2021-01-15T10:53:35","date_gmt":"2021-01-15T10:53:35","guid":{"rendered":"https:\/\/codengine3.ch\/?product=import-placeholder-for-208365"},"modified":"2025-12-12T10:11:26","modified_gmt":"2025-12-12T09:11:26","slug":"heimatschutz-unterwegs-historische-pfade","status":"publish","type":"product","link":"https:\/\/pizbube.ch\/en\/shop\/heimatschutz-unterwegs-historische-pfade\/","title":{"rendered":"Heimatschutz unterwegs: Historische Pfade"},"content":{"rendered":"<p>Wegbau-Kunst erwandern: 35 attraktive Routenvorschl\u00e4ge in der ganzen Schweiz.<br \/>\nDie erste Ausgabe der neuen Publikationsreihe des Schweizer Heimatschutzes<br \/>\nwidmet sich historischen Wegen, Verkehrslandschaften und Infrastrukturbauten.<\/p>\n<p>Die Topografie der kleinen Alpennation im Herzen Europas spornt Weg- und<br \/>\nStrassenbauer bereits seit Jahrhunderten zu H\u00f6chstleistungen an. Wagemutige<br \/>\nBr\u00fcckenkonstruktionen, alte Saumpfade, napoleonische Alpenstrassen und<br \/>\nKutschenfahrwege der Belle \u00c9poque spiegeln gesellschaftliche, politische und<br \/>\ntechnische Entwicklungen. Sie erz\u00e4hlen anschaulich Kulturgeschichte.<\/p>\n<p>Kulturgut Weg<br \/>\nDass noch Wegstrecken und Strassenabschnitte in ihrer Originalsubstanz<br \/>\nerhalten sind, ist nicht selbstverst\u00e4ndlich. Der Bund hat die Bedeutung dieser<br \/>\nbesonderen Zeitzeugen fr\u00fch erkannt und ab den 1980er Jahren erforschen und<br \/>\nkartieren lassen. Die Ergebnisse fanden Eingang ins Bundesinventar der<br \/>\nhistorischen Verkehrswege der Schweiz (IVS). Der Schweizer Heimatschutz m\u00f6chte<br \/>\nlustvoll auf dieses Kulturerbe aufmerksam machen. Unsere Routenauswahl st\u00fctzt<br \/>\nsich wesentlich auf das IVS und f\u00fchrt durch fachgerecht restaurierte Passagen<br \/>\nsowie sch\u00f6nste Landschaften.<\/p>\n<p>Neue Publikationsreihe in neuem Format<br \/>\nUm weitl\u00e4ufige Strukturen erlebbar zu machen, lanciert der Schweizer<br \/>\nHeimatschutz ein besonderes Format. Ziel ist, die Reiselust der Leser\/innen zu<br \/>\nwecken. Hochwertige Bilder, detaillierte Kartenausschnitte, Tipps und<br \/>\nVarianten bieten die Grundlagen zur Reiseplanung, informative Kurztexte geben<br \/>\nEinblick in die Geschichte der Wege und heben interessante Details hervor. 35<br \/>\nRoutenbl\u00e4tter und eine \u00dcbersichtsbrosch\u00fcre finden im aufw\u00e4ndig produzierten,<br \/>\neigens entwickelten Druckprodukt Platz. Zudem sind s\u00e4mtliche Wanderstrecken<br \/>\nauf schweizmobil.ch hinterlegt.<\/p>\n<p>Heimatschutz unterwegs. Historische Pfade<br \/>\nMit \u00dcbersichtsbrosch\u00fcre und 35 Routenbl\u00e4ttern<br \/>\nFormat: 167 x 122 x 33 mm, zweisprachig D\/F<\/p>","protected":false},"excerpt":{"rendered":"<p>Wegbau-Kunst erwandern: 35 attraktive Routenvorschl\u00e4ge in der ganzen Schweiz. Die erste Ausgabe der neuen Publikationsreihe des Schweizer Heimatschutzes widmet sich historischen Wegen, Verkehrslandschaften und Infrastrukturbauten. Die Topografie der kleinen Alpennation im Herzen Europas spornt Weg- und Strassenbauer bereits seit Jahrhunderten zu H\u00f6chstleistungen an. Wagemutige Br\u00fcckenkonstruktionen, alte Saumpfade, napoleonische Alpenstrassen und Kutschenfahrwege der Belle \u00c9poque spiegeln [&#8230;]\n","protected":false},"featured_media":41139,"template":"","meta":[],"product_brand":[],"product_cat":[21605],"product_tag":[],"class_list":{"0":"post-146339","1":"product","2":"type-product","3":"status-publish","4":"has-post-thumbnail","6":"product_cat-wanderfuehrer-trekking","7":"pa_autor-schweizer-heimatschutz","8":"pa_erscheinungsjahr-21546","9":"pa_region-schweiz","10":"pa_sprache-de-fr","12":"first","13":"outofstock","14":"taxable","15":"shipping-taxable","16":"purchasable","17":"product-type-simple"},"_links":{"self":[{"href":"https:\/\/pizbube.ch\/en\/wp-json\/wp\/v2\/product\/146339","targetHints":{"allow":["GET"]}}],"collection":[{"href":"https:\/\/pizbube.ch\/en\/wp-json\/wp\/v2\/product"}],"about":[{"href":"https:\/\/pizbube.ch\/en\/wp-json\/wp\/v2\/types\/product"}],"wp:featuredmedia":[{"embeddable":true,"href":"https:\/\/pizbube.ch\/en\/wp-json\/wp\/v2\/media\/41139"}],"wp:attachment":[{"href":"https:\/\/pizbube.ch\/en\/wp-json\/wp\/v2\/media?parent=146339"}],"wp:term":[{"taxonomy":"product_brand","embeddable":true,"href":"https:\/\/pizbube.ch\/en\/wp-json\/wp\/v2\/product_brand?post=146339"},{"taxonomy":"product_cat","embeddable":true,"href":"https:\/\/pizbube.ch\/en\/wp-json\/wp\/v2\/product_cat?post=146339"},{"taxonomy":"product_tag","embeddable":true,"href":"https:\/\/pizbube.ch\/en\/wp-json\/wp\/v2\/product_tag?post=146339"}],"curies":[{"name":"wp","href":"https:\/\/api.w.org\/{rel}","templated":true}]}}