{"id":146343,"date":"2021-01-15T10:53:35","date_gmt":"2021-01-15T10:53:35","guid":{"rendered":"https:\/\/codengine3.ch\/?product=import-placeholder-for-200040"},"modified":"2026-02-14T12:31:34","modified_gmt":"2026-02-14T11:31:34","slug":"boulder-en-galicia","status":"publish","type":"product","link":"https:\/\/pizbube.ch\/en\/shop\/boulder-en-galicia\/","title":{"rendered":"Boulder en Galicia"},"content":{"rendered":"<p>Gu\u00eda de b\u00falder de la zona norte de Galicia, que incluye las zonas de Ferrol, A<br \/>\nCoru\u00f1a, Costa da Morte y Lugo. Condensadas en 2000 l\u00edneas, y m\u00e1s de 500<br \/>\nfotograf\u00edas, zonas, sectores y una infinidad de piedras y kil\u00f3metros de<br \/>\nbosques y costas. En las p\u00e1ginas de esta gu\u00eda los autores han intentado<br \/>\nrespetar los croquis originales, evitando hacer los mapas a ordenador para que<br \/>\nmantuviera la esencia de una gu\u00eda local.<\/p>\n<p>Editada a todo color y con multitud de datos pr\u00e1cticos, incluye las zonas de<br \/>\nCorme, Mens Traba, Monte Xalo, Prior, Eume, Lobadiz, Priori\u00f1o, Xistral,<br \/>\nVilalba, Parga, Barredo y Portomar\u00edn.<\/p>\n<ul>\n<li>Encuadernaci\u00f3n:R\u00fastica con solapa<\/li>\n<li>Dimensiones: 15.5 cm x 21 cm<\/li>\n<li>N\u00ba P\u00e1g.:336<\/li>\n<\/ul>","protected":false},"excerpt":{"rendered":"<p>Gu\u00eda de b\u00falder de la zona norte de Galicia, que incluye las zonas de Ferrol, A Coru\u00f1a, Costa da Morte y Lugo. Condensadas en 2000 l\u00edneas, y m\u00e1s de 500 fotograf\u00edas, zonas, sectores y una infinidad de piedras y kil\u00f3metros de bosques y costas. En las p\u00e1ginas de esta gu\u00eda los autores han intentado respetar [&#8230;]\n","protected":false},"featured_media":163554,"template":"","meta":[],"product_brand":[],"product_cat":[21539],"product_tag":[27149,26886],"class_list":{"0":"post-146343","1":"product","2":"type-product","3":"status-publish","4":"has-post-thumbnail","6":"product_cat-fuehrerliteratur-sportklettern-bouldern","7":"product_tag-galicien","8":"product_tag-galizien","9":"pa_autor-lopez-sanchez","10":"pa_erscheinungsjahr-21621","11":"pa_region-spanien","12":"pa_sprache-es","14":"first","15":"onbackorder","16":"taxable","17":"shipping-taxable","18":"purchasable","19":"product-type-simple"},"_links":{"self":[{"href":"https:\/\/pizbube.ch\/en\/wp-json\/wp\/v2\/product\/146343","targetHints":{"allow":["GET"]}}],"collection":[{"href":"https:\/\/pizbube.ch\/en\/wp-json\/wp\/v2\/product"}],"about":[{"href":"https:\/\/pizbube.ch\/en\/wp-json\/wp\/v2\/types\/product"}],"wp:featuredmedia":[{"embeddable":true,"href":"https:\/\/pizbube.ch\/en\/wp-json\/wp\/v2\/media\/163554"}],"wp:attachment":[{"href":"https:\/\/pizbube.ch\/en\/wp-json\/wp\/v2\/media?parent=146343"}],"wp:term":[{"taxonomy":"product_brand","embeddable":true,"href":"https:\/\/pizbube.ch\/en\/wp-json\/wp\/v2\/product_brand?post=146343"},{"taxonomy":"product_cat","embeddable":true,"href":"https:\/\/pizbube.ch\/en\/wp-json\/wp\/v2\/product_cat?post=146343"},{"taxonomy":"product_tag","embeddable":true,"href":"https:\/\/pizbube.ch\/en\/wp-json\/wp\/v2\/product_tag?post=146343"}],"curies":[{"name":"wp","href":"https:\/\/api.w.org\/{rel}","templated":true}]}}