{"id":146344,"date":"2021-01-15T10:53:35","date_gmt":"2021-01-15T10:53:35","guid":{"rendered":"https:\/\/codengine3.ch\/?product=import-placeholder-for-200132"},"modified":"2021-01-15T10:54:35","modified_gmt":"2021-01-15T10:54:35","slug":"pedriza-boulder-1864-bloques","status":"publish","type":"product","link":"https:\/\/pizbube.ch\/en\/shop\/pedriza-boulder-1864-bloques\/","title":{"rendered":"Pedriza boulder. 1864 bloques"},"content":{"rendered":"<p>Guia de Bloque Madrid \/ Boulder Guidebook Madrid<\/p>\n<p>Bouldering in Pedriza: described are 1864 boulders! La Pedriza is a geological<br \/>\nfeature of great scenic and leisure interest. It is located on the southern<br \/>\nslopes of the Guadarrama mountain range, northwest of the Community of Madrid<br \/>\n(Spain). It is one of the largest granitic ranges of Europe and holds numerous<br \/>\npeaks, rocky cliffs, streams and meadows.  <\/p>\n<p>Text in english and spanish<\/p>\n<p>Para los creadores de esta publicaci\u00f3n, escribir la gu\u00eda ha sido como un sue\u00f1o<br \/>\nhecho realidad. La Pedriza es una de las zonas con m\u00e1s bloques de Espa\u00f1a y<br \/>\nprueba de ello son sus 38 sectores, donde hay mucha diversidad para elegir:<br \/>\nnada menos que 1864 bloques expuestos. Con un granito excepcional y muy<br \/>\nadherente, en placas, muros, proas y desplomes, incluso fisuras perfectas.<\/p>\n<p>Talo y Roser han desarrollado un excelente trabajo de campo que les ha llevado<br \/>\na\u00f1os recopilando y almacenando informaci\u00f3n, actualizando nuevas aperturas y<br \/>\nrealizando correcciones. Esta cuidada gu\u00eda adem\u00e1s de tener un formato muy<br \/>\nc\u00f3modo y una nomenclatura muy intuitiva, destaca por sus originales gr\u00e1ficos y<br \/>\nsu car\u00e1cter internacional al ofrecer toda su informaci\u00f3n tambi\u00e9n en ingl\u00e9s.<\/p>","protected":false},"excerpt":{"rendered":"<ul>\n<li><a href=\"https:\/\/vimeo.com\/54662180#\" target=\"_blank\" rel=\"noopener\">Video: Pedriza Bouldering<\/a><\/li>\n<\/ul>","protected":false},"featured_media":26021,"template":"","meta":[],"product_brand":[],"product_cat":[21539],"product_tag":[],"class_list":{"0":"post-146344","1":"product","2":"type-product","3":"status-publish","4":"has-post-thumbnail","6":"product_cat-fuehrerliteratur-sportklettern-bouldern","7":"pa_autor-giralt-martin","8":"pa_erscheinungsjahr-21621","9":"pa_region-spanien","10":"pa_sprache-es-en","12":"first","13":"instock","14":"taxable","15":"shipping-taxable","16":"purchasable","17":"product-type-simple"},"_links":{"self":[{"href":"https:\/\/pizbube.ch\/en\/wp-json\/wp\/v2\/product\/146344","targetHints":{"allow":["GET"]}}],"collection":[{"href":"https:\/\/pizbube.ch\/en\/wp-json\/wp\/v2\/product"}],"about":[{"href":"https:\/\/pizbube.ch\/en\/wp-json\/wp\/v2\/types\/product"}],"wp:featuredmedia":[{"embeddable":true,"href":"https:\/\/pizbube.ch\/en\/wp-json\/wp\/v2\/media\/26021"}],"wp:attachment":[{"href":"https:\/\/pizbube.ch\/en\/wp-json\/wp\/v2\/media?parent=146344"}],"wp:term":[{"taxonomy":"product_brand","embeddable":true,"href":"https:\/\/pizbube.ch\/en\/wp-json\/wp\/v2\/product_brand?post=146344"},{"taxonomy":"product_cat","embeddable":true,"href":"https:\/\/pizbube.ch\/en\/wp-json\/wp\/v2\/product_cat?post=146344"},{"taxonomy":"product_tag","embeddable":true,"href":"https:\/\/pizbube.ch\/en\/wp-json\/wp\/v2\/product_tag?post=146344"}],"curies":[{"name":"wp","href":"https:\/\/api.w.org\/{rel}","templated":true}]}}