{"id":146345,"date":"2021-01-15T10:53:35","date_gmt":"2021-01-15T10:53:35","guid":{"rendered":"https:\/\/codengine3.ch\/?product=import-placeholder-for-206826"},"modified":"2021-01-15T14:52:24","modified_gmt":"2021-01-15T14:52:24","slug":"guia-de-bloco-de-sintra-e-cascais","status":"publish","type":"product","link":"https:\/\/pizbube.ch\/en\/shop\/guia-de-bloco-de-sintra-e-cascais\/","title":{"rendered":"GUIA DE BLOCO DE SINTRA E CASCAIS"},"content":{"rendered":"<p>Inclui mais de 400 blocos, repartidos pelas principais \u00e1reas: Malveira,<br \/>\nPeninha, Capuchos, S. Pedro, Albarrasintra, Ba\u00eda do Mexilhoeiro e Praia do<br \/>\nCavalo.<br \/>\nCont\u00e9m 35 p\u00e1ginas, com fotografias a\u00e9reas de cada uma das zonas de bloco, 26<br \/>\ncroquis pormenorizados, informa\u00e7\u00e3o log\u00edstica, acesso aos sectores e um ranking<br \/>\nde qualidade dos blocos.<\/p>\n<p>Boulder topo of Sintra and Cascais in portugal; described are more than 400<br \/>\nboulders in the following areas:<br \/>\nMalveira, Peninha, Capuchos, S. Pedro, Albarrasintra, Ba\u00eda do Mexilhoeiro e<br \/>\nPraia do Cavalo. With access infos and further notes.<\/p>","protected":false},"excerpt":{"rendered":"<p>Inclui mais de 400 blocos, repartidos pelas principais \u00e1reas: Malveira, Peninha, Capuchos, S. Pedro, Albarrasintra, Ba\u00eda do Mexilhoeiro e Praia do Cavalo. Cont\u00e9m 35 p\u00e1ginas, com fotografias a\u00e9reas de cada uma das zonas de bloco, 26 croquis pormenorizados, informa\u00e7\u00e3o log\u00edstica, acesso aos sectores e um ranking de qualidade dos blocos. Boulder topo of Sintra and [&#8230;]\n","protected":false},"featured_media":36235,"template":"","meta":[],"product_brand":[],"product_cat":[21539],"product_tag":[],"class_list":{"0":"post-146345","1":"product","2":"type-product","3":"status-publish","4":"has-post-thumbnail","6":"product_cat-fuehrerliteratur-sportklettern-bouldern","7":"pa_erscheinungsjahr-21842","8":"pa_region-portugal","9":"pa_sprache-portug","11":"first","12":"instock","13":"taxable","14":"shipping-taxable","15":"purchasable","16":"product-type-simple"},"_links":{"self":[{"href":"https:\/\/pizbube.ch\/en\/wp-json\/wp\/v2\/product\/146345","targetHints":{"allow":["GET"]}}],"collection":[{"href":"https:\/\/pizbube.ch\/en\/wp-json\/wp\/v2\/product"}],"about":[{"href":"https:\/\/pizbube.ch\/en\/wp-json\/wp\/v2\/types\/product"}],"wp:featuredmedia":[{"embeddable":true,"href":"https:\/\/pizbube.ch\/en\/wp-json\/wp\/v2\/media\/36235"}],"wp:attachment":[{"href":"https:\/\/pizbube.ch\/en\/wp-json\/wp\/v2\/media?parent=146345"}],"wp:term":[{"taxonomy":"product_brand","embeddable":true,"href":"https:\/\/pizbube.ch\/en\/wp-json\/wp\/v2\/product_brand?post=146345"},{"taxonomy":"product_cat","embeddable":true,"href":"https:\/\/pizbube.ch\/en\/wp-json\/wp\/v2\/product_cat?post=146345"},{"taxonomy":"product_tag","embeddable":true,"href":"https:\/\/pizbube.ch\/en\/wp-json\/wp\/v2\/product_tag?post=146345"}],"curies":[{"name":"wp","href":"https:\/\/api.w.org\/{rel}","templated":true}]}}