{"id":146346,"date":"2021-01-15T10:53:35","date_gmt":"2021-01-15T10:53:35","guid":{"rendered":"https:\/\/codengine3.ch\/?product=import-placeholder-for-206360"},"modified":"2021-01-15T14:48:21","modified_gmt":"2021-01-15T14:48:21","slug":"savassona-guia-de-boulder-i-escalada","status":"publish","type":"product","link":"https:\/\/pizbube.ch\/en\/shop\/savassona-guia-de-boulder-i-escalada\/","title":{"rendered":"Savassona &#8211; Guia de boulder i escalada"},"content":{"rendered":"<p>Gu\u00eda de b\u00falder en Savassona, un paraje del interior de catalu\u00f1a, catalogado<br \/>\ncomo espacio protegido, de gran importancia hist\u00f3rica, natural y deportiva. Un<br \/>\nsector de &#8218;les Guilleries&#8216; muy conocido por escaladores y excursionistas.<br \/>\nIncluye gran cantidad de problemas, c\u00f3mo reconocerlos, mapas de las zonas,<br \/>\netc.  <\/p>\n<p>La guia fa un rep\u00e0s exhaustiu a tots els blocs escampats que es poden trobar a<br \/>\nla rodalia de Savassona i, mitjan\u00e7ant fi txes t\u00e8cniques i fotografi es molt<br \/>\ndetallades va indicant les principals vies, amb les difi cultats<br \/>\ncorresponents, perqu\u00e8 tothom qui ho desitgi es pugui iniciar o b\u00e9 aprofundir<br \/>\nen aquesta modalitat d\u2019escalada.  <\/p>","protected":false},"excerpt":{"rendered":"<p>Gu\u00eda de b\u00falder en Savassona, un paraje del interior de catalu\u00f1a, catalogado como espacio protegido, de gran importancia hist\u00f3rica, natural y deportiva. Un sector de &#8218;les Guilleries&#8216; muy conocido por escaladores y excursionistas. Incluye gran cantidad de problemas, c\u00f3mo reconocerlos, mapas de las zonas, etc. La guia fa un rep\u00e0s exhaustiu a tots els blocs [&#8230;]\n","protected":false},"featured_media":35370,"template":"","meta":[],"product_brand":[],"product_cat":[21539],"product_tag":[],"class_list":{"0":"post-146346","1":"product","2":"type-product","3":"status-publish","4":"has-post-thumbnail","6":"product_cat-fuehrerliteratur-sportklettern-bouldern","7":"pa_autor-crusats","8":"pa_erscheinungsjahr-21830","9":"pa_region-spanien","10":"pa_sprache-sp","12":"first","13":"outofstock","14":"taxable","15":"shipping-taxable","16":"purchasable","17":"product-type-simple"},"_links":{"self":[{"href":"https:\/\/pizbube.ch\/en\/wp-json\/wp\/v2\/product\/146346","targetHints":{"allow":["GET"]}}],"collection":[{"href":"https:\/\/pizbube.ch\/en\/wp-json\/wp\/v2\/product"}],"about":[{"href":"https:\/\/pizbube.ch\/en\/wp-json\/wp\/v2\/types\/product"}],"wp:featuredmedia":[{"embeddable":true,"href":"https:\/\/pizbube.ch\/en\/wp-json\/wp\/v2\/media\/35370"}],"wp:attachment":[{"href":"https:\/\/pizbube.ch\/en\/wp-json\/wp\/v2\/media?parent=146346"}],"wp:term":[{"taxonomy":"product_brand","embeddable":true,"href":"https:\/\/pizbube.ch\/en\/wp-json\/wp\/v2\/product_brand?post=146346"},{"taxonomy":"product_cat","embeddable":true,"href":"https:\/\/pizbube.ch\/en\/wp-json\/wp\/v2\/product_cat?post=146346"},{"taxonomy":"product_tag","embeddable":true,"href":"https:\/\/pizbube.ch\/en\/wp-json\/wp\/v2\/product_tag?post=146346"}],"curies":[{"name":"wp","href":"https:\/\/api.w.org\/{rel}","templated":true}]}}