{"id":146347,"date":"2021-01-15T10:53:36","date_gmt":"2021-01-15T10:53:36","guid":{"rendered":"https:\/\/codengine3.ch\/?product=import-placeholder-for-207042"},"modified":"2024-12-11T18:04:21","modified_gmt":"2024-12-11T17:04:21","slug":"boulder-albarracin","status":"publish","type":"product","link":"https:\/\/pizbube.ch\/en\/shop\/boulder-albarracin\/","title":{"rendered":"Boulder Albarracin"},"content":{"rendered":"<p>Boulderf\u00fchrer von Albarracin &#8211; mehr als 1600 Bl\u00f6cke sind beschrieben!<br \/>\nTopoguidebook for bouldering Albarracin &#8211; more than 1600 blocs!<\/p>\n<p>Albarrac\u00edn es, sin duda, la mejor escuela de b\u00falder del sur de Europa, por<br \/>\ncantidad, calidad y variedad de estilos. Miles de bloques de arenisca<br \/>\ncompacta, desplegados en un bosque excepcional, configuran el Paisaje Natural<br \/>\nProtegido de los Pinares de Rodeno.<\/p>\n<p>En ellos podr\u00e1s resolver todo tipo de problemas, y dar rienda suelta a tu<br \/>\nimaginaci\u00f3n para crear nuevas l\u00edneas. La \u00fanica condici\u00f3n es que respetes<br \/>\nescrupulosamente las normas del juego: adem\u00e1s de su riqueza medioambiental,<br \/>\nsus bloques abrigan una de las mejores muestras de arte rupestre levantino,<br \/>\npor lo tanto, respeta las restricciones para que todos podamos seguir<br \/>\ndisfrutando de este para\u00edso&#8230; y sus bloques.<\/p>\n<p>&#8211; M\u00e1s de 1.600 croquis<br \/>\n&#8211; Croquis sobre fotograf\u00edas<br \/>\n&#8211; Edici\u00f3n en cuatro idiomas (espa\u00f1ol-ingl\u00e9s-franc\u00e9s-alem\u00e1n)<br \/>\n&#8211; Bloques georeferenciados<\/p>","protected":false},"excerpt":{"rendered":"<p>Boulderf\u00fchrer von Albarracin &#8211; mehr als 1600 Bl\u00f6cke sind beschrieben! Topoguidebook for bouldering Albarracin &#8211; more than 1600 blocs! Albarrac\u00edn es, sin duda, la mejor escuela de b\u00falder del sur de Europa, por cantidad, calidad y variedad de estilos. Miles de bloques de arenisca compacta, desplegados en un bosque excepcional, configuran el Paisaje Natural Protegido [&#8230;]\n","protected":false},"featured_media":177674,"template":"","meta":[],"product_brand":[],"product_cat":[21539],"product_tag":[],"class_list":{"0":"post-146347","1":"product","2":"type-product","3":"status-publish","4":"has-post-thumbnail","6":"product_cat-fuehrerliteratur-sportklettern-bouldern","7":"pa_autor-norope","8":"pa_erscheinungsjahr-21621","9":"pa_region-spanien","10":"pa_sprache-d-e","11":"pa_sprache-sp-f","13":"first","14":"instock","15":"taxable","16":"shipping-taxable","17":"purchasable","18":"product-type-simple"},"_links":{"self":[{"href":"https:\/\/pizbube.ch\/en\/wp-json\/wp\/v2\/product\/146347","targetHints":{"allow":["GET"]}}],"collection":[{"href":"https:\/\/pizbube.ch\/en\/wp-json\/wp\/v2\/product"}],"about":[{"href":"https:\/\/pizbube.ch\/en\/wp-json\/wp\/v2\/types\/product"}],"wp:featuredmedia":[{"embeddable":true,"href":"https:\/\/pizbube.ch\/en\/wp-json\/wp\/v2\/media\/177674"}],"wp:attachment":[{"href":"https:\/\/pizbube.ch\/en\/wp-json\/wp\/v2\/media?parent=146347"}],"wp:term":[{"taxonomy":"product_brand","embeddable":true,"href":"https:\/\/pizbube.ch\/en\/wp-json\/wp\/v2\/product_brand?post=146347"},{"taxonomy":"product_cat","embeddable":true,"href":"https:\/\/pizbube.ch\/en\/wp-json\/wp\/v2\/product_cat?post=146347"},{"taxonomy":"product_tag","embeddable":true,"href":"https:\/\/pizbube.ch\/en\/wp-json\/wp\/v2\/product_tag?post=146347"}],"curies":[{"name":"wp","href":"https:\/\/api.w.org\/{rel}","templated":true}]}}