{"id":146349,"date":"2021-01-15T10:53:36","date_gmt":"2021-01-15T10:53:36","guid":{"rendered":"https:\/\/codengine3.ch\/?product=import-placeholder-for-205540"},"modified":"2021-01-15T14:42:04","modified_gmt":"2021-01-15T14:42:04","slug":"ebloc","status":"publish","type":"product","link":"https:\/\/pizbube.ch\/en\/shop\/ebloc\/","title":{"rendered":"EBLOC"},"content":{"rendered":"<p>12 Boulder Hot-Spots zwischen Pyren\u00e4en, Barcelona und der Gegend um Madrid.  <\/p>\n<p>12 boulder hot spots between the Pyrenees, Barcelone and the region around<br \/>\nMadrid.<br \/>\nBouldertopo Espa\u00f1a  <\/p>\n<p>Granit im franz\u00f6sischen Targasonne, Sandstein und Konglomerat in Katalonien,<br \/>\nebenfalls Sandstein der allererster G\u00fcte in Albarrac\u00edn und Granit im Gro\u00dfraum<br \/>\num Madrid.<br \/>\nIn Spanien warten einige Gebiete der Extraklasse auf den boulder- und<br \/>\nsonnenhungrigen Felsfreund.  <\/p>\n<p>Granite in the French area Targasonne, sandstone and conglomerate in Cataluna,<br \/>\nalso premier quality sandstone in Albarrac\u00edn and granite in the region around<br \/>\nMadrid.<br \/>\nIn Spain there are definitely waiting some world-class areas for the rock- and<br \/>\nsun-seeking climber.  <\/p>","protected":false},"excerpt":{"rendered":"<p>12 Boulder Hot-Spots zwischen Pyren\u00e4en, Barcelona und der Gegend um Madrid. 12 boulder hot spots between the Pyrenees, Barcelone and the region around Madrid. Bouldertopo Espa\u00f1a Granit im franz\u00f6sischen Targasonne, Sandstein und Konglomerat in Katalonien, ebenfalls Sandstein der allererster G\u00fcte in Albarrac\u00edn und Granit im Gro\u00dfraum um Madrid. In Spanien warten einige Gebiete der Extraklasse [&#8230;]\n","protected":false},"featured_media":34284,"template":"","meta":[],"product_brand":[],"product_cat":[21539],"product_tag":[],"class_list":{"0":"post-146349","1":"product","2":"type-product","3":"status-publish","4":"has-post-thumbnail","6":"product_cat-fuehrerliteratur-sportklettern-bouldern","7":"pa_autor-roeker","8":"pa_erscheinungsjahr-21591","9":"pa_region-spanien","10":"pa_sprache-d","11":"pa_sprache-e","13":"first","14":"outofstock","15":"taxable","16":"shipping-taxable","17":"purchasable","18":"product-type-simple"},"_links":{"self":[{"href":"https:\/\/pizbube.ch\/en\/wp-json\/wp\/v2\/product\/146349","targetHints":{"allow":["GET"]}}],"collection":[{"href":"https:\/\/pizbube.ch\/en\/wp-json\/wp\/v2\/product"}],"about":[{"href":"https:\/\/pizbube.ch\/en\/wp-json\/wp\/v2\/types\/product"}],"wp:featuredmedia":[{"embeddable":true,"href":"https:\/\/pizbube.ch\/en\/wp-json\/wp\/v2\/media\/34284"}],"wp:attachment":[{"href":"https:\/\/pizbube.ch\/en\/wp-json\/wp\/v2\/media?parent=146349"}],"wp:term":[{"taxonomy":"product_brand","embeddable":true,"href":"https:\/\/pizbube.ch\/en\/wp-json\/wp\/v2\/product_brand?post=146349"},{"taxonomy":"product_cat","embeddable":true,"href":"https:\/\/pizbube.ch\/en\/wp-json\/wp\/v2\/product_cat?post=146349"},{"taxonomy":"product_tag","embeddable":true,"href":"https:\/\/pizbube.ch\/en\/wp-json\/wp\/v2\/product_tag?post=146349"}],"curies":[{"name":"wp","href":"https:\/\/api.w.org\/{rel}","templated":true}]}}