{"id":146351,"date":"2021-01-15T10:53:36","date_gmt":"2021-01-15T10:53:36","guid":{"rendered":"https:\/\/codengine3.ch\/?product=import-placeholder-for-200700"},"modified":"2025-08-30T13:27:03","modified_gmt":"2025-08-30T11:27:03","slug":"pena-corneira-guia-de-boulder","status":"publish","type":"product","link":"https:\/\/pizbube.ch\/en\/shop\/pena-corneira-guia-de-boulder\/","title":{"rendered":"Pena Corneira &#8211; Gu\u00eda de Boulder"},"content":{"rendered":"<p>Despues de un duro trabajo de a\u00f1os recopilando informaci\u00f3n, plasm\u00e1ndola por<br \/>\nescrito y sobre todo abriendo, limpiando y escalando bloques, Cesar Alvarez,<br \/>\ncon la colaboraci\u00f3n de muchos escaladores, ha sacado a la luz la gu\u00eda de<br \/>\nboulder de Pena Corneira. Un gran trabajo en el que recoje cientos de<br \/>\nproblemas en este incre\u00edble entorno natural.<\/p>\n<p>Se ha cuidado hasta el \u00faltimo detalle buscando que sea un intrumento f\u00e1cil de<br \/>\nguiar por los bloques, y de identificarlos. Adem\u00e1s de una gu\u00eda con multitud de<br \/>\ninformaci\u00f3n, croquis y fotos a todo color, es un libro en el que poder anotar<br \/>\nuna valoraci\u00f3n propia, una propuesta personal del grado adem\u00e1s de la propuesta<br \/>\npor el autor, o si las has encadenado.<\/p>","protected":false},"excerpt":{"rendered":"<p>Despues de un duro trabajo de a\u00f1os recopilando informaci\u00f3n, plasm\u00e1ndola por escrito y sobre todo abriendo, limpiando y escalando bloques, Cesar Alvarez, con la colaboraci\u00f3n de muchos escaladores, ha sacado a la luz la gu\u00eda de boulder de Pena Corneira. Un gran trabajo en el que recoje cientos de problemas en este incre\u00edble entorno natural. [&#8230;]\n","protected":false},"featured_media":27666,"template":"","meta":[],"product_brand":[],"product_cat":[21539],"product_tag":[],"class_list":{"0":"post-146351","1":"product","2":"type-product","3":"status-publish","4":"has-post-thumbnail","6":"product_cat-fuehrerliteratur-sportklettern-bouldern","7":"pa_autor-alvarez","8":"pa_erscheinungsjahr-21568","9":"pa_region-spanien","10":"pa_sprache-es","12":"first","13":"outofstock","14":"taxable","15":"shipping-taxable","16":"purchasable","17":"product-type-simple"},"_links":{"self":[{"href":"https:\/\/pizbube.ch\/en\/wp-json\/wp\/v2\/product\/146351","targetHints":{"allow":["GET"]}}],"collection":[{"href":"https:\/\/pizbube.ch\/en\/wp-json\/wp\/v2\/product"}],"about":[{"href":"https:\/\/pizbube.ch\/en\/wp-json\/wp\/v2\/types\/product"}],"wp:featuredmedia":[{"embeddable":true,"href":"https:\/\/pizbube.ch\/en\/wp-json\/wp\/v2\/media\/27666"}],"wp:attachment":[{"href":"https:\/\/pizbube.ch\/en\/wp-json\/wp\/v2\/media?parent=146351"}],"wp:term":[{"taxonomy":"product_brand","embeddable":true,"href":"https:\/\/pizbube.ch\/en\/wp-json\/wp\/v2\/product_brand?post=146351"},{"taxonomy":"product_cat","embeddable":true,"href":"https:\/\/pizbube.ch\/en\/wp-json\/wp\/v2\/product_cat?post=146351"},{"taxonomy":"product_tag","embeddable":true,"href":"https:\/\/pizbube.ch\/en\/wp-json\/wp\/v2\/product_tag?post=146351"}],"curies":[{"name":"wp","href":"https:\/\/api.w.org\/{rel}","templated":true}]}}