{"id":146352,"date":"2021-01-15T10:53:36","date_gmt":"2021-01-15T10:53:36","guid":{"rendered":"https:\/\/codengine3.ch\/?product=import-placeholder-for-204598"},"modified":"2024-04-19T14:20:40","modified_gmt":"2024-04-19T12:20:40","slug":"galicien-die-schoensten-kuesten-und-bergwanderungen","status":"publish","type":"product","link":"https:\/\/pizbube.ch\/en\/shop\/galicien-die-schoensten-kuesten-und-bergwanderungen\/","title":{"rendered":"Galicien Die sch\u00f6nsten K\u00fcsten- und Bergwanderungen"},"content":{"rendered":"<p>51 Touren im gr\u00fcnen Nordwesten Spaniens<\/p>\n<p>Die ber\u00fchmtesten \u00bbWanderwege\u00ab der Welt durchziehen Galicien seit \u00fcber 1000<br \/>\nJahren: die Jakobswege zum Grab des Apostels in Santiago de Compostela. Dieser<br \/>\nRother Wanderf\u00fchrer l\u00e4dt in 51 ausgew\u00e4hlten Touren ein, die landschaftliche<br \/>\nVielfalt dieser au\u00dfergew\u00f6hnlichen Region jenseits davon kennenzulernen.<br \/>\nAuf Wanderungen f\u00fcr jeden Geschmack und Anspruch, von leichten Spazierg\u00e4ngen<br \/>\nbis zu anspruchsvollen Bergtouren lassen sich viele unbekannte Facetten<br \/>\nGaliciens erkunden: Herrliche K\u00fcstenlandschaften entlang der 1500 km langen<br \/>\nAtlantkik\u00fcste mit den R\u00edas Baixas im S\u00fcden, den R\u00edas Altas im Norden und der<br \/>\nwild-schroffen Costa da Morte dazwischen \u2013 mit oft kilometerlangen<br \/>\nNaturstr\u00e4nden, wie es sie am Mittelmeer kaum noch gibt.<\/p>\n<p>Wundersch\u00f6ne, naturbelassene Flussl\u00e4ufe und W\u00e4lder in abgelegenen Regionen.<br \/>\nDas Landesinnere wartet mit archaisch-b\u00e4uerlichen Gebieten auf und \u00fcberrascht<br \/>\nmit dem menschenleeren, fast schon alpin anmutenden Pe\u00f1a-Trevinca-Massiv ganz<br \/>\nim S\u00fcdosten mit Galiciens h\u00f6chstem Berg, der 2127 m hohen Pe\u00f1a Trevinca.<br \/>\nDurchkreuzt Regenwetter die Wanderpl\u00e4ne, so h\u00e4lt Galicien eine F\u00fclle an<br \/>\nM\u00f6glichkeiten f\u00fcr St\u00e4dte- und Kulturausfl\u00fcge und nicht zuletzt eine<br \/>\nreichhaltige Gastronomie als Alternativen bereit.<\/p>\n<p>Alle Tourenvorschl\u00e4ge in diesem Wanderf\u00fchrer verf\u00fcgen \u00fcber genaue<br \/>\nWegbeschreibungen, Kartenausschnitte mit eingezeichnetem Wegverlauf und<br \/>\naussagekr\u00e4ftige H\u00f6henprofile. GPS-Tracks stehen zum Download bereit. Zu vielen<br \/>\nTouren gibt es zudem Tipps zu Sehensw\u00fcrdigkeiten in der n\u00e4heren Umgebung, mit<br \/>\ndenen sich die Wanderausfl\u00fcge erweitern und abrunden lassen.<\/p>\n<p>2. Auflage 2018;<br \/>\n176 Seiten mit 114 Farbabbildungen<br \/>\n51 H\u00f6henprofile, 51 Wanderk\u00e4rtchen im Ma\u00dfstab 1:25.000 \/ 1:50.000 \/ 1:75.000,<br \/>\neine \u00dcbersichtskarte<\/p>","protected":false},"excerpt":{"rendered":"<p>51 Touren im gr\u00fcnen Nordwesten Spaniens Die ber\u00fchmtesten \u00bbWanderwege\u00ab der Welt durchziehen Galicien seit \u00fcber 1000 Jahren: die Jakobswege zum Grab des Apostels in Santiago de Compostela. Dieser Rother Wanderf\u00fchrer l\u00e4dt in 51 ausgew\u00e4hlten Touren ein, die landschaftliche Vielfalt dieser au\u00dfergew\u00f6hnlichen Region jenseits davon kennenzulernen. Auf Wanderungen f\u00fcr jeden Geschmack und Anspruch, von leichten Spazierg\u00e4ngen [&#8230;]\n","protected":false},"featured_media":172619,"template":"","meta":[],"product_brand":[],"product_cat":[21605],"product_tag":[26886],"class_list":{"0":"post-146352","1":"product","2":"type-product","3":"status-publish","4":"has-post-thumbnail","6":"product_cat-wanderfuehrer-trekking","7":"product_tag-galizien","8":"pa_autor-rabe","9":"pa_erscheinungsjahr-21546","10":"pa_region-spanien","11":"pa_sprache-de","13":"first","14":"instock","15":"taxable","16":"shipping-taxable","17":"purchasable","18":"product-type-simple"},"_links":{"self":[{"href":"https:\/\/pizbube.ch\/en\/wp-json\/wp\/v2\/product\/146352","targetHints":{"allow":["GET"]}}],"collection":[{"href":"https:\/\/pizbube.ch\/en\/wp-json\/wp\/v2\/product"}],"about":[{"href":"https:\/\/pizbube.ch\/en\/wp-json\/wp\/v2\/types\/product"}],"wp:featuredmedia":[{"embeddable":true,"href":"https:\/\/pizbube.ch\/en\/wp-json\/wp\/v2\/media\/172619"}],"wp:attachment":[{"href":"https:\/\/pizbube.ch\/en\/wp-json\/wp\/v2\/media?parent=146352"}],"wp:term":[{"taxonomy":"product_brand","embeddable":true,"href":"https:\/\/pizbube.ch\/en\/wp-json\/wp\/v2\/product_brand?post=146352"},{"taxonomy":"product_cat","embeddable":true,"href":"https:\/\/pizbube.ch\/en\/wp-json\/wp\/v2\/product_cat?post=146352"},{"taxonomy":"product_tag","embeddable":true,"href":"https:\/\/pizbube.ch\/en\/wp-json\/wp\/v2\/product_tag?post=146352"}],"curies":[{"name":"wp","href":"https:\/\/api.w.org\/{rel}","templated":true}]}}