{"id":146357,"date":"2021-01-15T10:53:36","date_gmt":"2021-01-15T10:53:36","guid":{"rendered":"https:\/\/codengine3.ch\/?product=import-placeholder-for-200042"},"modified":"2021-01-15T10:53:42","modified_gmt":"2021-01-15T10:53:42","slug":"dreamland-alps-utopische-projektionen-und-projekte-in-den-alpen","status":"publish","type":"product","link":"https:\/\/pizbube.ch\/en\/shop\/dreamland-alps-utopische-projektionen-und-projekte-in-den-alpen\/","title":{"rendered":"Dreamland Alps &#8211; Utopische Projektionen und Projekte in den Alpen"},"content":{"rendered":"<p>Ausstellungskatalog<\/p>\n<p>Seit der \u201eEntdeckung der Alpen\u201c im 18. Jahrhundert und ihrer bis heute<br \/>\nandauernden \u201eEroberung\u201c durch eine st\u00e4dtische Zivilisation, ver\u00e4nderte sich<br \/>\ndas Verh\u00e4ltnis zwischen Mensch und Natur grundlegend. Der anf\u00e4ngliche Respekt<br \/>\nund die Bewunderung der Erhabenheit der Bergwelt (dem \u201eSublimen\u201c) wich<br \/>\nzusehends einer hemmungslosen Ausnutzung durch den alpinen Massentourismus,<br \/>\nals auch durch die grenzenlose Vermarktung ihres Abbilds, etwa in Form von<br \/>\nPanoramen und Erlebniswelten auf Weltausstellungen und Vergn\u00fcgungsparks, wie<br \/>\nz.B. Dreamland auf Coney Island.  <\/p>\n<p>Die Architektur ist Spiegel dieser wechselhaften Beziehung. \u201eDreamland Alps\u201c<br \/>\nstellt exemplarisch 22 Projekte aus den vergangenen 100 Jahren vor, als<br \/>\nkonkrete Beispiele f\u00fcr das Entwerfen in den Alpen. Der Reigen utopischer und<br \/>\nvision\u00e4rer Projekte reicht von der Lebensreform-Kolonie auf dem Monte Verit\u00e0<br \/>\n(um 1900), den Entw\u00fcrfen f\u00fcr Hotels und Seilbahnstationen von Adolf Loos,<br \/>\nFranz Baumann, Gio Ponti, Charlotte Perriand und Jean Prouv\u00e9 bis zum Biwak-<br \/>\nProjekt von Ross Lovegrove (2009).<br \/>\nInnsbruck liegt im geografischen Zentrum der Standorte zwischen Semmering und<br \/>\nHaute-Savoie, Allg\u00e4u und Tessin. Von hier aus startet die Wanderausstellung,<br \/>\ndie in Kooperation zwischen der \u00c9cole Nationale Sup\u00e9rieure d\u2019Architecture ENSA<br \/>\nde Versailles und dem Archiv f\u00fcr Baukunst der Universit\u00e4t Innsbruck konzipiert<br \/>\nwurde.<br \/>\nWeitere Stationen sind in Italien (Kunst Meran), Frankreich und in der<br \/>\nSchweiz.<\/p>\n<p>Der Katalog erscheint anl\u00e4sslich der Ausstellung Dreamland Alps, die im Archiv<br \/>\nf\u00fcr Baukunst der Univserit\u00e4t Innsbruck vom 29. November 2013 bis 28. M\u00e4rz 2014<br \/>\nund anschliessend in Kunst Meran, S\u00fcdtirol\/Italien, Mai 2014 sowie in der<br \/>\nMaison d\u00b4Architecture in Chamb\u00e9ry, Frankreich, September 2014 gezeigt wird.<\/p>","protected":false},"excerpt":{"rendered":"<ul>\n<li><a href=\"https:\/\/pizbube.ch\/wp-content\/uploads\/attachments\/a_001\/047E47A4C878F0B87F1EB3694E41015C.pdf\" target=\"_blank\" rel=\"noopener\">PDF: Leseprobe Dreamland Alps<\/a><\/li>\n<\/ul>\n<ul>\n<li><b>INFO: Neuauflage geplant, Termin unbestimmt<b><\/li>\n<\/ul>","protected":false},"featured_media":25765,"template":"","meta":[],"product_brand":[],"product_cat":[21580],"product_tag":[],"class_list":{"0":"post-146357","1":"product","2":"type-product","3":"status-publish","4":"has-post-thumbnail","6":"product_cat-kunst-kultur","7":"pa_autor-stacher-hoelz","8":"pa_erscheinungsjahr-21568","9":"pa_region-oesterreich","10":"pa_sprache-de","12":"first","13":"outofstock","14":"taxable","15":"shipping-taxable","16":"purchasable","17":"product-type-simple"},"_links":{"self":[{"href":"https:\/\/pizbube.ch\/en\/wp-json\/wp\/v2\/product\/146357","targetHints":{"allow":["GET"]}}],"collection":[{"href":"https:\/\/pizbube.ch\/en\/wp-json\/wp\/v2\/product"}],"about":[{"href":"https:\/\/pizbube.ch\/en\/wp-json\/wp\/v2\/types\/product"}],"wp:featuredmedia":[{"embeddable":true,"href":"https:\/\/pizbube.ch\/en\/wp-json\/wp\/v2\/media\/25765"}],"wp:attachment":[{"href":"https:\/\/pizbube.ch\/en\/wp-json\/wp\/v2\/media?parent=146357"}],"wp:term":[{"taxonomy":"product_brand","embeddable":true,"href":"https:\/\/pizbube.ch\/en\/wp-json\/wp\/v2\/product_brand?post=146357"},{"taxonomy":"product_cat","embeddable":true,"href":"https:\/\/pizbube.ch\/en\/wp-json\/wp\/v2\/product_cat?post=146357"},{"taxonomy":"product_tag","embeddable":true,"href":"https:\/\/pizbube.ch\/en\/wp-json\/wp\/v2\/product_tag?post=146357"}],"curies":[{"name":"wp","href":"https:\/\/api.w.org\/{rel}","templated":true}]}}