{"id":146358,"date":"2021-01-15T10:53:36","date_gmt":"2021-01-15T10:53:36","guid":{"rendered":"https:\/\/codengine3.ch\/?product=import-placeholder-for-205158"},"modified":"2021-01-15T14:39:09","modified_gmt":"2021-01-15T14:39:09","slug":"arosa-die-moderne-in-den-bergen","status":"publish","type":"product","link":"https:\/\/pizbube.ch\/en\/shop\/arosa-die-moderne-in-den-bergen\/","title":{"rendered":"AROSA Die Moderne in den Bergen"},"content":{"rendered":"<p>Mit Beitr\u00e4gen von Friedrich Achleitner, J\u00fcrg Conzett, Luzia Davi, Marcel Just,<br \/>\nChristof K\u00fcbler, Matthias Noell, Pierre Viatte, Johannes Staehelin und Herbert<br \/>\nSchill  <\/p>\n<p>Nach dem Ersten Weltkrieg erlebte Arosa einen beispielhaften Aufschwung und<br \/>\nentwickelte sich vom Kurort zum weltoffenen Sommer- und Wintersportort. Dieser<br \/>\ngesellschaftliche und kulturelle Wandel spiegelte sich in zahlreichen Wohn-,<br \/>\nHotel- und Verkehrsbauten, in diversen Einrichtungen f\u00fcr den Sportbetrieb und<br \/>\nim Werbeauftritt des Verkehrsvereins wider. Das Buch stellt die erste<br \/>\numfangreiche Monografie zum Ph\u00e4nomen &#8218;Modernes Arosa&#8216; dar. In verschiedenen<br \/>\nAufs\u00e4tzen &#8211; gut dokumentiert und reich bebildert &#8211; werden sozial- und<br \/>\nkulturhistorische Themen wie Architektur und Verkehr, Werbung und<br \/>\nKommunikation, K\u00f6rperkultur und Sport behandelt und in das Umfeld und den<br \/>\nzeitgeschichtlichen Zusammenhang eingeordnet.<br \/>\n20 x 29,5 cm, broschiert; ca. 175 Seiten; zahlreiche Abbildungen<\/p>","protected":false},"excerpt":{"rendered":"<p>Mit Beitr\u00e4gen von Friedrich Achleitner, J\u00fcrg Conzett, Luzia Davi, Marcel Just, Christof K\u00fcbler, Matthias Noell, Pierre Viatte, Johannes Staehelin und Herbert Schill Nach dem Ersten Weltkrieg erlebte Arosa einen beispielhaften Aufschwung und entwickelte sich vom Kurort zum weltoffenen Sommer- und Wintersportort. Dieser gesellschaftliche und kulturelle Wandel spiegelte sich in zahlreichen Wohn-, Hotel- und Verkehrsbauten, in [&#8230;]\n","protected":false},"featured_media":33782,"template":"","meta":[],"product_brand":[],"product_cat":[21580],"product_tag":[],"class_list":{"0":"post-146358","1":"product","2":"type-product","3":"status-publish","4":"has-post-thumbnail","6":"product_cat-kunst-kultur","7":"pa_autor-just-kuebler-noell","8":"pa_erscheinungsjahr-21842","9":"pa_region-schweiz","10":"pa_sprache-de","12":"first","13":"outofstock","14":"taxable","15":"shipping-taxable","16":"purchasable","17":"product-type-simple"},"_links":{"self":[{"href":"https:\/\/pizbube.ch\/en\/wp-json\/wp\/v2\/product\/146358","targetHints":{"allow":["GET"]}}],"collection":[{"href":"https:\/\/pizbube.ch\/en\/wp-json\/wp\/v2\/product"}],"about":[{"href":"https:\/\/pizbube.ch\/en\/wp-json\/wp\/v2\/types\/product"}],"wp:featuredmedia":[{"embeddable":true,"href":"https:\/\/pizbube.ch\/en\/wp-json\/wp\/v2\/media\/33782"}],"wp:attachment":[{"href":"https:\/\/pizbube.ch\/en\/wp-json\/wp\/v2\/media?parent=146358"}],"wp:term":[{"taxonomy":"product_brand","embeddable":true,"href":"https:\/\/pizbube.ch\/en\/wp-json\/wp\/v2\/product_brand?post=146358"},{"taxonomy":"product_cat","embeddable":true,"href":"https:\/\/pizbube.ch\/en\/wp-json\/wp\/v2\/product_cat?post=146358"},{"taxonomy":"product_tag","embeddable":true,"href":"https:\/\/pizbube.ch\/en\/wp-json\/wp\/v2\/product_tag?post=146358"}],"curies":[{"name":"wp","href":"https:\/\/api.w.org\/{rel}","templated":true}]}}