{"id":146359,"date":"2021-01-15T10:53:36","date_gmt":"2021-01-15T10:53:36","guid":{"rendered":"https:\/\/codengine3.ch\/?product=import-placeholder-for-203631"},"modified":"2023-09-05T14:18:07","modified_gmt":"2023-09-05T12:18:07","slug":"neue-monte-rosa-huette-sac-ein-autarkes-bauwerk-im-hochalpinen-raum","status":"publish","type":"product","link":"https:\/\/pizbube.ch\/en\/shop\/neue-monte-rosa-huette-sac-ein-autarkes-bauwerk-im-hochalpinen-raum\/","title":{"rendered":"Neue Monte-Rosa-H\u00fctte SAC &#8211; Ein autarkes Bauwerk im hochalpinen Raum"},"content":{"rendered":"<p>Ein autarkes Bauwerk im hochalpinen Raum<\/p>\n<p>Im September 2009 wurde in der N\u00e4he von Zermatt auf 2883 Meter H\u00f6he die Neue<br \/>\nMonte Rosa-H\u00fctte er\u00f6ffnet. Diese innovative Architektur ist in der<br \/>\nZusammenarbeit von der ETH Z\u00fcrich, dem Schweizer Alpen-Club SAC sowie vielen<br \/>\nspezialisierten Fachleuten und Herstellern entstanden.<\/p>\n<p>Die Neue Monte Rosa- H\u00fctte ist das Ergebnis wegweisender Technologien in Entwurf, Berechnung und<br \/>\nFertigung von Geb\u00e4uden. Das Buch dokumentiert den Entstehungsprozess, die<br \/>\nPlanung und den Bau dieses Meilensteins der hochalpinen Architektur in<br \/>\nGespr\u00e4chen, thematischen Beitr\u00e4gen, Fotografien und Pl\u00e4nen.<\/p>\n<p>Vorworte von Ralph Eichler, Meinrad K. Eberle, Reto Jenatsch, Franz Steinegger<br \/>\nBeitr\u00e4ge von Paul Kn\u00fcsel, Marie-Anne Lerjen, \u00c1kos Morav\u00e1nszky, Adolph Stiller<br \/>\nGespr\u00e4ch mit \u00c1kos Morav\u00e1nszky, Andrea Deplazes, David Gugerli<br \/>\nAusf\u00fchrliche Projektdokumentation mit Beitr\u00e4gen der beteiligten Experten<br \/>\nFotografien von Tonatiuh Ambrosetti<\/p>\n<p>Hardcover mit Schutzumschlag, 224 Seiten, 241 Abb.<\/p>","protected":false},"excerpt":{"rendered":"<p>Ein autarkes Bauwerk im hochalpinen Raum Im September 2009 wurde in der N\u00e4he von Zermatt auf 2883 Meter H\u00f6he die Neue Monte Rosa-H\u00fctte er\u00f6ffnet. Diese innovative Architektur ist in der Zusammenarbeit von der ETH Z\u00fcrich, dem Schweizer Alpen-Club SAC sowie vielen spezialisierten Fachleuten und Herstellern entstanden. Die Neue Monte Rosa- H\u00fctte ist das Ergebnis wegweisender [&#8230;]\n","protected":false},"featured_media":158525,"template":"","meta":[],"product_brand":[],"product_cat":[21542],"product_tag":[],"class_list":{"0":"post-146359","1":"product","2":"type-product","3":"status-publish","4":"has-post-thumbnail","6":"product_cat-sachbuecher-dokumentationen","7":"pa_autor-eth-zuerich-hg-gta","8":"pa_erscheinungsjahr-21830","9":"pa_region-schweiz","10":"pa_sprache-de","12":"first","13":"outofstock","14":"taxable","15":"shipping-taxable","16":"purchasable","17":"product-type-simple"},"_links":{"self":[{"href":"https:\/\/pizbube.ch\/en\/wp-json\/wp\/v2\/product\/146359","targetHints":{"allow":["GET"]}}],"collection":[{"href":"https:\/\/pizbube.ch\/en\/wp-json\/wp\/v2\/product"}],"about":[{"href":"https:\/\/pizbube.ch\/en\/wp-json\/wp\/v2\/types\/product"}],"wp:featuredmedia":[{"embeddable":true,"href":"https:\/\/pizbube.ch\/en\/wp-json\/wp\/v2\/media\/158525"}],"wp:attachment":[{"href":"https:\/\/pizbube.ch\/en\/wp-json\/wp\/v2\/media?parent=146359"}],"wp:term":[{"taxonomy":"product_brand","embeddable":true,"href":"https:\/\/pizbube.ch\/en\/wp-json\/wp\/v2\/product_brand?post=146359"},{"taxonomy":"product_cat","embeddable":true,"href":"https:\/\/pizbube.ch\/en\/wp-json\/wp\/v2\/product_cat?post=146359"},{"taxonomy":"product_tag","embeddable":true,"href":"https:\/\/pizbube.ch\/en\/wp-json\/wp\/v2\/product_tag?post=146359"}],"curies":[{"name":"wp","href":"https:\/\/api.w.org\/{rel}","templated":true}]}}