{"id":146360,"date":"2021-01-15T10:53:36","date_gmt":"2021-01-15T10:53:36","guid":{"rendered":"https:\/\/codengine3.ch\/?product=import-placeholder-for-206017"},"modified":"2021-01-15T14:45:42","modified_gmt":"2021-01-15T14:45:42","slug":"val-thorens-40-ans-de-remontees-mecaniques-1969-2009","status":"publish","type":"product","link":"https:\/\/pizbube.ch\/en\/shop\/val-thorens-40-ans-de-remontees-mecaniques-1969-2009\/","title":{"rendered":"Val Thorens &#8211; 40 ans de remont\u00e9es m\u00e9caniques \/ 1969 &#8211; 2009"},"content":{"rendered":"<p>Un ouvrage unique en son genre qui raconte l&#8217;histoire de chaque t\u00e9l\u00e9ski,<br \/>\nt\u00e9l\u00e9si\u00e8ge, t\u00e9l\u00e9ph\u00e9rique et t\u00e9l\u00e9cabine qui ont transport\u00e9 les skieurs sur les<br \/>\npentes de Val Thorens depuis 40 ans.<br \/>\nPr\u00e9cis, technique, enrichi de souvenirs de ceux qui ont construit, conduit et<br \/>\nr\u00e9par\u00e9 ces machines, l&#8217;ouvrage de 144 pages retrace l&#8217;histoire d&#8217;un v\u00e9ritable<br \/>\n&#8218;patrimoine&#8216;.<\/p>","protected":false},"excerpt":{"rendered":"<p>Un ouvrage unique en son genre qui raconte l&#8217;histoire de chaque t\u00e9l\u00e9ski, t\u00e9l\u00e9si\u00e8ge, t\u00e9l\u00e9ph\u00e9rique et t\u00e9l\u00e9cabine qui ont transport\u00e9 les skieurs sur les pentes de Val Thorens depuis 40 ans. Pr\u00e9cis, technique, enrichi de souvenirs de ceux qui ont construit, conduit et r\u00e9par\u00e9 ces machines, l&#8217;ouvrage de 144 pages retrace l&#8217;histoire d&#8217;un v\u00e9ritable &#8218;patrimoine&#8216;.<\/p>","protected":false},"featured_media":34903,"template":"","meta":[],"product_brand":[],"product_cat":[21542],"product_tag":[],"class_list":{"0":"post-146360","1":"product","2":"type-product","3":"status-publish","4":"has-post-thumbnail","6":"product_cat-sachbuecher-dokumentationen","7":"pa_autor-inverse","8":"pa_erscheinungsjahr-21693","9":"pa_region-frankreich","10":"pa_sprache-fr","12":"first","13":"outofstock","14":"taxable","15":"shipping-taxable","16":"purchasable","17":"product-type-simple"},"_links":{"self":[{"href":"https:\/\/pizbube.ch\/en\/wp-json\/wp\/v2\/product\/146360","targetHints":{"allow":["GET"]}}],"collection":[{"href":"https:\/\/pizbube.ch\/en\/wp-json\/wp\/v2\/product"}],"about":[{"href":"https:\/\/pizbube.ch\/en\/wp-json\/wp\/v2\/types\/product"}],"wp:featuredmedia":[{"embeddable":true,"href":"https:\/\/pizbube.ch\/en\/wp-json\/wp\/v2\/media\/34903"}],"wp:attachment":[{"href":"https:\/\/pizbube.ch\/en\/wp-json\/wp\/v2\/media?parent=146360"}],"wp:term":[{"taxonomy":"product_brand","embeddable":true,"href":"https:\/\/pizbube.ch\/en\/wp-json\/wp\/v2\/product_brand?post=146360"},{"taxonomy":"product_cat","embeddable":true,"href":"https:\/\/pizbube.ch\/en\/wp-json\/wp\/v2\/product_cat?post=146360"},{"taxonomy":"product_tag","embeddable":true,"href":"https:\/\/pizbube.ch\/en\/wp-json\/wp\/v2\/product_tag?post=146360"}],"curies":[{"name":"wp","href":"https:\/\/api.w.org\/{rel}","templated":true}]}}