{"id":146362,"date":"2021-01-15T10:53:36","date_gmt":"2021-01-15T10:53:36","guid":{"rendered":"https:\/\/codengine3.ch\/?product=import-placeholder-for-206648"},"modified":"2021-01-15T14:50:30","modified_gmt":"2021-01-15T14:50:30","slug":"die-erfindung-der-alpinen-architektur-linvention-de-larchitecture-alpine","status":"publish","type":"product","link":"https:\/\/pizbube.ch\/en\/shop\/die-erfindung-der-alpinen-architektur-linvention-de-larchitecture-alpine\/","title":{"rendered":"Die Erfindung der alpinen Architektur &#8211; L&#8217;invention de l\u2019architecture alpine"},"content":{"rendered":"<p>Was ist alpine Architektur? Gibt es eine Architektur, die man als &#8218;alpin&#8216;<br \/>\ndefinieren kann? Die von Historikern, Ethnologen und Architekten verfassten<br \/>\nBeitr\u00e4ge untersuchen auf exemplarische, interdisziplin\u00e4re Weise die Phasen,<br \/>\nwelche die Baukultur im Alpenraum w\u00e4hrend seiner Geschichte pr\u00e4gten: von der<br \/>\ntraditionellen Architektur mit ihren Bez\u00fcgen zur Landwirtschaft \u00fcber die von<br \/>\nurbanen Vorstellungen beeinflusste folkloristische Architektur bis zur Moderne<br \/>\ndes 20. Jahrhunderts mit ihren alternativen Utopien und ihrem Stilpluralismus.  <\/p>\n<p>Qu\u2019est-ce que l\u2019architecture alpine? Existe-t-elle une architecture qui peut<br \/>\n\u00eatre d\u00e9finie &#8218;alpine&#8216;? \u00c0 travers un parcours interdisciplinaire impliquant des<br \/>\nhistoriens, des ethnologues et des architectes, les diverses contributions<br \/>\nexemplifient les changements qu\u2019a connue la culture du b\u00e2ti dans l\u2019espace<br \/>\nalpin au cours de son histoire: de l\u2019architecture vernaculaire et ses rapports<br \/>\navec l\u2019\u00e9conomie paysanne, \u00e0 l\u2019architecture folklorique relatant les influences<br \/>\ndes repr\u00e9sentations de la culture urbaine, jusqu\u2019\u00e0 la modernit\u00e9 alternative<br \/>\ndes utopies du XXe si\u00e8cle laissant \u00e9merger une pluralit\u00e9 de styles et<br \/>\nd\u2019approches.  <\/p>\n<p>Geschichte der Alpen \u2013 Histoire des Alpes \u2013 Storia delle Alpi. Band 16  <\/p>","protected":false},"excerpt":{"rendered":"<ul>\n<li><b>INFO: Vergriffen, keine Neuauflage <b><\/li>\n<\/ul>","protected":false},"featured_media":35748,"template":"","meta":[],"product_brand":[],"product_cat":[21580],"product_tag":[],"class_list":{"0":"post-146362","1":"product","2":"type-product","3":"status-publish","4":"has-post-thumbnail","6":"product_cat-kunst-kultur","7":"pa_autor-furter-head-koenig-lorenzetti-mathieu-hg","8":"pa_erscheinungsjahr-21610","9":"pa_region-schweiz","10":"pa_sprache-d","11":"pa_sprache-f","13":"first","14":"outofstock","15":"taxable","16":"shipping-taxable","17":"purchasable","18":"product-type-simple"},"_links":{"self":[{"href":"https:\/\/pizbube.ch\/en\/wp-json\/wp\/v2\/product\/146362","targetHints":{"allow":["GET"]}}],"collection":[{"href":"https:\/\/pizbube.ch\/en\/wp-json\/wp\/v2\/product"}],"about":[{"href":"https:\/\/pizbube.ch\/en\/wp-json\/wp\/v2\/types\/product"}],"wp:featuredmedia":[{"embeddable":true,"href":"https:\/\/pizbube.ch\/en\/wp-json\/wp\/v2\/media\/35748"}],"wp:attachment":[{"href":"https:\/\/pizbube.ch\/en\/wp-json\/wp\/v2\/media?parent=146362"}],"wp:term":[{"taxonomy":"product_brand","embeddable":true,"href":"https:\/\/pizbube.ch\/en\/wp-json\/wp\/v2\/product_brand?post=146362"},{"taxonomy":"product_cat","embeddable":true,"href":"https:\/\/pizbube.ch\/en\/wp-json\/wp\/v2\/product_cat?post=146362"},{"taxonomy":"product_tag","embeddable":true,"href":"https:\/\/pizbube.ch\/en\/wp-json\/wp\/v2\/product_tag?post=146362"}],"curies":[{"name":"wp","href":"https:\/\/api.w.org\/{rel}","templated":true}]}}