{"id":146363,"date":"2021-01-15T10:53:36","date_gmt":"2021-01-15T10:53:36","guid":{"rendered":"https:\/\/codengine3.ch\/?product=import-placeholder-for-200618"},"modified":"2021-01-15T10:59:17","modified_gmt":"2021-01-15T10:59:17","slug":"hans-leuzinger-1887-1971-pragmatisch-modern","status":"publish","type":"product","link":"https:\/\/pizbube.ch\/en\/shop\/hans-leuzinger-1887-1971-pragmatisch-modern\/","title":{"rendered":"Hans Leuzinger 1887- 1971 Pragmatisch modern"},"content":{"rendered":"<p>Ausstellungskatalog \u00fcber den Architekten der Planurah\u00fctte<\/p>\n<p>Hans Leuzinger hat durch seine Bauten die moderne Glarner<br \/>\nArchitekturlandschaft wesentlich mitgepr\u00e4gt. Aus seiner Hand stammen<br \/>\n\u00f6ffentliche Bauten, Wohnh\u00e4user und eine Reihe von Bergh\u00fctten wie Ortstockhaus,<br \/>\nPlanurah\u00fctte und Fridolinsh\u00fctte<\/p>\n<p>Ausgew\u00e4hlter und kommentierter Werkkatalog, vollst\u00e4ndiges Werkverzeichnis.<br \/>\nMit Beitr\u00e4gen von Annemarie Bucher, Christof K\u00fcbler, Kaspar Marti, Adolf Max<br \/>\nVogt und anderen<\/p>\n<p>Hans Leuzinger hat durch seine Bauten die moderne Glarner<br \/>\nArchitekturlandschaft wesentlich mitgepr\u00e4gt. Aus seiner Hand stammen<br \/>\n\u00f6ffentliche Bauten, Wohnh\u00e4user und eine Reihe von Bergh\u00fctten. Leuzinger geh\u00f6rt<br \/>\nauch zu den Mitbegr\u00fcndern des Glarner \u00abHeimatschutzb\u00fcchleins\u00bb, das<br \/>\nNaturlandschaft, Baudenkm\u00e4ler und Industrie-Ensembles als Teil der Heimat<br \/>\nw\u00fcrdigt.  <\/p>\n<p>1994. 2., \u00fcberarb. Aufl., 22.5 x 30 cm, Klappenbroschur, 164 Seiten, 254 Abb.<br \/>\nsw  <\/p>","protected":false},"excerpt":{"rendered":"<p>Ausstellungskatalog \u00fcber den Architekten der Planurah\u00fctte Hans Leuzinger hat durch seine Bauten die moderne Glarner Architekturlandschaft wesentlich mitgepr\u00e4gt. Aus seiner Hand stammen \u00f6ffentliche Bauten, Wohnh\u00e4user und eine Reihe von Bergh\u00fctten wie Ortstockhaus, Planurah\u00fctte und Fridolinsh\u00fctte Ausgew\u00e4hlter und kommentierter Werkkatalog, vollst\u00e4ndiges Werkverzeichnis. Mit Beitr\u00e4gen von Annemarie Bucher, Christof K\u00fcbler, Kaspar Marti, Adolf Max Vogt und anderen [&#8230;]\n","protected":false},"featured_media":27423,"template":"","meta":[],"product_brand":[],"product_cat":[21580],"product_tag":[],"class_list":{"0":"post-146363","1":"product","2":"type-product","3":"status-publish","4":"has-post-thumbnail","6":"product_cat-kunst-kultur","7":"pa_autor-diverse","8":"pa_erscheinungsjahr-22137","9":"pa_region-schweiz","10":"pa_sprache-de","12":"first","13":"outofstock","14":"taxable","15":"shipping-taxable","16":"purchasable","17":"product-type-simple"},"_links":{"self":[{"href":"https:\/\/pizbube.ch\/en\/wp-json\/wp\/v2\/product\/146363","targetHints":{"allow":["GET"]}}],"collection":[{"href":"https:\/\/pizbube.ch\/en\/wp-json\/wp\/v2\/product"}],"about":[{"href":"https:\/\/pizbube.ch\/en\/wp-json\/wp\/v2\/types\/product"}],"wp:featuredmedia":[{"embeddable":true,"href":"https:\/\/pizbube.ch\/en\/wp-json\/wp\/v2\/media\/27423"}],"wp:attachment":[{"href":"https:\/\/pizbube.ch\/en\/wp-json\/wp\/v2\/media?parent=146363"}],"wp:term":[{"taxonomy":"product_brand","embeddable":true,"href":"https:\/\/pizbube.ch\/en\/wp-json\/wp\/v2\/product_brand?post=146363"},{"taxonomy":"product_cat","embeddable":true,"href":"https:\/\/pizbube.ch\/en\/wp-json\/wp\/v2\/product_cat?post=146363"},{"taxonomy":"product_tag","embeddable":true,"href":"https:\/\/pizbube.ch\/en\/wp-json\/wp\/v2\/product_tag?post=146363"}],"curies":[{"name":"wp","href":"https:\/\/api.w.org\/{rel}","templated":true}]}}