{"id":146365,"date":"2021-01-15T10:53:36","date_gmt":"2021-01-15T10:53:36","guid":{"rendered":"https:\/\/codengine3.ch\/?product=import-placeholder-for-205708"},"modified":"2021-01-15T14:43:20","modified_gmt":"2021-01-15T14:43:20","slug":"himmelsleiter-und-felsentherme-architekturwandern-in-graubuenden","status":"publish","type":"product","link":"https:\/\/pizbube.ch\/en\/shop\/himmelsleiter-und-felsentherme-architekturwandern-in-graubuenden\/","title":{"rendered":"Himmelsleiter und Felsentherme &#8211; Architekturwandern in Graub\u00fcnden"},"content":{"rendered":"<p>Wandern einmal anders: Nicht in luftige Bergesh\u00f6hen geht die Reise, sondern<br \/>\nmitten hinein in die Zivilisation, in die D\u00f6rfer, Alpenst\u00e4dte und entlang der<br \/>\ngro\u00dfen Routen. Dorthin, wo gebaut wird, wo bemerkenswerte zeitgen\u00f6ssische<br \/>\nArchitektur entstanden ist und wo auch alte Baudenkm\u00e4ler stehen.  <\/p>\n<p>F\u00fcr solches Besichtigungswandern ist Graub\u00fcnden eine ideale Gegend, denn hier<br \/>\nsind in den letzten vierzig Jahren dank Gion A. Caminada, Peter Zumthor,<br \/>\nValerio Olgiati, J\u00fcrg Conzett und vielen anderen wegweisende Bauten<br \/>\nentstanden.  <\/p>\n<p>Zehn Jahre sind seit Erscheinen der 1. Auflage von Himmelsleiter und<br \/>\nFelsentherme vergangen, 10&#8217;000 Exemplare verkauft. Grund genug, die<br \/>\nErfolgsgeschichte des Architekturwanderns in Graub\u00fcnden fortzuschreiben: Texte<br \/>\nund Fotos wurden f\u00fcr die 4. Auflage vollst\u00e4ndig \u00fcberarbeitet, Routen wo immer<br \/>\nn\u00f6tig aktualisiert \u2013 und vor allem wurden \u00fcber 60 Bauten neu aufgenommen,<br \/>\ndarunter das B\u00fcndner Kunstmuseum in Chur, die Ateliers Peter Zumthor in<br \/>\nHaldenstein, die Fundaziun Not Vital in Ardez oder die Seilbahnstation Albigna<br \/>\nim Bergell.  <\/p>\n<p>Eine umfassende Darstellung der zeitgen\u00f6ssischen Architektur Graub\u00fcndens mit<br \/>\nPl\u00e4nen, Fotos von Ralph Feiner und Texten u.a. von K\u00f6bi Gantenbein, Marco<br \/>\nGuetg, Benedikt Loderer, Cordula Seger.  <\/p>\n<p>4. aktual. Auflg. 2020; 550 S.  <\/p>","protected":false},"excerpt":{"rendered":"<p>Wandern einmal anders: Nicht in luftige Bergesh\u00f6hen geht die Reise, sondern mitten hinein in die Zivilisation, in die D\u00f6rfer, Alpenst\u00e4dte und entlang der gro\u00dfen Routen. Dorthin, wo gebaut wird, wo bemerkenswerte zeitgen\u00f6ssische Architektur entstanden ist und wo auch alte Baudenkm\u00e4ler stehen. F\u00fcr solches Besichtigungswandern ist Graub\u00fcnden eine ideale Gegend, denn hier sind in den letzten [&#8230;]\n","protected":false},"featured_media":36945,"template":"","meta":[],"product_brand":[],"product_cat":[21605],"product_tag":[],"class_list":{"0":"post-146365","1":"product","2":"type-product","3":"status-publish","4":"has-post-thumbnail","6":"product_cat-wanderfuehrer-trekking","7":"pa_autor-gantenbein-guetg-feiner","8":"pa_erscheinungsjahr-21558","9":"pa_region-schweiz","10":"pa_sprache-de","12":"first","13":"instock","14":"taxable","15":"shipping-taxable","16":"purchasable","17":"product-type-simple"},"_links":{"self":[{"href":"https:\/\/pizbube.ch\/en\/wp-json\/wp\/v2\/product\/146365","targetHints":{"allow":["GET"]}}],"collection":[{"href":"https:\/\/pizbube.ch\/en\/wp-json\/wp\/v2\/product"}],"about":[{"href":"https:\/\/pizbube.ch\/en\/wp-json\/wp\/v2\/types\/product"}],"wp:featuredmedia":[{"embeddable":true,"href":"https:\/\/pizbube.ch\/en\/wp-json\/wp\/v2\/media\/36945"}],"wp:attachment":[{"href":"https:\/\/pizbube.ch\/en\/wp-json\/wp\/v2\/media?parent=146365"}],"wp:term":[{"taxonomy":"product_brand","embeddable":true,"href":"https:\/\/pizbube.ch\/en\/wp-json\/wp\/v2\/product_brand?post=146365"},{"taxonomy":"product_cat","embeddable":true,"href":"https:\/\/pizbube.ch\/en\/wp-json\/wp\/v2\/product_cat?post=146365"},{"taxonomy":"product_tag","embeddable":true,"href":"https:\/\/pizbube.ch\/en\/wp-json\/wp\/v2\/product_tag?post=146365"}],"curies":[{"name":"wp","href":"https:\/\/api.w.org\/{rel}","templated":true}]}}