{"id":146367,"date":"2021-01-15T10:53:36","date_gmt":"2021-01-15T10:53:36","guid":{"rendered":"https:\/\/codengine3.ch\/?product=import-placeholder-for-200268"},"modified":"2024-10-16T11:36:19","modified_gmt":"2024-10-16T09:36:19","slug":"cul-zuffel-e-laura-dado-gion-a-caminada","status":"publish","type":"product","link":"https:\/\/pizbube.ch\/en\/shop\/cul-zuffel-e-laura-dado-gion-a-caminada\/","title":{"rendered":"Cul zuffel e l&#8217;aura dado &#8211; Gion A. Caminada"},"content":{"rendered":"<p>Von Gion A. Caminada ist in der B\u00fcndnerischen Surselva ein architekto\u00adnisches<br \/>\nWerk von Alpiner Architektur entstanden, das wie kein anderes unmittelbar in<br \/>\nden \u00f6konomischen, geografischen und bautechnischen Pr\u00e4missen eines Ortes und<br \/>\nden Lebensgewohnheiten seiner Bev\u00f6lkerung bedingt ist.<br \/>\nDie neue Buchausgabe umfasst die Texte und die Projektsammlung des Bandes \u00abCul<br \/>\nzuffel e l\u2019aura dado\u00bb und ist erweitert um eine Auswahl der neueren Projekte<br \/>\nseit 2005.<\/p>\n<p>Herausgegeben von: Bettina Schlorhaufer<br \/>\nFotos: Lucia Degonda<\/p>\n<p>Textbeitr\u00e4ge: Gion A. Caminada, J\u00fcrg Conzett, Bettina Schlorhaufer, Peter<br \/>\nSchmid, Martin Tschanz, Peter Rieder, Walter Zschokke<\/p>\n<p>2.,erweiterte Auflage<br \/>\n296 Seiten, 22,5 x 29 cm<br \/>\nCa. 300 Abbildungen, ca. 200 Pl\u00e4ne<\/p>\n<p>In recent years Gion A. Caminada created an architectural work in the<br \/>\nconfederacy of Surselva that is singularly dependant on the economic,<br \/>\ngeographical and civil engineering prerequisites of the area and the<br \/>\ninhabitants\u2019 style of living. The publication presents Caminada\u2019s work to date<br \/>\nand has been produced in cooperation with Kunst Meran\/Merano Arte.<\/p>\n<p>2nd enlarged Edition 2018<\/p>","protected":false},"excerpt":{"rendered":"<p>Von Gion A. Caminada ist in der B\u00fcndnerischen Surselva ein architekto\u00adnisches Werk von Alpiner Architektur entstanden, das wie kein anderes unmittelbar in den \u00f6konomischen, geografischen und bautechnischen Pr\u00e4missen eines Ortes und den Lebensgewohnheiten seiner Bev\u00f6lkerung bedingt ist. Die neue Buchausgabe umfasst die Texte und die Projektsammlung des Bandes \u00abCul zuffel e l\u2019aura dado\u00bb und ist [&#8230;]\n","protected":false},"featured_media":176767,"template":"","meta":[],"product_brand":[],"product_cat":[21580],"product_tag":[],"class_list":{"0":"post-146367","1":"product","2":"type-product","3":"status-publish","4":"has-post-thumbnail","6":"product_cat-kunst-kultur","7":"pa_autor-schlorhaufer-degonda","8":"pa_erscheinungsjahr-21546","9":"pa_region-schweiz","10":"pa_sprache-de-en","12":"first","13":"instock","14":"taxable","15":"shipping-taxable","16":"purchasable","17":"product-type-simple"},"_links":{"self":[{"href":"https:\/\/pizbube.ch\/en\/wp-json\/wp\/v2\/product\/146367","targetHints":{"allow":["GET"]}}],"collection":[{"href":"https:\/\/pizbube.ch\/en\/wp-json\/wp\/v2\/product"}],"about":[{"href":"https:\/\/pizbube.ch\/en\/wp-json\/wp\/v2\/types\/product"}],"wp:featuredmedia":[{"embeddable":true,"href":"https:\/\/pizbube.ch\/en\/wp-json\/wp\/v2\/media\/176767"}],"wp:attachment":[{"href":"https:\/\/pizbube.ch\/en\/wp-json\/wp\/v2\/media?parent=146367"}],"wp:term":[{"taxonomy":"product_brand","embeddable":true,"href":"https:\/\/pizbube.ch\/en\/wp-json\/wp\/v2\/product_brand?post=146367"},{"taxonomy":"product_cat","embeddable":true,"href":"https:\/\/pizbube.ch\/en\/wp-json\/wp\/v2\/product_cat?post=146367"},{"taxonomy":"product_tag","embeddable":true,"href":"https:\/\/pizbube.ch\/en\/wp-json\/wp\/v2\/product_tag?post=146367"}],"curies":[{"name":"wp","href":"https:\/\/api.w.org\/{rel}","templated":true}]}}