{"id":146368,"date":"2021-01-15T10:53:36","date_gmt":"2021-01-15T10:53:36","guid":{"rendered":"https:\/\/codengine3.ch\/?product=import-placeholder-for-208019"},"modified":"2024-07-12T10:35:07","modified_gmt":"2024-07-12T08:35:07","slug":"huettenbau-im-hochgebirge","status":"publish","type":"product","link":"https:\/\/pizbube.ch\/en\/shop\/huettenbau-im-hochgebirge\/","title":{"rendered":"H\u00fcttenbau im Hochgebirge"},"content":{"rendered":"<p>Ein Abriss zur Geschichte der H\u00fcttenarchitektur in den Alpen<\/p>\n<p>Mit ausdrucksstarken Bildern erg\u00e4nzt, werden 190 H\u00fctten und 20 Biwak in Italien, Frankreich, der Schweiz, Deutschland, \u00d6sterreich und Slowenien beschrieben.<\/p>\n<p>Dieses Buch richtet sich nicht nur an Fachleute, sondern auch an alle Freunde der Berge.<br \/>\nMit ausdrucksstarken Bildern und Baupl\u00e4nen erg\u00e4nzt, beschreibt Luca Gibello 190 H\u00fctten und 20 Biwak in Italien, Frankreich, der Schweiz, Deutschland, \u00d6sterreich und Slowenien.<\/p>\n<p>144 Seiten, reich illustriert mit Pl\u00e4nen und Fotos<\/p>","protected":false},"excerpt":{"rendered":"<ul>\n<li><a href=\"https:\/\/youtu.be\/oMSY3YCYMY0\" target=\"_blank\" rel=\"noopener\">Video: Trailer H\u00fcttenbau (in ital. Sprache)<\/a><\/li>\n<\/ul>","protected":false},"featured_media":173916,"template":"","meta":[],"product_brand":[],"product_cat":[21542],"product_tag":[],"class_list":{"0":"post-146368","1":"product","2":"type-product","3":"status-publish","4":"has-post-thumbnail","6":"product_cat-sachbuecher-dokumentationen","7":"pa_autor-gibello","8":"pa_erscheinungsjahr-21550","9":"pa_region-schweiz","10":"pa_sprache-de","12":"first","13":"instock","14":"taxable","15":"shipping-taxable","16":"purchasable","17":"product-type-simple"},"_links":{"self":[{"href":"https:\/\/pizbube.ch\/en\/wp-json\/wp\/v2\/product\/146368","targetHints":{"allow":["GET"]}}],"collection":[{"href":"https:\/\/pizbube.ch\/en\/wp-json\/wp\/v2\/product"}],"about":[{"href":"https:\/\/pizbube.ch\/en\/wp-json\/wp\/v2\/types\/product"}],"wp:featuredmedia":[{"embeddable":true,"href":"https:\/\/pizbube.ch\/en\/wp-json\/wp\/v2\/media\/173916"}],"wp:attachment":[{"href":"https:\/\/pizbube.ch\/en\/wp-json\/wp\/v2\/media?parent=146368"}],"wp:term":[{"taxonomy":"product_brand","embeddable":true,"href":"https:\/\/pizbube.ch\/en\/wp-json\/wp\/v2\/product_brand?post=146368"},{"taxonomy":"product_cat","embeddable":true,"href":"https:\/\/pizbube.ch\/en\/wp-json\/wp\/v2\/product_cat?post=146368"},{"taxonomy":"product_tag","embeddable":true,"href":"https:\/\/pizbube.ch\/en\/wp-json\/wp\/v2\/product_tag?post=146368"}],"curies":[{"name":"wp","href":"https:\/\/api.w.org\/{rel}","templated":true}]}}