{"id":146369,"date":"2021-01-15T10:53:36","date_gmt":"2021-01-15T10:53:36","guid":{"rendered":"https:\/\/codengine3.ch\/?product=import-placeholder-for-208285"},"modified":"2021-01-15T17:52:16","modified_gmt":"2021-01-15T17:52:16","slug":"projekte-fuer-davos","status":"publish","type":"product","link":"https:\/\/pizbube.ch\/en\/shop\/projekte-fuer-davos\/","title":{"rendered":"Projekte f\u00fcr Davos"},"content":{"rendered":"<p>Luftschl\u00f6sser und vision\u00e4re Projekte f\u00fcr Davos  <\/p>\n<p>Diesen Fr\u00fchling befassten sich rund 60 Studierende am Departement Architektur<br \/>\nder ETH Z\u00fcrich mit der Zukunft der Landschaft Davos. Unter der Leitung von<br \/>\nProf. Andrea Deplazes und Oberassistent Andreas Kohne wurden in Zusammenarbeit<br \/>\nmit der Gemeinde Davos, den Bergbahnen und der Tourismusorganisation<br \/>\nFallstudien und Szenarien entwickelt. Dazu wurden im Vorfeld auf dem Berg und<br \/>\nim Tal bedeutende Standorte ausgew\u00e4hlt, die eine wichtige Rolle in der<br \/>\nWeiterentwicklung von Davos spielen werden.<\/p>\n<p>Davos als offiziell h\u00f6chste Stadt der Alpen ist bekannt durch den Tourismus<br \/>\nund zugleich gepr\u00e4gt von einem existenziellen Zwiespalt zwischen st\u00e4dtischer<br \/>\nund landschaftlicher Entwicklung. Davos Platz und Davos Dorf verf\u00fcgen \u00fcber<br \/>\nwichtige und beeindruckende touristische Infrastrukturen, lassen aber klare<br \/>\nst\u00e4dtebauliche und architektonische Schwerpunkte vermissen. \u00c4hnliches gilt<br \/>\nauch f\u00fcr die, durch Bergbahnen direkt aus der Ortschaft heraus erschlossenen,<br \/>\nBerg- und Landschaftssituationen.  <\/p>\n<p>Vor diesem Hintergrund wurden im Rahmen der Semesteraufgabe die sechs<br \/>\nStandorte untersucht und Projekte entwickelt: Im Gebiet Seehofseeli soll unter<br \/>\nBer\u00fccksichtigung des Verkehrs und der Topografie ein neues Zentrum f\u00fcr Davos<br \/>\nDorf entstehen. Ziel ist es den Dorfeingang f\u00fcr Besucher sichtbar zu machen<br \/>\nund einen \u00f6ffentlichen Treffpunkt zu schaffen.<\/p>\n<p>Bei den Arkaden an der Promenade soll neu ein grosser st\u00e4dtischer Platz f\u00fcr<br \/>\nDavos entstehen, eine Piazza, auf der im Sommer und im Winter tempor\u00e4re<br \/>\nVeranstaltungen durchgef\u00fchrt werden k\u00f6nnen und sich Davos versammeln kann. Am<br \/>\ntraditionsreichen Bolgen soll in der nat\u00fcrlichen Gel\u00e4ndekammer vor der<br \/>\nimposanten Naturkulisse eine Arena f\u00fcr Sport-Events geschaffen werden. Weiter<br \/>\noben auf dem Jakobshorn steht die in die Jahre gekommene Bergstation. Es gilt<br \/>\nnach grunds\u00e4tzlichen L\u00f6sungen zu suchen f\u00fcr die Zukunft dieses Geb\u00e4udes.<\/p>\n<p>Auf der anderen Talseite, auf dem Weissfluhjoch sollen, ausgehend von der<br \/>\nleerstehenden SLF- Forschungsstation, Nutzungsm\u00f6glichkeiten und grunds\u00e4tzliche<br \/>\nIdeen f\u00fcr diesen wichtigen Knotenpunkt gesucht werden. Auf dem h\u00f6chsten Punkt,<br \/>\ndem Weisshorn-Gipfel, der \u00fcber die Luftseilbahn erschlossen ist, sollen<br \/>\nProjektideen entwickelt werden, die sich die Einzigartigkeit dieses Ortes zu<br \/>\nNutze machen. Die Resultate in Form von Semesterarbeiten zeigen M\u00f6glichkeiten<br \/>\nund Chancen f\u00fcr Davos auf \u2013 Luftschl\u00f6sser und vision\u00e4re Projekte. Der<br \/>\nunabh\u00e4ngige Blick von aussen und die Projektans\u00e4tze der jungen Generation sind<br \/>\nAnregungen f\u00fcr die Weiterentwicklungen der Region und zeigen auf, wie neue<br \/>\nWege beschritten werden k\u00f6nnten.<\/p>","protected":false},"excerpt":{"rendered":"<p>Luftschl\u00f6sser und vision\u00e4re Projekte f\u00fcr Davos Diesen Fr\u00fchling befassten sich rund 60 Studierende am Departement Architektur der ETH Z\u00fcrich mit der Zukunft der Landschaft Davos. Unter der Leitung von Prof. Andrea Deplazes und Oberassistent Andreas Kohne wurden in Zusammenarbeit mit der Gemeinde Davos, den Bergbahnen und der Tourismusorganisation Fallstudien und Szenarien entwickelt. Dazu wurden im [&#8230;]\n","protected":false},"featured_media":133508,"template":"","meta":[],"product_brand":[],"product_cat":[21580],"product_tag":[],"class_list":{"0":"post-146369","1":"product","2":"type-product","3":"status-publish","4":"has-post-thumbnail","6":"product_cat-kunst-kultur","7":"pa_autor-deplazes-et-alt","8":"pa_erscheinungsjahr-21597","9":"pa_region-schweiz","10":"pa_sprache-de","12":"first","13":"outofstock","14":"taxable","15":"shipping-taxable","16":"purchasable","17":"product-type-simple"},"_links":{"self":[{"href":"https:\/\/pizbube.ch\/en\/wp-json\/wp\/v2\/product\/146369","targetHints":{"allow":["GET"]}}],"collection":[{"href":"https:\/\/pizbube.ch\/en\/wp-json\/wp\/v2\/product"}],"about":[{"href":"https:\/\/pizbube.ch\/en\/wp-json\/wp\/v2\/types\/product"}],"wp:featuredmedia":[{"embeddable":true,"href":"https:\/\/pizbube.ch\/en\/wp-json\/wp\/v2\/media\/133508"}],"wp:attachment":[{"href":"https:\/\/pizbube.ch\/en\/wp-json\/wp\/v2\/media?parent=146369"}],"wp:term":[{"taxonomy":"product_brand","embeddable":true,"href":"https:\/\/pizbube.ch\/en\/wp-json\/wp\/v2\/product_brand?post=146369"},{"taxonomy":"product_cat","embeddable":true,"href":"https:\/\/pizbube.ch\/en\/wp-json\/wp\/v2\/product_cat?post=146369"},{"taxonomy":"product_tag","embeddable":true,"href":"https:\/\/pizbube.ch\/en\/wp-json\/wp\/v2\/product_tag?post=146369"}],"curies":[{"name":"wp","href":"https:\/\/api.w.org\/{rel}","templated":true}]}}