{"id":146370,"date":"2021-01-15T10:53:36","date_gmt":"2021-01-15T10:53:36","guid":{"rendered":"https:\/\/codengine3.ch\/?product=import-placeholder-for-208567"},"modified":"2021-01-15T17:55:23","modified_gmt":"2021-01-15T17:55:23","slug":"alpenorte-alpineretreats","status":"publish","type":"product","link":"https:\/\/pizbube.ch\/en\/shop\/alpenorte-alpineretreats\/","title":{"rendered":"AlpenOrte &#8211; AlpineRetreats"},"content":{"rendered":"<p>\u00dcber Nacht in besonderer Architektur \/ Unique Hotel Architecture<\/p>\n<p>Ein Reisef\u00fchrer zu einzigartigen Orten und Unterk\u00fcnften in den Alpen<\/p>\n<p>Fasziniert von den Alpen verbringen die beiden Autoren einen Gro\u00dfteil ihrer<br \/>\nFreizeit in den Bergen. Bei der Suche nach immer wieder neuen und besonderen<br \/>\nOrten \u2013 sei es als Zwischenstopp oder auch um anzukommen und Ruhe zu finden \u2013<br \/>\nhaben sie inzwischen eine Vielzahl an Unterk\u00fcnften zusammengetragen. Von<br \/>\nH\u00e4usern, die seit Generationen im Familienbesitz sind und von den<br \/>\nunterschiedlichen Charakteren gepr\u00e4gt wurden \u00fcber modern sanierte Chalets bis<br \/>\nzur einsamen H\u00fctte reicht das Portfolio der vorgestellten Bauten.<\/p>\n<p>Der Umgebung gerecht werdende Materialien und nachhaltige Bauweisen<br \/>\nbeeinflussen die Auswahl der Projekte dabei ebenso wie das gelungene r\u00e4umliche<br \/>\nund atmosph\u00e4rische Konzept. Aber es geht nicht nur um die Architektur \u2013 die<br \/>\nAutoren erz\u00e4hlen gleicherma\u00dfen von den Geschichten der Betreiber \u00fcber<br \/>\nEntstehung oder Weiterf\u00fchrung des Hauses und von dem Leben und den Menschen in<br \/>\nden Alpen. Hintergrundinformationen sowohl zum Bauen als auch zum Reisen in<br \/>\nden Alpen, \u00dcbersichtskarten und ein Adressverzeichnis machen dieses Buch zu<br \/>\neinem au\u00dfergew\u00f6hnlichen Reisef\u00fchrer f\u00fcr alle Architekturinteressierten und<br \/>\nAlpenliebhaber.<\/p>\n<p>&#8211; Beispielhafte Architektur in und abseits der Touristenorte<br \/>\n&#8211; Essays zum Leben, Reisen und Bauen (inkl. Umbau\/Sanierung) in den Alpen<br \/>\n&#8211; \u00dcber die Anziehungskraft der Alpen, \u00bbFamiliengeschichten\u00ab und Traditionen<br \/>\nZweisprachig Deutsch\/Englisch<br \/>\n184 Seiten mit zahlreichen Abbildungen, Fotos und Pl\u00e4nen<\/p>","protected":false},"excerpt":{"rendered":"<p>\u00dcber Nacht in besonderer Architektur \/ Unique Hotel Architecture Ein Reisef\u00fchrer zu einzigartigen Orten und Unterk\u00fcnften in den Alpen Fasziniert von den Alpen verbringen die beiden Autoren einen Gro\u00dfteil ihrer Freizeit in den Bergen. Bei der Suche nach immer wieder neuen und besonderen Orten \u2013 sei es als Zwischenstopp oder auch um anzukommen und Ruhe [&#8230;]\n","protected":false},"featured_media":40582,"template":"","meta":[],"product_brand":[],"product_cat":[21580],"product_tag":[],"class_list":{"0":"post-146370","1":"product","2":"type-product","3":"status-publish","4":"has-post-thumbnail","6":"product_cat-kunst-kultur","7":"pa_autor-miller-baeuerle","8":"pa_erscheinungsjahr-21550","9":"pa_region-uebrigers-europa","10":"pa_sprache-de-en","12":"first","13":"instock","14":"taxable","15":"shipping-taxable","16":"purchasable","17":"product-type-simple"},"_links":{"self":[{"href":"https:\/\/pizbube.ch\/en\/wp-json\/wp\/v2\/product\/146370","targetHints":{"allow":["GET"]}}],"collection":[{"href":"https:\/\/pizbube.ch\/en\/wp-json\/wp\/v2\/product"}],"about":[{"href":"https:\/\/pizbube.ch\/en\/wp-json\/wp\/v2\/types\/product"}],"wp:featuredmedia":[{"embeddable":true,"href":"https:\/\/pizbube.ch\/en\/wp-json\/wp\/v2\/media\/40582"}],"wp:attachment":[{"href":"https:\/\/pizbube.ch\/en\/wp-json\/wp\/v2\/media?parent=146370"}],"wp:term":[{"taxonomy":"product_brand","embeddable":true,"href":"https:\/\/pizbube.ch\/en\/wp-json\/wp\/v2\/product_brand?post=146370"},{"taxonomy":"product_cat","embeddable":true,"href":"https:\/\/pizbube.ch\/en\/wp-json\/wp\/v2\/product_cat?post=146370"},{"taxonomy":"product_tag","embeddable":true,"href":"https:\/\/pizbube.ch\/en\/wp-json\/wp\/v2\/product_tag?post=146370"}],"curies":[{"name":"wp","href":"https:\/\/api.w.org\/{rel}","templated":true}]}}