{"id":146371,"date":"2021-01-15T10:53:36","date_gmt":"2021-01-15T10:53:36","guid":{"rendered":"https:\/\/codengine3.ch\/?product=import-placeholder-for-208697"},"modified":"2023-10-25T09:05:40","modified_gmt":"2023-10-25T07:05:40","slug":"messner-mountain-museum","status":"publish","type":"product","link":"https:\/\/pizbube.ch\/en\/shop\/messner-mountain-museum\/","title":{"rendered":"Messner Mountain Museum"},"content":{"rendered":"<p>Der kompakte Museumsf\u00fchrer durch Reinhold Messners Welt.<\/p>\n<p>Reinhold Messner, Abenteurer, Grenzg\u00e4nger und Ausnahme-Alpinist, hat ein<br \/>\nmuseales Gesamtkonzept geschaffen: Sechs Museen an herausragenden Pl\u00e4tzen in<br \/>\nS\u00fcdtirol und in den bellunesischen Dolomiten erz\u00e4hlen von der Begegnung von<br \/>\nMensch und Berg. Dieses Buch f\u00fchrt durch alle Standorte des Messner Mountain<br \/>\nMuseums: **Firmian** in Bozen-Sigmundskron, **Ortles** in Sulden, **Juval** in<br \/>\nNaturns, **Ripa** in Bruneck, **Corones** auf dem Kronplatz und **Dolomites**<br \/>\nam Monte Rite.<\/p>\n<p>Es beschreibt das jeweilige Grundthema, die Ausstellung, Messners pers\u00f6nliche<br \/>\nHighlights, die Landschaft und die au\u00dfergew\u00f6hnliche Architektur. Diese spannt<br \/>\neinen Bogen von mittelalterlichen Burgen \u00fcber eine Kriegsfestung bis hin zur<br \/>\nzeitgen\u00f6ssischen Architektur von Zaha Hadid.<\/p>","protected":false},"excerpt":{"rendered":"<p>Der kompakte Museumsf\u00fchrer durch Reinhold Messners Welt. Reinhold Messner, Abenteurer, Grenzg\u00e4nger und Ausnahme-Alpinist, hat ein museales Gesamtkonzept geschaffen: Sechs Museen an herausragenden Pl\u00e4tzen in S\u00fcdtirol und in den bellunesischen Dolomiten erz\u00e4hlen von der Begegnung von Mensch und Berg. Dieses Buch f\u00fchrt durch alle Standorte des Messner Mountain Museums: **Firmian** in Bozen-Sigmundskron, **Ortles** in Sulden, **Juval** [&#8230;]\n","protected":false},"featured_media":40999,"template":"","meta":[],"product_brand":[],"product_cat":[21542],"product_tag":[],"class_list":{"0":"post-146371","1":"product","2":"type-product","3":"status-publish","4":"has-post-thumbnail","6":"product_cat-sachbuecher-dokumentationen","7":"pa_autor-magdalena-messner","8":"pa_erscheinungsjahr-21546","9":"pa_region-italien","10":"pa_sprache-de","12":"first","13":"instock","14":"taxable","15":"shipping-taxable","16":"purchasable","17":"product-type-simple"},"_links":{"self":[{"href":"https:\/\/pizbube.ch\/en\/wp-json\/wp\/v2\/product\/146371","targetHints":{"allow":["GET"]}}],"collection":[{"href":"https:\/\/pizbube.ch\/en\/wp-json\/wp\/v2\/product"}],"about":[{"href":"https:\/\/pizbube.ch\/en\/wp-json\/wp\/v2\/types\/product"}],"wp:featuredmedia":[{"embeddable":true,"href":"https:\/\/pizbube.ch\/en\/wp-json\/wp\/v2\/media\/40999"}],"wp:attachment":[{"href":"https:\/\/pizbube.ch\/en\/wp-json\/wp\/v2\/media?parent=146371"}],"wp:term":[{"taxonomy":"product_brand","embeddable":true,"href":"https:\/\/pizbube.ch\/en\/wp-json\/wp\/v2\/product_brand?post=146371"},{"taxonomy":"product_cat","embeddable":true,"href":"https:\/\/pizbube.ch\/en\/wp-json\/wp\/v2\/product_cat?post=146371"},{"taxonomy":"product_tag","embeddable":true,"href":"https:\/\/pizbube.ch\/en\/wp-json\/wp\/v2\/product_tag?post=146371"}],"curies":[{"name":"wp","href":"https:\/\/api.w.org\/{rel}","templated":true}]}}