{"id":146373,"date":"2021-01-15T10:53:36","date_gmt":"2021-01-15T10:53:36","guid":{"rendered":"https:\/\/codengine3.ch\/?product=import-placeholder-for-200043"},"modified":"2023-09-05T14:22:20","modified_gmt":"2023-09-05T12:22:20","slug":"alexander-und-thomas-huber-zwei-brueder-eine-seilschaft","status":"publish","type":"product","link":"https:\/\/pizbube.ch\/en\/shop\/alexander-und-thomas-huber-zwei-brueder-eine-seilschaft\/","title":{"rendered":"Alexander und Thomas Huber &#8211; Zwei Br\u00fcder, eine Seilschaft"},"content":{"rendered":"<p>Vier H\u00e4nde, zwei Br\u00fcder, eine Seilschaft<\/p>\n<p>Sie kletterten zusammen im Himalaja und Karakorum, im Yosemite-Nationalpark<br \/>\nund in den Dolomiten, in Patagonien und der Antarktis \u2013 die sympathischen<br \/>\nBr\u00fcder Alexander Huber und Thomas Huber, auch als \u00bbHuberbuam\u00ab weltbekannt,<br \/>\ngeh\u00f6ren mit ihren extremen Routen seit mehr als 25 Jahren zu den Protagonisten<br \/>\nder vertikalen Revolution.<\/p>\n<p>Doch was die wenigsten wissen: Schon als Kinder waren sie nicht nur Komplizen<br \/>\nam Berg, sondern ebenso Rivalen. Feinsinnig lotet der Band aus, wie nahe sie<br \/>\nsich einerseits stehen: Denn sie sind sowohl Br\u00fcder als auch Freunde, Nachbarn<br \/>\nund eingespielte Trainingspartner. Und wie dennoch der Erfolg des einen den<br \/>\nEhrgeiz des anderen immer wieder herausfordert.<\/p>\n<p>Ein fesselnder Bericht \u00fcber zwei au\u00dfergew\u00f6hnliche Kletterer, ihre<br \/>\neindrucksvollsten Begehungen und gemeinsamen H\u00f6hen und Tiefen.<\/p>\n<p>Taschenbuch, 272 Seiten<\/p>","protected":false},"excerpt":{"rendered":"<p>Vier H\u00e4nde, zwei Br\u00fcder, eine Seilschaft Sie kletterten zusammen im Himalaja und Karakorum, im Yosemite-Nationalpark und in den Dolomiten, in Patagonien und der Antarktis \u2013 die sympathischen Br\u00fcder Alexander Huber und Thomas Huber, auch als \u00bbHuberbuam\u00ab weltbekannt, geh\u00f6ren mit ihren extremen Routen seit mehr als 25 Jahren zu den Protagonisten der vertikalen Revolution. Doch was [&#8230;]\n","protected":false},"featured_media":169394,"template":"","meta":[],"product_brand":[],"product_cat":[21542],"product_tag":[],"class_list":{"0":"post-146373","1":"product","2":"type-product","3":"status-publish","4":"has-post-thumbnail","6":"product_cat-sachbuecher-dokumentationen","7":"pa_autor-carrel","8":"pa_erscheinungsjahr-21586","9":"pa_region-deutschland","10":"pa_sprache-de","12":"first","13":"instock","14":"taxable","15":"shipping-taxable","16":"purchasable","17":"product-type-simple"},"_links":{"self":[{"href":"https:\/\/pizbube.ch\/en\/wp-json\/wp\/v2\/product\/146373","targetHints":{"allow":["GET"]}}],"collection":[{"href":"https:\/\/pizbube.ch\/en\/wp-json\/wp\/v2\/product"}],"about":[{"href":"https:\/\/pizbube.ch\/en\/wp-json\/wp\/v2\/types\/product"}],"wp:featuredmedia":[{"embeddable":true,"href":"https:\/\/pizbube.ch\/en\/wp-json\/wp\/v2\/media\/169394"}],"wp:attachment":[{"href":"https:\/\/pizbube.ch\/en\/wp-json\/wp\/v2\/media?parent=146373"}],"wp:term":[{"taxonomy":"product_brand","embeddable":true,"href":"https:\/\/pizbube.ch\/en\/wp-json\/wp\/v2\/product_brand?post=146373"},{"taxonomy":"product_cat","embeddable":true,"href":"https:\/\/pizbube.ch\/en\/wp-json\/wp\/v2\/product_cat?post=146373"},{"taxonomy":"product_tag","embeddable":true,"href":"https:\/\/pizbube.ch\/en\/wp-json\/wp\/v2\/product_tag?post=146373"}],"curies":[{"name":"wp","href":"https:\/\/api.w.org\/{rel}","templated":true}]}}